{"id":1255,"date":"2018-10-03T17:04:58","date_gmt":"2018-10-03T15:04:58","guid":{"rendered":"https:\/\/sppq.qc.ca\/la-fondation\/"},"modified":"2018-10-29T15:23:54","modified_gmt":"2018-10-29T14:23:54","slug":"the-foundation","status":"publish","type":"page","link":"https:\/\/sppq.qc.ca\/en\/the-foundation\/","title":{"rendered":"The Foundation"},"content":{"rendered":"<div class=\"fusion-fullwidth fullwidth-box fusion-builder-row-1 nonhundred-percent-fullwidth non-hundred-percent-height-scrolling fusion-equal-height-columns\" style=\"--awb-border-radius-top-left:0px;--awb-border-radius-top-right:0px;--awb-border-radius-bottom-right:0px;--awb-border-radius-bottom-left:0px;--awb-padding-top:0px;--awb-padding-right:0px;--awb-padding-bottom:0px;--awb-padding-left:0px;--awb-flex-wrap:wrap;\" ><div class=\"fusion-builder-row fusion-row\"><div class=\"fusion-layout-column fusion_builder_column fusion-builder-column-0 fusion_builder_column_1_1 1_1 fusion-one-full fusion-column-first fusion-column-last\" style=\"--awb-padding-top:100px;--awb-padding-right:6%;--awb-padding-bottom:100px;--awb-padding-left:6%;--awb-bg-size:cover;\"><div class=\"fusion-column-wrapper fusion-flex-column-wrapper-legacy\"><div class=\"fusion-text fusion-text-1\"><h2>QSPP endowment funds<\/h2>\n<\/div><div class=\"fusion-sep-clear\"><\/div><div class=\"fusion-separator fusion-full-width-sep\" style=\"margin-left: auto;margin-right: auto;margin-top:7px;width:100%;\"><\/div><div class=\"fusion-sep-clear\"><\/div><div class=\"fusion-text fusion-text-2\"><h3>Creation of the &#8220;Quebec Society for the Protection of Plants Foundation&#8221;<\/h3>\n<p>To celebrate its centenary, the Quebec Society for the Protection of Plants (QSPP) created the Quebec Society for the Protection of Plants Foundation. This Foundation was established to generate annual revenues for the QSPP and to assist the Society in achieving its objectives of creating student scholarships and investing in future generations within the QSPP. \u00a0Donations invested in the QSPP Foundation will generate an additional 8% annual income on top of the initial investment (average of the last 10 years). Therefore, a $1,000 donation to the Foundation will have potentially generated an additional $1,000 income after 12 years.<\/p>\n<p>The Foundation created is entitled \u201cFonds de dotation de la Soci\u00e9t\u00e9 de protection des plantes du Qu\u00e9bec\u201d (Quebec Society for the Protection of Plants endowment fund) and is administered by the FCGQ (Fondation communautaire du Grand Qu\u00e9bec) that manages hundreds of other Funds such as the United Way Fund (view the complete list at:\u00a0http:\/\/www.fcommunautaire.com. The FCGQ is a non-profit organization whose mission is to guide and help organizations like ours create their own foundations and ensure that they are maintained over time. Donations collected by the QSPP are irreversibly transferred to the FCGQ who manages and grows the fund over time. Revenues are transferred to the QSPP as soon as the value of the Foundation reaches $5,000. The QSPP has 5 years to reach this goal.<\/p>\n<p>To manage the Foundation of the Quebec Society for the Protection of Plants, the Society created a committee who is responsible for: 1) promoting the Foundation; 2) soliciting donations (through fundraising activities); 3) ensuring that the Foundation\u2019s income is used in compliance with the QSPP Foundation\u2019s objectives. The committee is also allowed to receive proposals for projects or activities that could be funded by the Foundation\u2019s income. In those cases, proposals must be selected that meet the Foundation\u2019s objectives and must be submitted for approval to the QSPP\u2019s Board.<\/p>\n<p>The objectives of the Quebec Society for the Protection of Plants Foundation are:<\/p>\n<p>1. Disseminate scientific knowledge concerning plant protection;<\/p>\n<p>2. Promote networking between people interested in plant protection;<\/p>\n<p>3. Encourage young scientists who are interested in plant protection;<\/p>\n<p>4. Promote multidisciplinary research in plant protection.<\/p>\n<p>Note: Upon request, for donations greater than $5,000, the QSPP Foundation can create a special fund whose income may be used to pay for an activity of the donor\u2019s choice, provided that it respects the objectives of the QSPP Foundation. For example, a scientist could ask for a special fund to be created that would allow\u00a0 graduate students to participate in the QSPP annual meeting.<\/p>\n<h3>How to contribute:<\/h3>\n<p>\u2022 When renewing your QSPP membership, add an additional amount in the donation box and it will be added to your payment;<\/p>\n<p>\u2022 Others:<\/p>\n<p>Immediate donation: life Insurance (resale value), real estate and other in-kind donations, stocks and shares (listed shares and other securities)<br \/>\nDeferred donation: legacies or trusts, life insurance (death benefit).<br \/>\n\u2022 Print and complete a copy of the donation form using the hyperlink below, and send it to the following address:<\/p>\n<p style=\"text-align: center;\">QSPP a\/s Pierre-Antoine Th\u00e9riault<br \/>\nMAPAQ Direction de l&#8217;agroenvironnement et du d\u00e9veloppement durable<br \/>\n200, chemin Ste-Foy<br \/>\nQu\u00e9bec (Qu\u00e9bec) G1R 4X6<\/p>\n<p>QSPP Foundation Donation form<\/p>\n<p style=\"text-align: center;\"><strong>For members wishing to rebuild their donation through an online payment by credit card,\u00a0click the &#8220;Donate&#8221; button in the top right corner of the website.<\/strong><\/p>\n<p>Notes: All can contribute to the Foundation, and no donation is too small or too big. A tax receipt will be issued for any amount at or above $ 10.<\/p>\n<h3>For information:<\/h3>\n<p>Contact one of the committee members of the Quebec Society for the Protection of Plants:<\/p>\n<p>Val\u00e9rie Gravel, chair of the committee ; <a href=\"mailto:valerie.gravel@mcgill.ca\">valerie.gravel@mcgill.ca<\/a><br \/>\nPhone: 514-398-8132<\/p>\n<p>Pierre-Antoine Th\u00e9riault ; <a href=\"mailto:tresorier@sppq.qc.ca\" target=\"_blank\" rel=\"noopener\">tresorier@sppq.qc.ca<\/a><br \/>\nPhone: 418-380-2150, poste 3178<\/p>\n<\/div><div class=\"fusion-clearfix\"><\/div><\/div><\/div><\/div><\/div>\n","protected":false},"excerpt":{"rendered":"","protected":false},"author":1,"featured_media":0,"parent":0,"menu_order":0,"comment_status":"closed","ping_status":"closed","template":"100-width.php","meta":{"_price":"","_stock":"","_tribe_ticket_header":"","_tribe_default_ticket_provider":"","_tribe_ticket_capacity":"0","_ticket_start_date":"","_ticket_end_date":"","_tribe_ticket_show_description":"","_tribe_ticket_show_not_going":false,"_tribe_ticket_use_global_stock":"","_tribe_ticket_global_stock_level":"","_global_stock_mode":"","_global_stock_cap":"","_tribe_rsvp_for_event":"","_tribe_ticket_going_count":"","_tribe_ticket_not_going_count":"","_tribe_tickets_list":"[]","_tribe_ticket_has_attendee_info_fields":false,"footnotes":""},"class_list":["post-1255","page","type-page","status-publish","hentry"],"yoast_head":"<!-- This site is optimized with the Yoast SEO plugin v27.2 - https:\/\/yoast.com\/product\/yoast-seo-wordpress\/ -->\n<title>The Foundation - SPPQ<\/title>\n<meta name=\"robots\" content=\"index, follow, max-snippet:-1, max-image-preview:large, max-video-preview:-1\" \/>\n<link rel=\"canonical\" href=\"https:\/\/sppq.qc.ca\/en\/the-foundation\/\" \/>\n<meta property=\"og:locale\" content=\"en_US\" \/>\n<meta property=\"og:type\" content=\"article\" \/>\n<meta property=\"og:title\" content=\"The Foundation - SPPQ\" \/>\n<meta property=\"og:url\" content=\"https:\/\/sppq.qc.ca\/en\/the-foundation\/\" \/>\n<meta property=\"og:site_name\" content=\"SPPQ\" \/>\n<meta property=\"article:modified_time\" content=\"2018-10-29T14:23:54+00:00\" \/>\n<meta name=\"twitter:card\" content=\"summary_large_image\" \/>\n<meta name=\"twitter:label1\" content=\"Est. reading time\" \/>\n\t<meta name=\"twitter:data1\" content=\"5 minutes\" \/>\n<script type=\"application\/ld+json\" class=\"yoast-schema-graph\">{\"@context\":\"https:\/\/schema.org\",\"@graph\":[{\"@type\":\"WebPage\",\"@id\":\"https:\/\/sppq.qc.ca\/en\/the-foundation\/\",\"url\":\"https:\/\/sppq.qc.ca\/en\/the-foundation\/\",\"name\":\"The Foundation - SPPQ\",\"isPartOf\":{\"@id\":\"https:\/\/sppq.qc.ca\/en\/#website\"},\"datePublished\":\"2018-10-03T15:04:58+00:00\",\"dateModified\":\"2018-10-29T14:23:54+00:00\",\"breadcrumb\":{\"@id\":\"https:\/\/sppq.qc.ca\/en\/the-foundation\/#breadcrumb\"},\"inLanguage\":\"en-US\",\"potentialAction\":[{\"@type\":\"ReadAction\",\"target\":[\"https:\/\/sppq.qc.ca\/en\/the-foundation\/\"]}]},{\"@type\":\"BreadcrumbList\",\"@id\":\"https:\/\/sppq.qc.ca\/en\/the-foundation\/#breadcrumb\",\"itemListElement\":[{\"@type\":\"ListItem\",\"position\":1,\"name\":\"Accueil\",\"item\":\"https:\/\/sppq.qc.ca\/en\/\"},{\"@type\":\"ListItem\",\"position\":2,\"name\":\"The Foundation\"}]},{\"@type\":\"WebSite\",\"@id\":\"https:\/\/sppq.qc.ca\/en\/#website\",\"url\":\"https:\/\/sppq.qc.ca\/en\/\",\"name\":\"SPPQ\",\"description\":\"\",\"potentialAction\":[{\"@type\":\"SearchAction\",\"target\":{\"@type\":\"EntryPoint\",\"urlTemplate\":\"https:\/\/sppq.qc.ca\/en\/?s={search_term_string}\"},\"query-input\":{\"@type\":\"PropertyValueSpecification\",\"valueRequired\":true,\"valueName\":\"search_term_string\"}}],\"inLanguage\":\"en-US\"}]}<\/script>\n<!-- \/ Yoast SEO plugin. -->","yoast_head_json":{"title":"The Foundation - SPPQ","robots":{"index":"index","follow":"follow","max-snippet":"max-snippet:-1","max-image-preview":"max-image-preview:large","max-video-preview":"max-video-preview:-1"},"canonical":"https:\/\/sppq.qc.ca\/en\/the-foundation\/","og_locale":"en_US","og_type":"article","og_title":"The Foundation - SPPQ","og_url":"https:\/\/sppq.qc.ca\/en\/the-foundation\/","og_site_name":"SPPQ","article_modified_time":"2018-10-29T14:23:54+00:00","twitter_card":"summary_large_image","twitter_misc":{"Est. reading time":"5 minutes"},"schema":{"@context":"https:\/\/schema.org","@graph":[{"@type":"WebPage","@id":"https:\/\/sppq.qc.ca\/en\/the-foundation\/","url":"https:\/\/sppq.qc.ca\/en\/the-foundation\/","name":"The Foundation - SPPQ","isPartOf":{"@id":"https:\/\/sppq.qc.ca\/en\/#website"},"datePublished":"2018-10-03T15:04:58+00:00","dateModified":"2018-10-29T14:23:54+00:00","breadcrumb":{"@id":"https:\/\/sppq.qc.ca\/en\/the-foundation\/#breadcrumb"},"inLanguage":"en-US","potentialAction":[{"@type":"ReadAction","target":["https:\/\/sppq.qc.ca\/en\/the-foundation\/"]}]},{"@type":"BreadcrumbList","@id":"https:\/\/sppq.qc.ca\/en\/the-foundation\/#breadcrumb","itemListElement":[{"@type":"ListItem","position":1,"name":"Accueil","item":"https:\/\/sppq.qc.ca\/en\/"},{"@type":"ListItem","position":2,"name":"The Foundation"}]},{"@type":"WebSite","@id":"https:\/\/sppq.qc.ca\/en\/#website","url":"https:\/\/sppq.qc.ca\/en\/","name":"SPPQ","description":"","potentialAction":[{"@type":"SearchAction","target":{"@type":"EntryPoint","urlTemplate":"https:\/\/sppq.qc.ca\/en\/?s={search_term_string}"},"query-input":{"@type":"PropertyValueSpecification","valueRequired":true,"valueName":"search_term_string"}}],"inLanguage":"en-US"}]}},"jetpack_sharing_enabled":true,"_links":{"self":[{"href":"https:\/\/sppq.qc.ca\/en\/wp-json\/wp\/v2\/pages\/1255","targetHints":{"allow":["GET"]}}],"collection":[{"href":"https:\/\/sppq.qc.ca\/en\/wp-json\/wp\/v2\/pages"}],"about":[{"href":"https:\/\/sppq.qc.ca\/en\/wp-json\/wp\/v2\/types\/page"}],"author":[{"embeddable":true,"href":"https:\/\/sppq.qc.ca\/en\/wp-json\/wp\/v2\/users\/1"}],"replies":[{"embeddable":true,"href":"https:\/\/sppq.qc.ca\/en\/wp-json\/wp\/v2\/comments?post=1255"}],"version-history":[{"count":4,"href":"https:\/\/sppq.qc.ca\/en\/wp-json\/wp\/v2\/pages\/1255\/revisions"}],"predecessor-version":[{"id":1486,"href":"https:\/\/sppq.qc.ca\/en\/wp-json\/wp\/v2\/pages\/1255\/revisions\/1486"}],"wp:attachment":[{"href":"https:\/\/sppq.qc.ca\/en\/wp-json\/wp\/v2\/media?parent=1255"}],"curies":[{"name":"wp","href":"https:\/\/api.w.org\/{rel}","templated":true}]}}