{"id":1334,"date":"2018-10-03T17:39:34","date_gmt":"2018-10-03T15:39:34","guid":{"rendered":"https:\/\/sppq.qc.ca\/concours-w-e-sackston\/"},"modified":"2021-02-11T10:08:42","modified_gmt":"2021-02-11T15:08:42","slug":"w-e-sackston-contest","status":"publish","type":"page","link":"https:\/\/sppq.qc.ca\/en\/w-e-sackston-contest\/","title":{"rendered":"W.E. Sackston Contest"},"content":{"rendered":"<p><div class=\"fusion-fullwidth fullwidth-box fusion-builder-row-1 nonhundred-percent-fullwidth non-hundred-percent-height-scrolling fusion-equal-height-columns\" style=\"--awb-border-radius-top-left:0px;--awb-border-radius-top-right:0px;--awb-border-radius-bottom-right:0px;--awb-border-radius-bottom-left:0px;--awb-padding-top:0px;--awb-padding-right:0px;--awb-padding-bottom:0px;--awb-padding-left:0px;--awb-flex-wrap:wrap;\" ><div class=\"fusion-builder-row fusion-row\"><div class=\"fusion-layout-column fusion_builder_column fusion-builder-column-0 fusion_builder_column_1_1 1_1 fusion-one-full fusion-column-first fusion-column-last\" style=\"--awb-padding-top:100px;--awb-padding-right:6%;--awb-padding-bottom:100px;--awb-padding-left:6%;--awb-bg-size:cover;\"><div class=\"fusion-column-wrapper fusion-flex-column-wrapper-legacy\"><div class=\"fusion-text fusion-text-1\"><h2>W.E. SACKSTON Contest<\/h2>\n<\/div><div class=\"fusion-sep-clear\"><\/div><div class=\"fusion-separator fusion-clearfix\" style=\"float:left;margin-bottom:30px;width:100%;max-width:100px;\"><div class=\"fusion-separator-border sep-single sep-solid\" style=\"--awb-height:20px;--awb-amount:20px;border-color:#7ac142;border-top-width:2px;\"><\/div><\/div><div class=\"fusion-sep-clear\"><\/div><div class=\"fusion-text fusion-text-2\"><p>Waldemar E. Sackston (1918-2004). Plant pathologist. Professor Emeritus, Department of Plant Science, McGill University. President of the Quebec Society for the Protection of Plants (1967-68). Honorary member. President (CPS 1960-61) and Fellow of CPS (1982). Dr. and Mrs. Award D.L. Bailey (CPS &#8211; 1983) and recipient of the Lifetime Achievement Award (CPS &#8211; 2003). Fellow of the American Phytopathological Society (1988).<\/p>\n<p>The W. E. Sackston Award is awarded to the best 15-minute oral presentation given by QSPP students at the annual conferences. The evaluation of communications is done by a jury made up of members of the QSPP.<\/p>\n<\/div><div class=\"fusion-sep-clear\"><\/div><div class=\"fusion-separator fusion-full-width-sep\" style=\"margin-left: auto;margin-right: auto;margin-top:7px;width:100%;\"><\/div><div class=\"fusion-sep-clear\"><\/div><div class=\"fusion-text fusion-text-3\"><p>Contest Winner Members<\/p>\n<\/div>\n<div class=\"table-1\">\n<table width=\"100%\">\n<thead>\n<tr>\n<th align=\"left\">Concours<\/th>\n<th align=\"left\">R\u00e9cipiendaire<\/th>\n<th align=\"left\">Membres<\/th>\n<\/tr>\n<\/thead>\n<tbody>\n<tr>\n<td align=\"left\">2021 ($1000)<\/td>\n<td align=\"left\">Romaric A. Mouafo-Tchinda<\/td>\n<td align=\"left\">Master&#8217;s degree under the direction of Odile Carisse (AAFC), and Carole Beaulieu (University of Sherbrooke)<\/td>\n<\/tr>\n<tr>\n<td align=\"left\">2021 ($500)<\/td>\n<td align=\"left\">C\u00e9sar\u00e9e Morier-Gxoyiya<\/td>\n<td align=\"left\">Master&#8217;s degree under the direction of Tanya Copley (CEROM), and Val\u00e9rie Gravel (University of McGill)<\/td>\n<\/tr>\n<tr>\n<td align=\"left\">2021 ($250)<\/td>\n<td align=\"left\">Virginie Bernier<\/td>\n<td align=\"left\">Master&#8217;s degree under the direction of Val\u00e9rie Fournier (University of Laval), and Daniel Dostaler (Universit\u00e9 de Laval)<\/td>\n<\/tr>\n<tr>\n<td align=\"left\">2019 ($500)<\/td>\n<td align=\"left\">Dave Thibouthot-St-Croix<\/td>\n<td align=\"left\">Master&#8217;s degree under the direction of Benjamin Mimee (AAFC)<\/td>\n<\/tr>\n<tr>\n<td align=\"left\">2019 ($250)<\/td>\n<td align=\"left\">Guilherme Silva Martins<\/td>\n<td align=\"left\">Ph.D degree under the direction of Peter Moffett (University of Sherbrooke)<\/td>\n<\/tr>\n<tr>\n<td align=\"left\">2018<\/td>\n<td align=\"left\">Carolane Audette<\/td>\n<td align=\"left\">Master&#8217;s degree under the direction of Richard B\u00e9langer (University of Laval), and Benjamin Mimee (AAFC)<\/td>\n<\/tr>\n<tr>\n<td align=\"left\">2017<\/td>\n<td align=\"left\">Pierre-Olivier H\u00e9bert<\/td>\n<td align=\"left\">Master&#8217;s degree under the supervision of Carole Beaulieu (University of Sherbrooke) and Vicky Toussaint (AAFC)<\/td>\n<\/tr>\n<tr>\n<td align=\"left\">2016<\/td>\n<td align=\"left\">Maxime Lefebvre<\/td>\n<td align=\"left\">Ph.D. under the direction of Alan K. Watson (McGill)<\/td>\n<\/tr>\n<tr>\n<td align=\"left\">2015*<\/td>\n<td align=\"left\">Anne-Fr\u00e9d\u00e9rique Gendron St-Marseille<\/td>\n<td align=\"left\">Ph.D. under the supervision of Benjamin Mimee (AAC) and Jacques Brodeur (University of Montreal)<\/td>\n<\/tr>\n<tr>\n<td align=\"left\">2015*<\/td>\n<td align=\"left\">Audrey-Anne Durand<\/td>\n<td align=\"left\">Ph.D. supervised by Claude Guertin (INRS)<\/td>\n<\/tr>\n<tr>\n<td align=\"left\">2014<\/td>\n<td align=\"left\">Erika Sayuri Naruzawa<\/td>\n<td align=\"left\">Ph.D. under the direction of Louis Bernier (Laval University) and Fabienne Malagnac (Paris 7 University)<\/td>\n<\/tr>\n<tr>\n<td align=\"left\">2013<\/td>\n<td align=\"left\">Lauriane Moine<\/td>\n<td align=\"left\">Master&#8217;s Degree under the direction of Richard B\u00e9langer (Laval University)<\/td>\n<\/tr>\n<tr>\n<td align=\"left\">2012<\/td>\n<td align=\"left\">Annie Christine Boucher<\/td>\n<td align=\"left\">Master&#8217;s degree under the direction of Peter Moffett (University of Sherbrooke), Guy B\u00e9lair and Benjamin Mimee (AAFC)<\/td>\n<\/tr>\n<tr>\n<td align=\"left\">2011<\/td>\n<td align=\"left\">Agathe Vialle<\/td>\n<td align=\"left\">Ph.D. under the direction of Louis Bernier and Richard Hamelin (Laval University)<\/td>\n<\/tr>\n<tr>\n<td align=\"left\">2010<\/td>\n<td align=\"left\">Andr\u00e9anne Martin-Lapierre<\/td>\n<td align=\"left\">Master&#8217;s degree under the direction of Russell Tweddell (Laval University)<\/td>\n<\/tr>\n<tr>\n<td align=\"left\">2009<\/td>\n<td align=\"left\">Genevi\u00e8ve Legault<\/td>\n<td align=\"left\">Master&#8217;s Degree under the direction of Carole Beaulieu (University of Sherbrooke)<\/td>\n<\/tr>\n<\/tbody>\n<\/table>\n<\/div>\n<div class=\"fusion-clearfix\"><\/div><\/div><\/div><\/div><\/div><div class=\"fusion-fullwidth fullwidth-box fusion-builder-row-2 nonhundred-percent-fullwidth non-hundred-percent-height-scrolling\" style=\"--awb-border-radius-top-left:0px;--awb-border-radius-top-right:0px;--awb-border-radius-bottom-right:0px;--awb-border-radius-bottom-left:0px;--awb-flex-wrap:wrap;\" ><div class=\"fusion-builder-row fusion-row\"><div class=\"fusion-layout-column fusion_builder_column fusion-builder-column-1 fusion_builder_column_1_1 1_1 fusion-one-full fusion-column-first fusion-column-last\" style=\"--awb-bg-size:cover;\"><div class=\"fusion-column-wrapper fusion-flex-column-wrapper-legacy\"><div class=\"fusion-text fusion-text-4\"><p>Evaluation grid details :<\/p>\n<p>(English version coming soon !)<\/p>\n<p style=\"text-align: center;\"><strong>Quebec Society for the Protection of Plants<\/strong><\/p>\n<p style=\"text-align: center;\">Fiche d&#8217;\u00e9valuation, W.E. Sackston contest<\/p>\n<\/div>\n<div class=\"table-1\">\n<table width=\"100%\">\n<thead>\n<tr>\n<th style=\"text-align: center;\" align=\"left\">Facteur<\/th>\n<th align=\"left\">Pr\u00e9cisions<\/th>\n<th align=\"left\">Note maximale exceptionnelle<\/th>\n<th align=\"left\">Note du candidat<\/th>\n<\/tr>\n<\/thead>\n<tbody>\n<tr>\n<td>Le r\u00e9sum\u00e9<\/td>\n<td>respect du nombre maximal de mots (200), bien r\u00e9dig\u00e9, clair et concis,<br \/>\nr\u00e9ellement informateur<\/td>\n<td>10<\/td>\n<td><\/td>\n<\/tr>\n<tr>\n<td>Mati\u00e8re de la recherche<\/td>\n<td>rel\u00e8ve de la phytoprotection, degr\u00e9 de complexit\u00e9 du sujet, originalit\u00e9,<br \/>\nrigueur, ampleur du travail<\/td>\n<td>10<\/td>\n<td><\/td>\n<\/tr>\n<tr>\n<td>R\u00e9sultats<\/td>\n<td>bien dos\u00e9s (en nombre optimal), pr\u00e9sent\u00e9s avec esprit de synth\u00e8se et<br \/>\nesprit critique<\/td>\n<td>10<\/td>\n<td><\/td>\n<\/tr>\n<tr>\n<td>D\u00e9roulement de la pr\u00e9sentation<\/td>\n<td>structure g\u00e9n\u00e9rale tr\u00e8s claire et facile \u00e0 suivre, transitions<br \/>\npertinentes entre les parties, conclusions \u00e0 point<\/td>\n<td>10<\/td>\n<td><\/td>\n<\/tr>\n<tr>\n<td>Langue parl\u00e9e<\/td>\n<td>vocabulaire, prononciation, volume de la voix, d\u00e9bit de la parole<\/td>\n<td>10<\/td>\n<td><\/td>\n<\/tr>\n<tr>\n<td>Langue \u00e9crite<\/td>\n<td>absence de fautes et d&#8217;anglicismes, vocabulaire exact<\/td>\n<td>10<\/td>\n<td><\/td>\n<\/tr>\n<tr>\n<td>Lisibilit\u00e9 du texte<\/td>\n<td>taille optimale des caract\u00e8res, choix judicieux des polices, contraste<br \/>\ndes couleurs<\/td>\n<td>10<\/td>\n<td><\/td>\n<\/tr>\n<tr>\n<td>Figures et tableaux<\/td>\n<td>tr\u00e8s compr\u00e9hensibles sans explications, construction simple et claire<\/td>\n<td>10<\/td>\n<td><\/td>\n<\/tr>\n<tr>\n<td>Diapositives<\/td>\n<td>en nombre optimal, bien mont\u00e9es et agenc\u00e9es, d\u00e9pouill\u00e9es de texte<br \/>\nsuperflu et de couleurs et motifs agressants<\/td>\n<td>10<\/td>\n<td><\/td>\n<\/tr>\n<tr>\n<td>Impact sur l&#8217;auditoire<\/td>\n<td>questions suscit\u00e9es et qualit\u00e9 des r\u00e9ponses<\/td>\n<td>10<\/td>\n<td><\/td>\n<\/tr>\n<tr>\n<td>Attitude personnelle<\/td>\n<td>salutations, remerciements, respect du temps allou\u00e9, tenue<br \/>\nvestimentaire, contact visuel, mouvements et gestes, respect de l&#8217;auditoire<\/td>\n<td>10<\/td>\n<td><\/td>\n<\/tr>\n<tr>\n<td><\/td>\n<td><\/td>\n<td><\/td>\n<td><\/td>\n<\/tr>\n<tr>\n<td><\/td>\n<td><\/td>\n<td>TOTAL \/110 :<\/td>\n<td><\/td>\n<\/tr>\n<\/tbody>\n<\/table>\n<\/div>\n<div class=\"fusion-clearfix\"><\/div><\/div><\/div><\/div><\/div><\/p>\n","protected":false},"excerpt":{"rendered":"","protected":false},"author":1,"featured_media":0,"parent":0,"menu_order":0,"comment_status":"closed","ping_status":"closed","template":"100-width.php","meta":{"_price":"","_stock":"","_tribe_ticket_header":"","_tribe_default_ticket_provider":"","_tribe_ticket_capacity":"0","_ticket_start_date":"","_ticket_end_date":"","_tribe_ticket_show_description":"","_tribe_ticket_show_not_going":false,"_tribe_ticket_use_global_stock":"","_tribe_ticket_global_stock_level":"","_global_stock_mode":"","_global_stock_cap":"","_tribe_rsvp_for_event":"","_tribe_ticket_going_count":"","_tribe_ticket_not_going_count":"","_tribe_tickets_list":"[]","_tribe_ticket_has_attendee_info_fields":false,"footnotes":""},"class_list":["post-1334","page","type-page","status-publish","hentry"],"yoast_head":"<!-- This site is optimized with the Yoast SEO plugin v27.2 - https:\/\/yoast.com\/product\/yoast-seo-wordpress\/ -->\n<title>W.E. Sackston Contest - SPPQ<\/title>\n<meta name=\"robots\" content=\"index, follow, max-snippet:-1, max-image-preview:large, max-video-preview:-1\" \/>\n<link rel=\"canonical\" href=\"https:\/\/sppq.qc.ca\/en\/w-e-sackston-contest\/\" \/>\n<meta property=\"og:locale\" content=\"en_US\" \/>\n<meta property=\"og:type\" content=\"article\" \/>\n<meta property=\"og:title\" content=\"W.E. Sackston Contest - SPPQ\" \/>\n<meta property=\"og:url\" content=\"https:\/\/sppq.qc.ca\/en\/w-e-sackston-contest\/\" \/>\n<meta property=\"og:site_name\" content=\"SPPQ\" \/>\n<meta property=\"article:modified_time\" content=\"2021-02-11T15:08:42+00:00\" \/>\n<meta name=\"twitter:card\" content=\"summary_large_image\" \/>\n<meta name=\"twitter:label1\" content=\"Est. reading time\" \/>\n\t<meta name=\"twitter:data1\" content=\"6 minutes\" \/>\n<script type=\"application\/ld+json\" class=\"yoast-schema-graph\">{\"@context\":\"https:\/\/schema.org\",\"@graph\":[{\"@type\":\"WebPage\",\"@id\":\"https:\/\/sppq.qc.ca\/en\/w-e-sackston-contest\/\",\"url\":\"https:\/\/sppq.qc.ca\/en\/w-e-sackston-contest\/\",\"name\":\"W.E. Sackston Contest - SPPQ\",\"isPartOf\":{\"@id\":\"https:\/\/sppq.qc.ca\/en\/#website\"},\"datePublished\":\"2018-10-03T15:39:34+00:00\",\"dateModified\":\"2021-02-11T15:08:42+00:00\",\"breadcrumb\":{\"@id\":\"https:\/\/sppq.qc.ca\/en\/w-e-sackston-contest\/#breadcrumb\"},\"inLanguage\":\"en-US\",\"potentialAction\":[{\"@type\":\"ReadAction\",\"target\":[\"https:\/\/sppq.qc.ca\/en\/w-e-sackston-contest\/\"]}]},{\"@type\":\"BreadcrumbList\",\"@id\":\"https:\/\/sppq.qc.ca\/en\/w-e-sackston-contest\/#breadcrumb\",\"itemListElement\":[{\"@type\":\"ListItem\",\"position\":1,\"name\":\"Accueil\",\"item\":\"https:\/\/sppq.qc.ca\/en\/\"},{\"@type\":\"ListItem\",\"position\":2,\"name\":\"W.E. Sackston Contest\"}]},{\"@type\":\"WebSite\",\"@id\":\"https:\/\/sppq.qc.ca\/en\/#website\",\"url\":\"https:\/\/sppq.qc.ca\/en\/\",\"name\":\"SPPQ\",\"description\":\"\",\"potentialAction\":[{\"@type\":\"SearchAction\",\"target\":{\"@type\":\"EntryPoint\",\"urlTemplate\":\"https:\/\/sppq.qc.ca\/en\/?s={search_term_string}\"},\"query-input\":{\"@type\":\"PropertyValueSpecification\",\"valueRequired\":true,\"valueName\":\"search_term_string\"}}],\"inLanguage\":\"en-US\"}]}<\/script>\n<!-- \/ Yoast SEO plugin. -->","yoast_head_json":{"title":"W.E. Sackston Contest - SPPQ","robots":{"index":"index","follow":"follow","max-snippet":"max-snippet:-1","max-image-preview":"max-image-preview:large","max-video-preview":"max-video-preview:-1"},"canonical":"https:\/\/sppq.qc.ca\/en\/w-e-sackston-contest\/","og_locale":"en_US","og_type":"article","og_title":"W.E. Sackston Contest - SPPQ","og_url":"https:\/\/sppq.qc.ca\/en\/w-e-sackston-contest\/","og_site_name":"SPPQ","article_modified_time":"2021-02-11T15:08:42+00:00","twitter_card":"summary_large_image","twitter_misc":{"Est. reading time":"6 minutes"},"schema":{"@context":"https:\/\/schema.org","@graph":[{"@type":"WebPage","@id":"https:\/\/sppq.qc.ca\/en\/w-e-sackston-contest\/","url":"https:\/\/sppq.qc.ca\/en\/w-e-sackston-contest\/","name":"W.E. Sackston Contest - SPPQ","isPartOf":{"@id":"https:\/\/sppq.qc.ca\/en\/#website"},"datePublished":"2018-10-03T15:39:34+00:00","dateModified":"2021-02-11T15:08:42+00:00","breadcrumb":{"@id":"https:\/\/sppq.qc.ca\/en\/w-e-sackston-contest\/#breadcrumb"},"inLanguage":"en-US","potentialAction":[{"@type":"ReadAction","target":["https:\/\/sppq.qc.ca\/en\/w-e-sackston-contest\/"]}]},{"@type":"BreadcrumbList","@id":"https:\/\/sppq.qc.ca\/en\/w-e-sackston-contest\/#breadcrumb","itemListElement":[{"@type":"ListItem","position":1,"name":"Accueil","item":"https:\/\/sppq.qc.ca\/en\/"},{"@type":"ListItem","position":2,"name":"W.E. Sackston Contest"}]},{"@type":"WebSite","@id":"https:\/\/sppq.qc.ca\/en\/#website","url":"https:\/\/sppq.qc.ca\/en\/","name":"SPPQ","description":"","potentialAction":[{"@type":"SearchAction","target":{"@type":"EntryPoint","urlTemplate":"https:\/\/sppq.qc.ca\/en\/?s={search_term_string}"},"query-input":{"@type":"PropertyValueSpecification","valueRequired":true,"valueName":"search_term_string"}}],"inLanguage":"en-US"}]}},"jetpack_sharing_enabled":true,"_links":{"self":[{"href":"https:\/\/sppq.qc.ca\/en\/wp-json\/wp\/v2\/pages\/1334","targetHints":{"allow":["GET"]}}],"collection":[{"href":"https:\/\/sppq.qc.ca\/en\/wp-json\/wp\/v2\/pages"}],"about":[{"href":"https:\/\/sppq.qc.ca\/en\/wp-json\/wp\/v2\/types\/page"}],"author":[{"embeddable":true,"href":"https:\/\/sppq.qc.ca\/en\/wp-json\/wp\/v2\/users\/1"}],"replies":[{"embeddable":true,"href":"https:\/\/sppq.qc.ca\/en\/wp-json\/wp\/v2\/comments?post=1334"}],"version-history":[{"count":5,"href":"https:\/\/sppq.qc.ca\/en\/wp-json\/wp\/v2\/pages\/1334\/revisions"}],"predecessor-version":[{"id":2645,"href":"https:\/\/sppq.qc.ca\/en\/wp-json\/wp\/v2\/pages\/1334\/revisions\/2645"}],"wp:attachment":[{"href":"https:\/\/sppq.qc.ca\/en\/wp-json\/wp\/v2\/media?parent=1334"}],"curies":[{"name":"wp","href":"https:\/\/api.w.org\/{rel}","templated":true}]}}