{"id":1341,"date":"2018-10-03T17:34:21","date_gmt":"2018-10-03T15:34:21","guid":{"rendered":"https:\/\/sppq.qc.ca\/directives-resume\/"},"modified":"2018-10-26T17:03:49","modified_gmt":"2018-10-26T15:03:49","slug":"guidelines-abstract","status":"publish","type":"page","link":"https:\/\/sppq.qc.ca\/en\/guidelines-abstract\/","title":{"rendered":"Guidelines (abstract)"},"content":{"rendered":"<div class=\"fusion-fullwidth fullwidth-box fusion-builder-row-1 nonhundred-percent-fullwidth non-hundred-percent-height-scrolling fusion-equal-height-columns\" style=\"--awb-border-radius-top-left:0px;--awb-border-radius-top-right:0px;--awb-border-radius-bottom-right:0px;--awb-border-radius-bottom-left:0px;--awb-padding-top:0px;--awb-padding-right:0px;--awb-padding-bottom:0px;--awb-padding-left:0px;--awb-flex-wrap:wrap;\" ><div class=\"fusion-builder-row fusion-row\"><div class=\"fusion-layout-column fusion_builder_column fusion-builder-column-0 fusion_builder_column_1_1 1_1 fusion-one-full fusion-column-first fusion-column-last\" style=\"--awb-padding-top:100px;--awb-padding-right:6%;--awb-padding-bottom:100px;--awb-padding-left:6%;--awb-bg-size:cover;\"><div class=\"fusion-column-wrapper fusion-flex-column-wrapper-legacy\"><div class=\"fusion-text fusion-text-1\"><h2>GUIDELINES FOR ABSTRACT PREPARATION<\/h2>\n<\/div><div class=\"fusion-sep-clear\"><\/div><div class=\"fusion-separator fusion-clearfix\" style=\"float:left;margin-bottom:30px;width:100%;max-width:100px;\"><div class=\"fusion-separator-border sep-single sep-solid\" style=\"--awb-height:20px;--awb-amount:20px;border-color:#7ac142;border-top-width:2px;\"><\/div><\/div><div class=\"fusion-sep-clear\"><\/div><div class=\"fusion-text fusion-text-2\"><h3>WARNING<\/h3>\n<p>No registration of a presentation (oral or poster) will be accepted without an abstract.\u00a0\u00a0Abstracts failing to adequately fulfill the guidelines listed below may be rejected.\u00a0\u00a0Only abstracts actually presented at the meeting will be published in\u00a0Phytoprotection.<\/p>\n<h3>CONTENTS<\/h3>\n<ul>\n<li>The presentation must feature a subject related to plant protection.<\/li>\n<li>The title must be descriptive and reflect the contents of the abstract as a whole.<\/li>\n<li>The abstract must be intelligible and concisely informative to the reader.<\/li>\n<li>It must describe precisely the nature of the work and outline the main results and conclusions.\u00a0\u00a0<strong>Do not write:\u00a0 \u201csuch subjects (or results) will be discussed\u201d.<\/strong><\/li>\n<\/ul>\n<h3>EDITORIAL POLICIES<\/h3>\n<ul>\n<li><strong>For formatting, punctuation, and typography, refer to the abstract submission form.<\/strong><\/li>\n<li>Abstract title, authors names and addresses, and main text must be typed in a standard font and font size (eg. Times, 12 points).<\/li>\n<li>The authors\u2019 address must be complete and include the name of the country and the postal code.\u00a0 Street or P.O. Box should be omitted.\u00a0 Saint or Sainte should be written in long form in French.<\/li>\n<li>The text of the abstract must be a single paragraph. Do not include any references, tables, figures, equations, etc.<\/li>\n<li>The use of capitals should be restricted to the first letter of titles, sentences, proper names, and some accepted abbreviations.<\/li>\n<li>The common names of living organisms must be followed by their latin name in brackets upon the first mention in the text.\u00a0 Authors of binomials should be omitted in both title and abstract.<\/li>\n<li>All measurements should be expressed in IS units (International system).<\/li>\n<li>Pesticides must be identified by the common name of the active ingredient, and may or may not be followed by their corresponding trade name, in brackets, upon the first mention.<\/li>\n<li>Pesticide quantities must be expressed in g or Kg of a.i. (active ingredient) and not in volumetric units.<\/li>\n<li>Abstracts will not be corrected and will be printed as received.\u00a0 All texts must be free of grammatical, spelling, or typing errors.<\/li>\n<\/ul>\n<h3>PRESENTATION<\/h3>\n<ul>\n<li>Use a word processor such as Microsoft Word.\u00a0 The abstract text (excluding the title, author(s) name(s), and address(es)) must have a\u00a0<strong>maximum of 200 words<\/strong>.<\/li>\n<li>Abstracts may be presented in English or in French.<\/li>\n<li>The form containing the abstract and authors information must be completed online.<\/li>\n<\/ul>\n<h3>IMPORTANT<\/h3>\n<ul>\n<li>The author presenting the paper must be duly registered at the annual meeting.<\/li>\n<li>The payment ($30) covers publication costs of the abstract in\u00a0Phytoprotection.<\/li>\n<\/ul>\n<h3>MODE OF PAYMENT<\/h3>\n<ul>\n<li>For a payment by check: please make your check payable to QSPP and mail it to the address below and mention clearly which is your abstract.<\/li>\n<\/ul>\n<blockquote>\n<p>Congr\u00e8s SEQ-SPPQ 2016<br \/>\na\/s Pierre-Antoine Th\u00e9riault<br \/>\nMinist\u00e8re de l&#8217;Agriculture des P\u00eacheries et de l&#8217;Alimentation du Qu\u00e9bec (MAPAQ)<br \/>\nDirection de l&#8217;agroenvironnement et du d\u00e9veloppement durable<br \/>\n200 chemin Sainte-Foy, 10i\u00e8me \u00e9tage<br \/>\nQu\u00e9bec (Qu\u00e9bec), Canada G1R 4X6<\/p>\n<\/blockquote>\n<ul>\n<li>For online payment with credit card (Visa, Master Card or American express): please select the Credit card (Paypal) option at the bottom of the abstract submission form once the form filled up.<\/li>\n<\/ul>\n<p>Contact for further information: Benjamin Mimee<\/p>\n<p>Email: <a href=\"mailto:benjamin.mimee@agr.gc.ca\">benjamin.mimee@agr.gc.ca<\/a><\/p>\n<\/div><div class=\"fusion-aligncenter\"><a class=\"fusion-button button-flat fusion-button-default-size button-default fusion-button-default button-1 fusion-button-default-span fusion-button-default-type\" target=\"_self\" href=\"\/en\/?p=1326\"><span class=\"fusion-button-text awb-button__text awb-button__text--default\">Submit an abstract<\/span><\/a><\/div><div class=\"fusion-sep-clear\"><\/div><div class=\"fusion-separator fusion-full-width-sep\" style=\"margin-left: auto;margin-right: auto;margin-top:7px;width:100%;\"><\/div><div class=\"fusion-sep-clear\"><\/div><div class=\"fusion-clearfix\"><\/div><\/div><\/div><\/div><\/div>\n","protected":false},"excerpt":{"rendered":"","protected":false},"author":1,"featured_media":0,"parent":0,"menu_order":0,"comment_status":"closed","ping_status":"closed","template":"100-width.php","meta":{"_price":"","_stock":"","_tribe_ticket_header":"","_tribe_default_ticket_provider":"","_tribe_ticket_capacity":"0","_ticket_start_date":"","_ticket_end_date":"","_tribe_ticket_show_description":"","_tribe_ticket_show_not_going":false,"_tribe_ticket_use_global_stock":"","_tribe_ticket_global_stock_level":"","_global_stock_mode":"","_global_stock_cap":"","_tribe_rsvp_for_event":"","_tribe_ticket_going_count":"","_tribe_ticket_not_going_count":"","_tribe_tickets_list":"[]","_tribe_ticket_has_attendee_info_fields":false,"footnotes":""},"class_list":["post-1341","page","type-page","status-publish","hentry"],"yoast_head":"<!-- This site is optimized with the Yoast SEO plugin v27.2 - https:\/\/yoast.com\/product\/yoast-seo-wordpress\/ -->\n<title>Guidelines (abstract) - SPPQ<\/title>\n<meta name=\"robots\" content=\"index, follow, max-snippet:-1, max-image-preview:large, max-video-preview:-1\" \/>\n<link rel=\"canonical\" href=\"https:\/\/sppq.qc.ca\/en\/guidelines-abstract\/\" \/>\n<meta property=\"og:locale\" content=\"en_US\" \/>\n<meta property=\"og:type\" content=\"article\" \/>\n<meta property=\"og:title\" content=\"Guidelines (abstract) - SPPQ\" \/>\n<meta property=\"og:url\" content=\"https:\/\/sppq.qc.ca\/en\/guidelines-abstract\/\" \/>\n<meta property=\"og:site_name\" content=\"SPPQ\" \/>\n<meta property=\"article:modified_time\" content=\"2018-10-26T15:03:49+00:00\" \/>\n<meta name=\"twitter:card\" content=\"summary_large_image\" \/>\n<meta name=\"twitter:label1\" content=\"Est. reading time\" \/>\n\t<meta name=\"twitter:data1\" content=\"5 minutes\" \/>\n<script type=\"application\/ld+json\" class=\"yoast-schema-graph\">{\"@context\":\"https:\/\/schema.org\",\"@graph\":[{\"@type\":\"WebPage\",\"@id\":\"https:\/\/sppq.qc.ca\/en\/guidelines-abstract\/\",\"url\":\"https:\/\/sppq.qc.ca\/en\/guidelines-abstract\/\",\"name\":\"Guidelines (abstract) - SPPQ\",\"isPartOf\":{\"@id\":\"https:\/\/sppq.qc.ca\/en\/#website\"},\"datePublished\":\"2018-10-03T15:34:21+00:00\",\"dateModified\":\"2018-10-26T15:03:49+00:00\",\"breadcrumb\":{\"@id\":\"https:\/\/sppq.qc.ca\/en\/guidelines-abstract\/#breadcrumb\"},\"inLanguage\":\"en-US\",\"potentialAction\":[{\"@type\":\"ReadAction\",\"target\":[\"https:\/\/sppq.qc.ca\/en\/guidelines-abstract\/\"]}]},{\"@type\":\"BreadcrumbList\",\"@id\":\"https:\/\/sppq.qc.ca\/en\/guidelines-abstract\/#breadcrumb\",\"itemListElement\":[{\"@type\":\"ListItem\",\"position\":1,\"name\":\"Accueil\",\"item\":\"https:\/\/sppq.qc.ca\/en\/\"},{\"@type\":\"ListItem\",\"position\":2,\"name\":\"Guidelines (abstract)\"}]},{\"@type\":\"WebSite\",\"@id\":\"https:\/\/sppq.qc.ca\/en\/#website\",\"url\":\"https:\/\/sppq.qc.ca\/en\/\",\"name\":\"SPPQ\",\"description\":\"\",\"potentialAction\":[{\"@type\":\"SearchAction\",\"target\":{\"@type\":\"EntryPoint\",\"urlTemplate\":\"https:\/\/sppq.qc.ca\/en\/?s={search_term_string}\"},\"query-input\":{\"@type\":\"PropertyValueSpecification\",\"valueRequired\":true,\"valueName\":\"search_term_string\"}}],\"inLanguage\":\"en-US\"}]}<\/script>\n<!-- \/ Yoast SEO plugin. -->","yoast_head_json":{"title":"Guidelines (abstract) - SPPQ","robots":{"index":"index","follow":"follow","max-snippet":"max-snippet:-1","max-image-preview":"max-image-preview:large","max-video-preview":"max-video-preview:-1"},"canonical":"https:\/\/sppq.qc.ca\/en\/guidelines-abstract\/","og_locale":"en_US","og_type":"article","og_title":"Guidelines (abstract) - SPPQ","og_url":"https:\/\/sppq.qc.ca\/en\/guidelines-abstract\/","og_site_name":"SPPQ","article_modified_time":"2018-10-26T15:03:49+00:00","twitter_card":"summary_large_image","twitter_misc":{"Est. reading time":"5 minutes"},"schema":{"@context":"https:\/\/schema.org","@graph":[{"@type":"WebPage","@id":"https:\/\/sppq.qc.ca\/en\/guidelines-abstract\/","url":"https:\/\/sppq.qc.ca\/en\/guidelines-abstract\/","name":"Guidelines (abstract) - SPPQ","isPartOf":{"@id":"https:\/\/sppq.qc.ca\/en\/#website"},"datePublished":"2018-10-03T15:34:21+00:00","dateModified":"2018-10-26T15:03:49+00:00","breadcrumb":{"@id":"https:\/\/sppq.qc.ca\/en\/guidelines-abstract\/#breadcrumb"},"inLanguage":"en-US","potentialAction":[{"@type":"ReadAction","target":["https:\/\/sppq.qc.ca\/en\/guidelines-abstract\/"]}]},{"@type":"BreadcrumbList","@id":"https:\/\/sppq.qc.ca\/en\/guidelines-abstract\/#breadcrumb","itemListElement":[{"@type":"ListItem","position":1,"name":"Accueil","item":"https:\/\/sppq.qc.ca\/en\/"},{"@type":"ListItem","position":2,"name":"Guidelines (abstract)"}]},{"@type":"WebSite","@id":"https:\/\/sppq.qc.ca\/en\/#website","url":"https:\/\/sppq.qc.ca\/en\/","name":"SPPQ","description":"","potentialAction":[{"@type":"SearchAction","target":{"@type":"EntryPoint","urlTemplate":"https:\/\/sppq.qc.ca\/en\/?s={search_term_string}"},"query-input":{"@type":"PropertyValueSpecification","valueRequired":true,"valueName":"search_term_string"}}],"inLanguage":"en-US"}]}},"jetpack_sharing_enabled":true,"_links":{"self":[{"href":"https:\/\/sppq.qc.ca\/en\/wp-json\/wp\/v2\/pages\/1341","targetHints":{"allow":["GET"]}}],"collection":[{"href":"https:\/\/sppq.qc.ca\/en\/wp-json\/wp\/v2\/pages"}],"about":[{"href":"https:\/\/sppq.qc.ca\/en\/wp-json\/wp\/v2\/types\/page"}],"author":[{"embeddable":true,"href":"https:\/\/sppq.qc.ca\/en\/wp-json\/wp\/v2\/users\/1"}],"replies":[{"embeddable":true,"href":"https:\/\/sppq.qc.ca\/en\/wp-json\/wp\/v2\/comments?post=1341"}],"version-history":[{"count":3,"href":"https:\/\/sppq.qc.ca\/en\/wp-json\/wp\/v2\/pages\/1341\/revisions"}],"predecessor-version":[{"id":1463,"href":"https:\/\/sppq.qc.ca\/en\/wp-json\/wp\/v2\/pages\/1341\/revisions\/1463"}],"wp:attachment":[{"href":"https:\/\/sppq.qc.ca\/en\/wp-json\/wp\/v2\/media?parent=1341"}],"curies":[{"name":"wp","href":"https:\/\/api.w.org\/{rel}","templated":true}]}}