{"id":1443,"date":"2018-10-26T16:05:44","date_gmt":"2018-10-26T14:05:44","guid":{"rendered":"https:\/\/sppq.qc.ca\/?page_id=1443"},"modified":"2018-10-26T16:06:35","modified_gmt":"2018-10-26T14:06:35","slug":"congres-2014","status":"publish","type":"page","link":"https:\/\/sppq.qc.ca\/en\/congres-2014\/","title":{"rendered":"Congr\u00e8s 2014"},"content":{"rendered":"<div class=\"fusion-fullwidth fullwidth-box fusion-builder-row-1 hundred-percent-fullwidth non-hundred-percent-height-scrolling fusion-equal-height-columns\" style=\"--awb-border-radius-top-left:0px;--awb-border-radius-top-right:0px;--awb-border-radius-bottom-right:0px;--awb-border-radius-bottom-left:0px;--awb-padding-top:0px;--awb-padding-right:0px;--awb-padding-bottom:0px;--awb-padding-left:0px;--awb-flex-wrap:wrap;\" ><div class=\"fusion-builder-row fusion-row\"><div class=\"fusion-layout-column fusion_builder_column fusion-builder-column-0 fusion_builder_column_2_3 2_3 fusion-two-third fusion-column-first\" style=\"--awb-padding-top:100px;--awb-padding-right:6%;--awb-padding-bottom:100px;--awb-padding-left:6%;--awb-bg-size:cover;width:66.666666666667%;width:calc(66.666666666667% - ( ( 0 ) * 0.66666666666667 ) );margin-right: 0px;\"><div class=\"fusion-column-wrapper fusion-flex-column-wrapper-legacy\"><div class=\"fusion-text fusion-text-1\"><h2 class=\"componentheading\">Congr\u00e8s 2014<\/h2>\n<\/div><div class=\"fusion-sep-clear\"><\/div><div class=\"fusion-separator fusion-clearfix\" style=\"float:left;margin-bottom:30px;width:100%;max-width:100px;\"><div class=\"fusion-separator-border sep-single sep-solid\" style=\"--awb-height:20px;--awb-amount:20px;border-color:#7ac142;border-top-width:2px;\"><\/div><\/div><div class=\"fusion-sep-clear\"><\/div><div class=\"fusion-text fusion-text-2\"><h3>Programme 2014<\/h3>\n<h4>Pr\u00e9sentations disponibles<\/h4>\n<p><strong>Symposium<\/strong> : les plantes bio-industrielles \u2013 enjeux environnementaux et phytosanitaires<\/p>\n<p>1- Qu&#8217;est-ce que le RPBQ ?<br \/>\nOlivier Lalonde, coordonnateur du RPBQ, C\u00c9ROM<br \/>\n(<a href=\"https:\/\/sppq.qc.ca\/wp-content\/uploads\/2018\/10\/SPPQ_Congres_2014_2014_Olivier_Lalonde1.pdf\" target=\"_blank\" rel=\"noopener\">SPPQ_Congres_2014_2014_Olivier_Lalonde1.pdf<\/a>, 6,7Mo)<\/p>\n<p>2- Survol des probl\u00e9matiques phytosanitaires des plantes bio-industrielles<br \/>\nOlivier Lalonde, coordonnateur du RPBQ, C\u00c9ROM<br \/>\n(<a href=\"https:\/\/sppq.qc.ca\/wp-content\/uploads\/2018\/10\/SPPQ_Congres_2014_2014_Olivier_Lalonde2.pdf\" target=\"_blank\" rel=\"noopener\">SPPQ_Congres_2014_2014_Olivier_Lalonde2.pdf<\/a>, 9,7Mo)<\/p>\n<p>4. D\u00e9veloppements dans l&#8217;industrie de la biomasse en Ontario pour soutenir la bio-\u00e9conomie<br \/>\nCharles Lalonde, CJ Agen Consulting<br \/>\n(<a href=\"https:\/\/sppq.qc.ca\/wp-content\/uploads\/2018\/10\/SPPQ_Congres_2014_Charles_Lalonde.pdf\" target=\"_blank\" rel=\"noopener\">SPPQ_Congres_2014_Charles_Lalonde.pdf<\/a>, 5,3Mo)<\/p>\n<p>5. La Fili\u00e8re Biomasse \u2013 un projet mobilisateur pour La Coop f\u00e9d\u00e9r\u00e9e<br \/>\nHicham Bencharki, La Coop F\u00e9d\u00e9r\u00e9e<br \/>\n(<a href=\"https:\/\/sppq.qc.ca\/wp-content\/uploads\/2018\/10\/SPPQ_Congres_2014_Hicham_Bencharki.pdf\" target=\"_blank\" rel=\"noopener\">SPPQ_Congres_2014_Hicham_Bencharki.pdf<\/a>, 4,2Mo)<\/p>\n<p>6. Le retrait des r\u00e9sidus de cultures et la sant\u00e9 des sols<br \/>\nLouis Robert, MAPAQ<br \/>\n(<a href=\"https:\/\/sppq.qc.ca\/wp-content\/uploads\/2018\/10\/SPPQ_Congres_2014_Louis_Robert.pdf\" target=\"_blank\" rel=\"noopener\">SPPQ_Congres_2014_Louis_Robert.pdf<\/a>, 2,7Mo)<\/p>\n<p>8. Les bandes riveraines \u00e9nerg\u00e9tiques en milieu agricole h peut-on allier l&#8217;efficacit\u00e9 de la filtration des polluants diffus avec la production de biomasse de Salix ?<br \/>\nLouise H\u00e9nault-\u00c9thier (Geotop-UQAM), M.P. Gomes, G. Dagenais, \u00c9. Smedbol, S. Maccario, J.-F. Racine, M. Moingt, S. Paquet, L. Lepage, P. Juneau, M. Labrecque et M. Lucotte<br \/>\n(<a href=\"https:\/\/sppq.qc.ca\/wp-content\/uploads\/2018\/10\/SPPQ_Congres_2014_Louise_Heneault_Ethier.pdf\" target=\"_blank\" rel=\"noopener\">SPPQ_Congres_2014_Louise_Heneault_Ethier.pdf<\/a>, 4,8Mo)<\/p>\n<p>9. Sols contamin\u00e9s \u2013 la solution verte<br \/>\nMichel Labrecque, IRBV<br \/>\n(<a href=\"https:\/\/sppq.qc.ca\/wp-content\/uploads\/2018\/10\/SPPQ_Congres_2014_Michel_Labrecque.pdf\" target=\"_blank\" rel=\"noopener\">SPPQ_Congres_2014_Michel_Labrecque.pdf<\/a>, 4,5Mo)<\/p>\n<\/div><div class=\"fusion-sep-clear\"><\/div><div class=\"fusion-separator fusion-full-width-sep\" style=\"margin-left: auto;margin-right: auto;margin-top:7px;width:100%;\"><\/div><div class=\"fusion-sep-clear\"><\/div><div class=\"fusion-clearfix\"><\/div><\/div><\/div><div class=\"fusion-layout-column fusion_builder_column fusion-builder-column-1 fusion_builder_column_1_3 1_3 fusion-one-third fusion-column-last\" style=\"--awb-bg-color:#4c5166;--awb-bg-color-hover:#4c5166;--awb-bg-image:url(&#039;https:\/\/sppq.qc.ca\/wp-content\/uploads\/2016\/11\/9.jpg&#039;);--awb-bg-position:center center;--awb-bg-size:cover;width:33.333333333333%;width:calc(33.333333333333% - ( ( 0 ) * 0.33333333333333 ) );\"><div class=\"fusion-column-wrapper fusion-flex-column-wrapper-legacy fusion-empty-column-bg-image fusion-column-has-bg-image\" data-bg-url=\"https:\/\/sppq.qc.ca\/wp-content\/uploads\/2016\/11\/9.jpg\"><img decoding=\"async\" class=\"fusion-empty-dims-img-placeholder fusion-no-large-visibility\" src=\"data:image\/gif;base64,R0lGODlhAQABAAAAACH5BAEKAAEALAAAAAABAAEAAAICTAEAOw==\"><div class=\"fusion-clearfix\"><\/div><\/div><\/div><\/div><\/div>\n","protected":false},"excerpt":{"rendered":"","protected":false},"author":1,"featured_media":0,"parent":0,"menu_order":0,"comment_status":"closed","ping_status":"closed","template":"100-width.php","meta":{"_price":"","_stock":"","_tribe_ticket_header":"","_tribe_default_ticket_provider":"","_tribe_ticket_capacity":"0","_ticket_start_date":"","_ticket_end_date":"","_tribe_ticket_show_description":"","_tribe_ticket_show_not_going":false,"_tribe_ticket_use_global_stock":"","_tribe_ticket_global_stock_level":"","_global_stock_mode":"","_global_stock_cap":"","_tribe_rsvp_for_event":"","_tribe_ticket_going_count":"","_tribe_ticket_not_going_count":"","_tribe_tickets_list":"[]","_tribe_ticket_has_attendee_info_fields":false,"footnotes":""},"class_list":["post-1443","page","type-page","status-publish","hentry"],"yoast_head":"<!-- This site is optimized with the Yoast SEO plugin v27.2 - https:\/\/yoast.com\/product\/yoast-seo-wordpress\/ -->\n<title>Congr\u00e8s 2014 - SPPQ<\/title>\n<meta name=\"robots\" content=\"index, follow, max-snippet:-1, max-image-preview:large, max-video-preview:-1\" \/>\n<link rel=\"canonical\" href=\"https:\/\/sppq.qc.ca\/en\/congres-2014\/\" \/>\n<meta property=\"og:locale\" content=\"en_US\" \/>\n<meta property=\"og:type\" content=\"article\" \/>\n<meta property=\"og:title\" content=\"Congr\u00e8s 2014 - SPPQ\" \/>\n<meta property=\"og:url\" content=\"https:\/\/sppq.qc.ca\/en\/congres-2014\/\" \/>\n<meta property=\"og:site_name\" content=\"SPPQ\" \/>\n<meta property=\"article:modified_time\" content=\"2018-10-26T14:06:35+00:00\" \/>\n<meta name=\"twitter:card\" content=\"summary_large_image\" \/>\n<meta name=\"twitter:label1\" content=\"Est. reading time\" \/>\n\t<meta name=\"twitter:data1\" content=\"3 minutes\" \/>\n<script type=\"application\/ld+json\" class=\"yoast-schema-graph\">{\"@context\":\"https:\/\/schema.org\",\"@graph\":[{\"@type\":\"WebPage\",\"@id\":\"https:\/\/sppq.qc.ca\/en\/congres-2014\/\",\"url\":\"https:\/\/sppq.qc.ca\/en\/congres-2014\/\",\"name\":\"Congr\u00e8s 2014 - SPPQ\",\"isPartOf\":{\"@id\":\"https:\/\/sppq.qc.ca\/en\/#website\"},\"datePublished\":\"2018-10-26T14:05:44+00:00\",\"dateModified\":\"2018-10-26T14:06:35+00:00\",\"breadcrumb\":{\"@id\":\"https:\/\/sppq.qc.ca\/en\/congres-2014\/#breadcrumb\"},\"inLanguage\":\"en-US\",\"potentialAction\":[{\"@type\":\"ReadAction\",\"target\":[\"https:\/\/sppq.qc.ca\/en\/congres-2014\/\"]}]},{\"@type\":\"BreadcrumbList\",\"@id\":\"https:\/\/sppq.qc.ca\/en\/congres-2014\/#breadcrumb\",\"itemListElement\":[{\"@type\":\"ListItem\",\"position\":1,\"name\":\"Accueil\",\"item\":\"https:\/\/sppq.qc.ca\/en\/\"},{\"@type\":\"ListItem\",\"position\":2,\"name\":\"Congr\u00e8s 2014\"}]},{\"@type\":\"WebSite\",\"@id\":\"https:\/\/sppq.qc.ca\/en\/#website\",\"url\":\"https:\/\/sppq.qc.ca\/en\/\",\"name\":\"SPPQ\",\"description\":\"\",\"potentialAction\":[{\"@type\":\"SearchAction\",\"target\":{\"@type\":\"EntryPoint\",\"urlTemplate\":\"https:\/\/sppq.qc.ca\/en\/?s={search_term_string}\"},\"query-input\":{\"@type\":\"PropertyValueSpecification\",\"valueRequired\":true,\"valueName\":\"search_term_string\"}}],\"inLanguage\":\"en-US\"}]}<\/script>\n<!-- \/ Yoast SEO plugin. -->","yoast_head_json":{"title":"Congr\u00e8s 2014 - SPPQ","robots":{"index":"index","follow":"follow","max-snippet":"max-snippet:-1","max-image-preview":"max-image-preview:large","max-video-preview":"max-video-preview:-1"},"canonical":"https:\/\/sppq.qc.ca\/en\/congres-2014\/","og_locale":"en_US","og_type":"article","og_title":"Congr\u00e8s 2014 - SPPQ","og_url":"https:\/\/sppq.qc.ca\/en\/congres-2014\/","og_site_name":"SPPQ","article_modified_time":"2018-10-26T14:06:35+00:00","twitter_card":"summary_large_image","twitter_misc":{"Est. reading time":"3 minutes"},"schema":{"@context":"https:\/\/schema.org","@graph":[{"@type":"WebPage","@id":"https:\/\/sppq.qc.ca\/en\/congres-2014\/","url":"https:\/\/sppq.qc.ca\/en\/congres-2014\/","name":"Congr\u00e8s 2014 - SPPQ","isPartOf":{"@id":"https:\/\/sppq.qc.ca\/en\/#website"},"datePublished":"2018-10-26T14:05:44+00:00","dateModified":"2018-10-26T14:06:35+00:00","breadcrumb":{"@id":"https:\/\/sppq.qc.ca\/en\/congres-2014\/#breadcrumb"},"inLanguage":"en-US","potentialAction":[{"@type":"ReadAction","target":["https:\/\/sppq.qc.ca\/en\/congres-2014\/"]}]},{"@type":"BreadcrumbList","@id":"https:\/\/sppq.qc.ca\/en\/congres-2014\/#breadcrumb","itemListElement":[{"@type":"ListItem","position":1,"name":"Accueil","item":"https:\/\/sppq.qc.ca\/en\/"},{"@type":"ListItem","position":2,"name":"Congr\u00e8s 2014"}]},{"@type":"WebSite","@id":"https:\/\/sppq.qc.ca\/en\/#website","url":"https:\/\/sppq.qc.ca\/en\/","name":"SPPQ","description":"","potentialAction":[{"@type":"SearchAction","target":{"@type":"EntryPoint","urlTemplate":"https:\/\/sppq.qc.ca\/en\/?s={search_term_string}"},"query-input":{"@type":"PropertyValueSpecification","valueRequired":true,"valueName":"search_term_string"}}],"inLanguage":"en-US"}]}},"jetpack_sharing_enabled":true,"_links":{"self":[{"href":"https:\/\/sppq.qc.ca\/en\/wp-json\/wp\/v2\/pages\/1443","targetHints":{"allow":["GET"]}}],"collection":[{"href":"https:\/\/sppq.qc.ca\/en\/wp-json\/wp\/v2\/pages"}],"about":[{"href":"https:\/\/sppq.qc.ca\/en\/wp-json\/wp\/v2\/types\/page"}],"author":[{"embeddable":true,"href":"https:\/\/sppq.qc.ca\/en\/wp-json\/wp\/v2\/users\/1"}],"replies":[{"embeddable":true,"href":"https:\/\/sppq.qc.ca\/en\/wp-json\/wp\/v2\/comments?post=1443"}],"version-history":[{"count":2,"href":"https:\/\/sppq.qc.ca\/en\/wp-json\/wp\/v2\/pages\/1443\/revisions"}],"predecessor-version":[{"id":1445,"href":"https:\/\/sppq.qc.ca\/en\/wp-json\/wp\/v2\/pages\/1443\/revisions\/1445"}],"wp:attachment":[{"href":"https:\/\/sppq.qc.ca\/en\/wp-json\/wp\/v2\/media?parent=1443"}],"curies":[{"name":"wp","href":"https:\/\/api.w.org\/{rel}","templated":true}]}}