{"id":3131,"date":"2023-06-05T20:02:32","date_gmt":"2023-06-06T00:02:32","guid":{"rendered":"https:\/\/sppq.qc.ca\/?page_id=3131"},"modified":"2026-02-04T20:32:19","modified_gmt":"2026-02-05T01:32:19","slug":"congres-2026","status":"publish","type":"page","link":"https:\/\/sppq.qc.ca\/en\/congres-2026\/","title":{"rendered":"Congr\u00e8s 2026"},"content":{"rendered":"<div class=\"fusion-fullwidth fullwidth-box fusion-builder-row-1 fusion-flex-container has-pattern-background has-mask-background hundred-percent-fullwidth non-hundred-percent-height-scrolling\" style=\"--awb-border-radius-top-left:0px;--awb-border-radius-top-right:0px;--awb-border-radius-bottom-right:0px;--awb-border-radius-bottom-left:0px;--awb-flex-wrap:wrap;\" ><div class=\"fusion-builder-row fusion-row fusion-flex-align-items-flex-start fusion-flex-content-wrap\" style=\"width:104% !important;max-width:104% !important;margin-left: calc(-4% \/ 2 );margin-right: calc(-4% \/ 2 );\"><div class=\"fusion-layout-column fusion_builder_column fusion-builder-column-0 fusion_builder_column_1_6 1_6 fusion-flex-column\" style=\"--awb-bg-size:cover;--awb-width-large:16.666666666667%;--awb-margin-top-large:0px;--awb-spacing-right-large:11.52%;--awb-margin-bottom-large:0px;--awb-spacing-left-large:11.52%;--awb-width-medium:100%;--awb-order-medium:0;--awb-spacing-right-medium:1.92%;--awb-spacing-left-medium:1.92%;--awb-width-small:100%;--awb-order-small:0;--awb-spacing-right-small:1.92%;--awb-spacing-left-small:1.92%;\"><div class=\"fusion-column-wrapper fusion-column-has-shadow fusion-flex-justify-content-flex-start fusion-content-layout-column\"><\/div><\/div><div class=\"fusion-layout-column fusion_builder_column fusion-builder-column-1 fusion_builder_column_2_5 2_5 fusion-flex-column\" style=\"--awb-bg-size:cover;--awb-width-large:40%;--awb-margin-top-large:50px;--awb-spacing-right-large:4.8%;--awb-margin-bottom-large:0px;--awb-spacing-left-large:4.8%;--awb-width-medium:100%;--awb-order-medium:0;--awb-spacing-right-medium:1.92%;--awb-spacing-left-medium:1.92%;--awb-width-small:100%;--awb-order-small:0;--awb-spacing-right-small:1.92%;--awb-spacing-left-small:1.92%;\" data-scroll-devices=\"small-visibility,medium-visibility,large-visibility\"><div class=\"fusion-column-wrapper fusion-column-has-shadow fusion-flex-justify-content-center fusion-content-layout-column\"><div class=\"fusion-text fusion-text-1\" style=\"--awb-width:500px;--awb-margin-right:40px;\"><p><span style=\"font-size: 38px;\" data-fusion-font=\"true\"><span style=\"font-family: 'Roboto Slab';\" data-fusion-font=\"true\" data-fusion-google-font=\"Roboto Slab\" data-fusion-google-variant=\"100\"><b>Congr\u00e8s annuel 2026<\/b><\/span><\/span><\/p>\n<p><span style=\"font-size: 24px;\" data-fusion-font=\"true\"><span style=\"font-family: 'Roboto Slab';\" data-fusion-font=\"true\" data-fusion-google-font=\"Roboto Slab\" data-fusion-google-variant=\"100\"><b>Phytoprotection 2.0 : Quand la g\u00e9nomique et l\u2019am\u00e9lioration des plantes unissent leurs forces<\/b><\/span><\/span><\/p>\n<p>La prochaine <span style=\"font-size: 16px;\" data-fusion-font=\"true\">rencontre <\/span>de la Soci\u00e9t\u00e9 de protection des plantes du Qu\u00e9bec se tiendra les <b style=\"font-size: 20px;\" data-fusion-font=\"true\"> 5 et 6 novembre 2026<\/b> dans la magnifique ville de Montr\u00e9al.<\/p>\n<p>Le th\u00e8me de la conf\u00e9rence est : \u00ab Phytoprotection 2.0 \u2013 Quand la g\u00e9nomique et l\u2019am\u00e9lioration des plantes unissent leurs forces \u00bb.<\/p>\n<p>\u00c0 partir du 1er ao\u00fbt 2026, l\u2019appel de titres sera lanc\u00e9. Vous pourrez soumettre en ligne, via le site web de la conf\u00e9rence, le titre et le r\u00e9sum\u00e9 (maximum 300 mots) de votre pr\u00e9sentation (orale ou par affiche).<\/p>\n<p>Veuillez noter que l\u2019inscription \u00e0 la conf\u00e9rence ouvrira \u00e9galement le 1er ao\u00fbt 2026. Vous pourrez profiter du tarif r\u00e9duit pour inscription h\u00e2tive jusqu\u2019au 1er octobre 2026.<\/p>\n<p style=\"font-size: 24px;\" data-fusion-font=\"true\"><b>Dates \u00e0 retenir :<\/b><\/p>\n<p>Rencontre : 5 et 6 novembre 2026<\/p>\n<p>D\u00e9but de la p\u00e9riode d\u2019inscription : 1er ao\u00fbt<\/p>\n<p>Date limite pour l\u2019inscription h\u00e2tive : 1er octobre \u00e0 23 h 59<\/p>\n<p>Date limite pour soumettre un r\u00e9sum\u00e9 : 16 octobre \u00e0 23 h 59<\/p>\n<p><b style=\"font-size: 24px;\" data-fusion-font=\"true\">Votre comit\u00e9 organisateur<\/b><\/p>\n<p>Co-pr\u00e9sidents : Dave T. Ste-Croix et J\u00e9r\u00f4me G\u00e9linas B\u00e9langer<\/p>\n<p>Programme : Pauline Hessenauer et Michel McElroy<\/p>\n<p>Logistique et partenaires financiers : Pauline Hessenauer et Dave T. Ste-Croix<\/p>\n<p>Site web et inscriptions : Pauline Hessenauer et Dave T. Ste-Croix<\/p>\n<p>Communications et m\u00e9dias sociaux : Pauline Hessenauer et Michel McElroy<\/p>\n<\/div><\/div><\/div><div class=\"fusion-layout-column fusion_builder_column fusion-builder-column-2 fusion_builder_column_2_5 2_5 fusion-flex-column\" style=\"--awb-bg-size:cover;--awb-width-large:40%;--awb-margin-top-large:0px;--awb-spacing-right-large:4.8%;--awb-margin-bottom-large:0px;--awb-spacing-left-large:4.8%;--awb-width-medium:100%;--awb-order-medium:0;--awb-spacing-right-medium:1.92%;--awb-spacing-left-medium:1.92%;--awb-width-small:100%;--awb-order-small:0;--awb-spacing-right-small:1.92%;--awb-spacing-left-small:1.92%;\"><div class=\"fusion-column-wrapper fusion-column-has-shadow fusion-flex-justify-content-flex-start fusion-content-layout-column\"><div class=\"fusion-image-element \" style=\"text-align:center;--awb-margin-top:250px;--awb-caption-title-font-family:var(--h2_typography-font-family);--awb-caption-title-font-weight:var(--h2_typography-font-weight);--awb-caption-title-font-style:var(--h2_typography-font-style);--awb-caption-title-size:var(--h2_typography-font-size);--awb-caption-title-transform:var(--h2_typography-text-transform);--awb-caption-title-line-height:var(--h2_typography-line-height);--awb-caption-title-letter-spacing:var(--h2_typography-letter-spacing);\"><span class=\" fusion-imageframe imageframe-none imageframe-1 hover-type-none\"><img decoding=\"async\" width=\"400\" height=\"402\" title=\"Logo_conference_SPPQ_symbole\" src=\"https:\/\/sppq.qc.ca\/wp-content\/uploads\/2025\/09\/Logo_conference_SPPQ_symbole-400x402.png\" alt class=\"img-responsive wp-image-3740\" srcset=\"https:\/\/sppq.qc.ca\/wp-content\/uploads\/2025\/09\/Logo_conference_SPPQ_symbole-200x201.png 200w, https:\/\/sppq.qc.ca\/wp-content\/uploads\/2025\/09\/Logo_conference_SPPQ_symbole-400x402.png 400w, https:\/\/sppq.qc.ca\/wp-content\/uploads\/2025\/09\/Logo_conference_SPPQ_symbole.png 502w\" sizes=\"(max-width: 1024px) 100vw, (max-width: 640px) 100vw, 400px\" \/><\/span><\/div><\/div><\/div><\/div><\/div>\n","protected":false},"excerpt":{"rendered":"","protected":false},"author":254,"featured_media":0,"parent":0,"menu_order":0,"comment_status":"closed","ping_status":"closed","template":"100-width.php","meta":{"_price":"","_stock":"","_tribe_ticket_header":"","_tribe_default_ticket_provider":"","_tribe_ticket_capacity":"0","_ticket_start_date":"","_ticket_end_date":"","_tribe_ticket_show_description":"","_tribe_ticket_show_not_going":false,"_tribe_ticket_use_global_stock":"","_tribe_ticket_global_stock_level":"","_global_stock_mode":"","_global_stock_cap":"","_tribe_rsvp_for_event":"","_tribe_ticket_going_count":"","_tribe_ticket_not_going_count":"","_tribe_tickets_list":"[]","_tribe_ticket_has_attendee_info_fields":false,"footnotes":""},"class_list":["post-3131","page","type-page","status-publish","hentry"],"yoast_head":"<!-- This site is optimized with the Yoast SEO plugin v27.2 - https:\/\/yoast.com\/product\/yoast-seo-wordpress\/ -->\n<title>Congr\u00e8s 2026 - SPPQ<\/title>\n<meta name=\"robots\" content=\"index, follow, max-snippet:-1, max-image-preview:large, max-video-preview:-1\" \/>\n<link rel=\"canonical\" href=\"https:\/\/sppq.qc.ca\/en\/congres-2026\/\" \/>\n<meta property=\"og:locale\" content=\"en_US\" \/>\n<meta property=\"og:type\" content=\"article\" \/>\n<meta property=\"og:title\" content=\"Congr\u00e8s 2026 - SPPQ\" \/>\n<meta property=\"og:url\" content=\"https:\/\/sppq.qc.ca\/en\/congres-2026\/\" \/>\n<meta property=\"og:site_name\" content=\"SPPQ\" \/>\n<meta property=\"article:modified_time\" content=\"2026-02-05T01:32:19+00:00\" \/>\n<meta name=\"twitter:card\" content=\"summary_large_image\" \/>\n<meta name=\"twitter:label1\" content=\"Est. reading time\" \/>\n\t<meta name=\"twitter:data1\" content=\"2 minutes\" \/>\n<script type=\"application\/ld+json\" class=\"yoast-schema-graph\">{\"@context\":\"https:\/\/schema.org\",\"@graph\":[{\"@type\":\"WebPage\",\"@id\":\"https:\/\/sppq.qc.ca\/en\/congres-2026\/\",\"url\":\"https:\/\/sppq.qc.ca\/en\/congres-2026\/\",\"name\":\"Congr\u00e8s 2026 - SPPQ\",\"isPartOf\":{\"@id\":\"https:\/\/sppq.qc.ca\/en\/#website\"},\"datePublished\":\"2023-06-06T00:02:32+00:00\",\"dateModified\":\"2026-02-05T01:32:19+00:00\",\"breadcrumb\":{\"@id\":\"https:\/\/sppq.qc.ca\/en\/congres-2026\/#breadcrumb\"},\"inLanguage\":\"en-US\",\"potentialAction\":[{\"@type\":\"ReadAction\",\"target\":[\"https:\/\/sppq.qc.ca\/en\/congres-2026\/\"]}]},{\"@type\":\"BreadcrumbList\",\"@id\":\"https:\/\/sppq.qc.ca\/en\/congres-2026\/#breadcrumb\",\"itemListElement\":[{\"@type\":\"ListItem\",\"position\":1,\"name\":\"Accueil\",\"item\":\"https:\/\/sppq.qc.ca\/en\/\"},{\"@type\":\"ListItem\",\"position\":2,\"name\":\"Congr\u00e8s 2026\"}]},{\"@type\":\"WebSite\",\"@id\":\"https:\/\/sppq.qc.ca\/en\/#website\",\"url\":\"https:\/\/sppq.qc.ca\/en\/\",\"name\":\"SPPQ\",\"description\":\"\",\"potentialAction\":[{\"@type\":\"SearchAction\",\"target\":{\"@type\":\"EntryPoint\",\"urlTemplate\":\"https:\/\/sppq.qc.ca\/en\/?s={search_term_string}\"},\"query-input\":{\"@type\":\"PropertyValueSpecification\",\"valueRequired\":true,\"valueName\":\"search_term_string\"}}],\"inLanguage\":\"en-US\"}]}<\/script>\n<!-- \/ Yoast SEO plugin. -->","yoast_head_json":{"title":"Congr\u00e8s 2026 - SPPQ","robots":{"index":"index","follow":"follow","max-snippet":"max-snippet:-1","max-image-preview":"max-image-preview:large","max-video-preview":"max-video-preview:-1"},"canonical":"https:\/\/sppq.qc.ca\/en\/congres-2026\/","og_locale":"en_US","og_type":"article","og_title":"Congr\u00e8s 2026 - SPPQ","og_url":"https:\/\/sppq.qc.ca\/en\/congres-2026\/","og_site_name":"SPPQ","article_modified_time":"2026-02-05T01:32:19+00:00","twitter_card":"summary_large_image","twitter_misc":{"Est. reading time":"2 minutes"},"schema":{"@context":"https:\/\/schema.org","@graph":[{"@type":"WebPage","@id":"https:\/\/sppq.qc.ca\/en\/congres-2026\/","url":"https:\/\/sppq.qc.ca\/en\/congres-2026\/","name":"Congr\u00e8s 2026 - SPPQ","isPartOf":{"@id":"https:\/\/sppq.qc.ca\/en\/#website"},"datePublished":"2023-06-06T00:02:32+00:00","dateModified":"2026-02-05T01:32:19+00:00","breadcrumb":{"@id":"https:\/\/sppq.qc.ca\/en\/congres-2026\/#breadcrumb"},"inLanguage":"en-US","potentialAction":[{"@type":"ReadAction","target":["https:\/\/sppq.qc.ca\/en\/congres-2026\/"]}]},{"@type":"BreadcrumbList","@id":"https:\/\/sppq.qc.ca\/en\/congres-2026\/#breadcrumb","itemListElement":[{"@type":"ListItem","position":1,"name":"Accueil","item":"https:\/\/sppq.qc.ca\/en\/"},{"@type":"ListItem","position":2,"name":"Congr\u00e8s 2026"}]},{"@type":"WebSite","@id":"https:\/\/sppq.qc.ca\/en\/#website","url":"https:\/\/sppq.qc.ca\/en\/","name":"SPPQ","description":"","potentialAction":[{"@type":"SearchAction","target":{"@type":"EntryPoint","urlTemplate":"https:\/\/sppq.qc.ca\/en\/?s={search_term_string}"},"query-input":{"@type":"PropertyValueSpecification","valueRequired":true,"valueName":"search_term_string"}}],"inLanguage":"en-US"}]}},"jetpack_sharing_enabled":true,"_links":{"self":[{"href":"https:\/\/sppq.qc.ca\/en\/wp-json\/wp\/v2\/pages\/3131","targetHints":{"allow":["GET"]}}],"collection":[{"href":"https:\/\/sppq.qc.ca\/en\/wp-json\/wp\/v2\/pages"}],"about":[{"href":"https:\/\/sppq.qc.ca\/en\/wp-json\/wp\/v2\/types\/page"}],"author":[{"embeddable":true,"href":"https:\/\/sppq.qc.ca\/en\/wp-json\/wp\/v2\/users\/254"}],"replies":[{"embeddable":true,"href":"https:\/\/sppq.qc.ca\/en\/wp-json\/wp\/v2\/comments?post=3131"}],"version-history":[{"count":5,"href":"https:\/\/sppq.qc.ca\/en\/wp-json\/wp\/v2\/pages\/3131\/revisions"}],"predecessor-version":[{"id":3872,"href":"https:\/\/sppq.qc.ca\/en\/wp-json\/wp\/v2\/pages\/3131\/revisions\/3872"}],"wp:attachment":[{"href":"https:\/\/sppq.qc.ca\/en\/wp-json\/wp\/v2\/media?parent=3131"}],"curies":[{"name":"wp","href":"https:\/\/api.w.org\/{rel}","templated":true}]}}