{"id":2954,"date":"2023-03-24T11:31:44","date_gmt":"2023-03-24T15:31:44","guid":{"rendered":"https:\/\/sppq.qc.ca\/?page_id=2954"},"modified":"2026-02-05T15:09:44","modified_gmt":"2026-02-05T20:09:44","slug":"bourse-leon-m-tartier","status":"publish","type":"page","link":"https:\/\/sppq.qc.ca\/fr\/bourse-leon-m-tartier\/","title":{"rendered":"Bourse L\u00e9on-M Tartier 2026"},"content":{"rendered":"<p><div class=\"fusion-fullwidth fullwidth-box fusion-builder-row-1 fusion-flex-container has-pattern-background has-mask-background nonhundred-percent-fullwidth non-hundred-percent-height-scrolling\" style=\"--awb-border-radius-top-left:0px;--awb-border-radius-top-right:0px;--awb-border-radius-bottom-right:0px;--awb-border-radius-bottom-left:0px;--awb-flex-wrap:wrap;\" ><div class=\"fusion-builder-row fusion-row fusion-flex-align-items-center fusion-flex-justify-content-center fusion-flex-content-wrap\" style=\"max-width:1040px;margin-left: calc(-4% \/ 2 );margin-right: calc(-4% \/ 2 );\"><div class=\"fusion-layout-column fusion_builder_column fusion-builder-column-0 fusion-flex-column\" style=\"--awb-bg-size:cover;--awb-width-large:auto;--awb-margin-top-large:0px;--awb-spacing-right-large:0%;--awb-margin-bottom-large:81px;--awb-spacing-left-large:2%;--awb-width-medium:100%;--awb-order-medium:0;--awb-spacing-right-medium:1.92%;--awb-spacing-left-medium:1.92%;--awb-width-small:100%;--awb-order-small:0;--awb-spacing-right-small:1.92%;--awb-spacing-left-small:1.92%;\"><div class=\"fusion-column-wrapper fusion-column-has-shadow fusion-flex-justify-content-flex-start fusion-content-layout-column\"><\/div><\/div><\/div><\/div><div class=\"fusion-fullwidth fullwidth-box fusion-builder-row-2 fusion-flex-container has-pattern-background has-mask-background nonhundred-percent-fullwidth non-hundred-percent-height-scrolling\" style=\"--awb-border-radius-top-left:0px;--awb-border-radius-top-right:0px;--awb-border-radius-bottom-right:0px;--awb-border-radius-bottom-left:0px;--awb-flex-wrap:wrap;\" ><div class=\"fusion-builder-row fusion-row fusion-flex-align-items-flex-start fusion-flex-content-wrap\" style=\"max-width:1040px;margin-left: calc(-4% \/ 2 );margin-right: calc(-4% \/ 2 );\"><div class=\"fusion-layout-column fusion_builder_column fusion-builder-column-1 fusion_builder_column_1_1 1_1 fusion-flex-column\" style=\"--awb-bg-size:cover;--awb-width-large:100%;--awb-margin-top-large:0px;--awb-spacing-right-large:1.92%;--awb-margin-bottom-large:0px;--awb-spacing-left-large:1.92%;--awb-width-medium:100%;--awb-order-medium:0;--awb-spacing-right-medium:1.92%;--awb-spacing-left-medium:1.92%;--awb-width-small:100%;--awb-order-small:0;--awb-spacing-right-small:1.92%;--awb-spacing-left-small:1.92%;\"><div class=\"fusion-column-wrapper fusion-column-has-shadow fusion-flex-justify-content-flex-start fusion-content-layout-column\"><div class=\"fusion-text fusion-text-1\"><p style=\"text-align: center;\"><span style=\"color: var(--awb-text-color); font-family: var(--awb-text-font-family); font-size: var(--awb-font-size); font-style: var(--awb-text-font-style); letter-spacing: var(--awb-letter-spacing); text-align: var(--awb-content-alignment); text-transform: var(--awb-text-transform); background-color: var(--awb-bg-color);\"><b style=\"font-size: 37px; color: var(--awb-color4);\" data-fusion-font=\"true\">Bourse L\u00e9on-M Tartier de participation au congr\u00e8s de la SPPQ<\/b><\/span><\/p>\n<p style=\"text-align: center;\"><b style=\"color: var(--awb-text-color); font-family: var(--awb-text-font-family); font-style: var(--awb-text-font-style); letter-spacing: var(--awb-letter-spacing); text-transform: var(--awb-text-transform); background-color: var(--awb-bg-color); font-size: 19px;\" data-fusion-font=\"true\">APPEL DE CANDIDATURES \u2013 2026<\/b><\/p>\n<p><b style=\"color: var(--awb-text-color); font-family: var(--awb-text-font-family); font-size: var(--awb-font-size); font-style: var(--awb-text-font-style); letter-spacing: var(--awb-letter-spacing); text-align: var(--awb-content-alignment); text-transform: var(--awb-text-transform); background-color: var(--awb-bg-color);\">Description<\/b><\/p>\n<p><span style=\"background-color: rgba(0, 0, 0, 0);\">La Soci\u00e9t\u00e9 de protection des plantes du Qu\u00e9bec d\u00e9cerne annuellement une bourse pour encourager les \u00e9tudiantes et les \u00e9tudiants qui poursuivent des \u00e9tudes gradu\u00e9es dans le domaine de la protection des v\u00e9g\u00e9taux \u00e0 participer au congr\u00e8s de la SPPQ. En 2026, les frais d\u2019inscription au congr\u00e8s seront couverts par la bourse L\u00e9on-M. Tartier. La laur\u00e9ate ou le laur\u00e9at devra faire une pr\u00e9sentation au congr\u00e8s pour recevoir cette bourse. Cette bourse est nomm\u00e9e \u00e0 la m\u00e9moire de M. L\u00e9on-M. Tartier, secr\u00e9taire de la SPPQ pendant 30 ans, r\u00e9dacteur des premiers bulletins de nouvelles de la soci\u00e9t\u00e9 et pr\u00e9d\u00e9cesseurs des \u00c9chos Phytosanitaires.<\/span><span style=\"color: var(--awb-text-color); font-family: var(--awb-text-font-family); font-size: var(--awb-font-size); font-style: var(--awb-text-font-style); font-weight: var(--awb-text-font-weight); letter-spacing: var(--awb-letter-spacing); text-align: var(--awb-content-alignment); text-transform: var(--awb-text-transform); background-color: var(--awb-bg-color);\">.<\/span><\/p>\n<p style=\"font-size: 20px;\" data-fusion-font=\"true\"><b>Admissibilit\u00e9<\/b><\/p>\n<p>Les \u00e9tudiantes et \u00e9tudiants qui r\u00e9pondent aux conditions d'admissibilit\u00e9s suivantes sont admis au concours:<\/p>\n<p><span style=\"background-color: rgba(0, 0, 0, 0);\">\u25cf\tD\u00e9tenir, ou pr\u00e9voir obtenir (\u00e0 la date d\u2019attribution de la bourse), un grade en sciences ou en g\u00e9nie d\u2019une universit\u00e9 reconnue ou \u00eatre inscrit \u00e0 temps complet \u00e0 un programme d\u2019\u00e9tudes sup\u00e9rieures (Ma\u00eetrise ou Doctorat) d\u2019une universit\u00e9 qu\u00e9b\u00e9coise, ou avoir l\u2019intention ferme d\u2019y \u00eatre inscrit au moment de l\u2019obtention de la bourse<\/span><\/p>\n<p><span style=\"background-color: rgba(0, 0, 0, 0);\">\u25cf\tLe projet d\u2019\u00e9tudes et de recherche doit \u00eatre directement associ\u00e9 \u00e0 la phytoprotection (phytopathologie, n\u00e9matologie, entomologie ou malherbologie)<\/span><\/p>\n<p><span style=\"background-color: rgba(0, 0, 0, 0);\">\u25cf\tLes \u00e9tudiants d\u00e9j\u00e0 boursiers d\u2019organismes tels le FQRNT ou le CRSNG sont admissibles<\/span><\/p>\n<p><span style=\"background-color: rgba(0, 0, 0, 0);\">\u25cf\t\u00catre membre en r\u00e8gle de la SPPQ au moment de la mise en candidature<\/span><\/p>\n<p><b style=\"font-size: 20px;\" data-fusion-font=\"true\">Mise en candidature<\/b><\/p>\n<p>Le dossier de candidature doit inclure :<\/p>\n<p><span style=\"background-color: rgba(0, 0, 0, 0);\">\u25cf\tUn curriculum vitae \u00e0 jour<\/span><\/p>\n<p><span style=\"background-color: rgba(0, 0, 0, 0);\">\u25cf\tUne preuve d\u2019admission ou d\u2019inscription \u00e0 un programme d\u2019\u00e9tudes sup\u00e9rieures avec sp\u00e9cialisation en phytoprotection (Ma\u00eetrise ou Doctorat) d\u2019une universit\u00e9 qu\u00e9b\u00e9coise<\/span><\/p>\n<p><span style=\"background-color: rgba(0, 0, 0, 0);\">\u25cf\tUn relev\u00e9 de notes universitaires<\/span><\/p>\n<p><span style=\"background-color: rgba(0, 0, 0, 0);\">\u25cf\tUn r\u00e9sum\u00e9 du projet de recherche (maximum de 350 mots)<\/span><\/p>\n<p><span style=\"background-color: rgba(0, 0, 0, 0);\">\u25cf\tUn texte original du candidat portant sur ses motivations \u00e0 entreprendre et \u00e0 poursuivre son projet de recherche, et \u00e0 compl\u00e9ter des \u00e9tudes sup\u00e9rieures en phytoprotection (maximum de 850 mots). <\/span><\/p>\n<p><b style=\"font-size: 20px;\" data-fusion-font=\"true\">Crit\u00e8res de s\u00e9lection (plus de poids \u00e0 la pr\u00e9sentation)<\/b><\/p>\n<p>L'\u00e9valuation tient compte :<\/p>\n<p><span style=\"background-color: rgba(0, 0, 0, 0);\">\u25cf D<\/span><span style=\"background-color: rgba(0, 0, 0, 0);\">u dossier de recherche <\/span><\/p>\n<p>\u25cf Du curriculum vitae<span style=\"background-color: rgba(0, 0, 0, 0);\"><\/span><\/p>\n<p>\u25cf Du texte original et de l\u2019impact de la recherche dans le domaine de la phytoprotection<\/p>\n<p><b style=\"font-size: 20px;\" data-fusion-font=\"true\">Choix du laur\u00e9at<\/b><\/p>\n<p>Un jury, compos\u00e9 d'experts en phytoprotection, proc\u00e9dera \u00e0 l\u2019\u00e9valuation des candidats sur la base des crit\u00e8res de l\u2019excellence acad\u00e9mique, du potentiel et des aptitudes \u00e0 la recherche. Les membres du Comit\u00e9 des bourses de la Soci\u00e9t\u00e9 \u00e9valueront les textes originaux. La bourse couvrant les frais d\u2019inscription sera remise quelques semaines avant la tenue du congr\u00e8s de la Soci\u00e9t\u00e9. <\/p>\n<p><b style=\"font-size: 20px;\" data-fusion-font=\"true\">D\u00e9p\u00f4t des dossiers de candidature<\/b><\/p>\n<p>Les dossiers seront re\u00e7us jusqu\u2019au 1er septembre 2026 \u00e0 minuit \u00e0 l\u2019adresse courriel suivante :<\/p>\n<p>BoursesSPPQ@outlook.fr<\/p>\n<\/div><\/div><\/div><\/div><\/div><\/p>\n","protected":false},"excerpt":{"rendered":"","protected":false},"author":254,"featured_media":0,"parent":0,"menu_order":0,"comment_status":"closed","ping_status":"closed","template":"","meta":{"_price":"","_stock":"","_tribe_ticket_header":"","_tribe_default_ticket_provider":"","_tribe_ticket_capacity":"0","_ticket_start_date":"","_ticket_end_date":"","_tribe_ticket_show_description":"","_tribe_ticket_show_not_going":false,"_tribe_ticket_use_global_stock":"","_tribe_ticket_global_stock_level":"","_global_stock_mode":"","_global_stock_cap":"","_tribe_rsvp_for_event":"","_tribe_ticket_going_count":"","_tribe_ticket_not_going_count":"","_tribe_tickets_list":"[]","_tribe_ticket_has_attendee_info_fields":false,"footnotes":""},"class_list":["post-2954","page","type-page","status-publish","hentry"],"yoast_head":"<!-- This site is optimized with the Yoast SEO plugin v27.2 - https:\/\/yoast.com\/product\/yoast-seo-wordpress\/ -->\n<title>Bourse L\u00e9on-M Tartier 2026 - SPPQ<\/title>\n<meta name=\"robots\" content=\"index, follow, max-snippet:-1, max-image-preview:large, max-video-preview:-1\" \/>\n<link rel=\"canonical\" href=\"https:\/\/sppq.qc.ca\/fr\/bourse-leon-m-tartier\/\" \/>\n<meta property=\"og:locale\" content=\"fr_FR\" \/>\n<meta property=\"og:type\" content=\"article\" \/>\n<meta property=\"og:title\" content=\"Bourse L\u00e9on-M Tartier 2026 - SPPQ\" \/>\n<meta property=\"og:url\" content=\"https:\/\/sppq.qc.ca\/fr\/bourse-leon-m-tartier\/\" \/>\n<meta property=\"og:site_name\" content=\"SPPQ\" \/>\n<meta property=\"article:modified_time\" content=\"2026-02-05T20:09:44+00:00\" \/>\n<meta name=\"twitter:card\" content=\"summary_large_image\" \/>\n<meta name=\"twitter:label1\" content=\"Dur\u00e9e de lecture estim\u00e9e\" \/>\n\t<meta name=\"twitter:data1\" content=\"4 minutes\" \/>\n<script type=\"application\/ld+json\" class=\"yoast-schema-graph\">{\"@context\":\"https:\/\/schema.org\",\"@graph\":[{\"@type\":\"WebPage\",\"@id\":\"https:\/\/sppq.qc.ca\/fr\/bourse-leon-m-tartier\/\",\"url\":\"https:\/\/sppq.qc.ca\/fr\/bourse-leon-m-tartier\/\",\"name\":\"Bourse L\u00e9on-M Tartier 2026 - SPPQ\",\"isPartOf\":{\"@id\":\"https:\/\/sppq.qc.ca\/fr\/#website\"},\"datePublished\":\"2023-03-24T15:31:44+00:00\",\"dateModified\":\"2026-02-05T20:09:44+00:00\",\"breadcrumb\":{\"@id\":\"https:\/\/sppq.qc.ca\/fr\/bourse-leon-m-tartier\/#breadcrumb\"},\"inLanguage\":\"fr-FR\",\"potentialAction\":[{\"@type\":\"ReadAction\",\"target\":[\"https:\/\/sppq.qc.ca\/fr\/bourse-leon-m-tartier\/\"]}]},{\"@type\":\"BreadcrumbList\",\"@id\":\"https:\/\/sppq.qc.ca\/fr\/bourse-leon-m-tartier\/#breadcrumb\",\"itemListElement\":[{\"@type\":\"ListItem\",\"position\":1,\"name\":\"Accueil\",\"item\":\"https:\/\/sppq.qc.ca\/fr\/\"},{\"@type\":\"ListItem\",\"position\":2,\"name\":\"Bourse L\u00e9on-M Tartier 2026\"}]},{\"@type\":\"WebSite\",\"@id\":\"https:\/\/sppq.qc.ca\/fr\/#website\",\"url\":\"https:\/\/sppq.qc.ca\/fr\/\",\"name\":\"SPPQ\",\"description\":\"\",\"potentialAction\":[{\"@type\":\"SearchAction\",\"target\":{\"@type\":\"EntryPoint\",\"urlTemplate\":\"https:\/\/sppq.qc.ca\/fr\/?s={search_term_string}\"},\"query-input\":{\"@type\":\"PropertyValueSpecification\",\"valueRequired\":true,\"valueName\":\"search_term_string\"}}],\"inLanguage\":\"fr-FR\"}]}<\/script>\n<!-- \/ Yoast SEO plugin. -->","yoast_head_json":{"title":"Bourse L\u00e9on-M Tartier 2026 - SPPQ","robots":{"index":"index","follow":"follow","max-snippet":"max-snippet:-1","max-image-preview":"max-image-preview:large","max-video-preview":"max-video-preview:-1"},"canonical":"https:\/\/sppq.qc.ca\/fr\/bourse-leon-m-tartier\/","og_locale":"fr_FR","og_type":"article","og_title":"Bourse L\u00e9on-M Tartier 2026 - SPPQ","og_url":"https:\/\/sppq.qc.ca\/fr\/bourse-leon-m-tartier\/","og_site_name":"SPPQ","article_modified_time":"2026-02-05T20:09:44+00:00","twitter_card":"summary_large_image","twitter_misc":{"Dur\u00e9e de lecture estim\u00e9e":"4 minutes"},"schema":{"@context":"https:\/\/schema.org","@graph":[{"@type":"WebPage","@id":"https:\/\/sppq.qc.ca\/fr\/bourse-leon-m-tartier\/","url":"https:\/\/sppq.qc.ca\/fr\/bourse-leon-m-tartier\/","name":"Bourse L\u00e9on-M Tartier 2026 - SPPQ","isPartOf":{"@id":"https:\/\/sppq.qc.ca\/fr\/#website"},"datePublished":"2023-03-24T15:31:44+00:00","dateModified":"2026-02-05T20:09:44+00:00","breadcrumb":{"@id":"https:\/\/sppq.qc.ca\/fr\/bourse-leon-m-tartier\/#breadcrumb"},"inLanguage":"fr-FR","potentialAction":[{"@type":"ReadAction","target":["https:\/\/sppq.qc.ca\/fr\/bourse-leon-m-tartier\/"]}]},{"@type":"BreadcrumbList","@id":"https:\/\/sppq.qc.ca\/fr\/bourse-leon-m-tartier\/#breadcrumb","itemListElement":[{"@type":"ListItem","position":1,"name":"Accueil","item":"https:\/\/sppq.qc.ca\/fr\/"},{"@type":"ListItem","position":2,"name":"Bourse L\u00e9on-M Tartier 2026"}]},{"@type":"WebSite","@id":"https:\/\/sppq.qc.ca\/fr\/#website","url":"https:\/\/sppq.qc.ca\/fr\/","name":"SPPQ","description":"","potentialAction":[{"@type":"SearchAction","target":{"@type":"EntryPoint","urlTemplate":"https:\/\/sppq.qc.ca\/fr\/?s={search_term_string}"},"query-input":{"@type":"PropertyValueSpecification","valueRequired":true,"valueName":"search_term_string"}}],"inLanguage":"fr-FR"}]}},"jetpack_sharing_enabled":true,"_links":{"self":[{"href":"https:\/\/sppq.qc.ca\/fr\/wp-json\/wp\/v2\/pages\/2954","targetHints":{"allow":["GET"]}}],"collection":[{"href":"https:\/\/sppq.qc.ca\/fr\/wp-json\/wp\/v2\/pages"}],"about":[{"href":"https:\/\/sppq.qc.ca\/fr\/wp-json\/wp\/v2\/types\/page"}],"author":[{"embeddable":true,"href":"https:\/\/sppq.qc.ca\/fr\/wp-json\/wp\/v2\/users\/254"}],"replies":[{"embeddable":true,"href":"https:\/\/sppq.qc.ca\/fr\/wp-json\/wp\/v2\/comments?post=2954"}],"version-history":[{"count":4,"href":"https:\/\/sppq.qc.ca\/fr\/wp-json\/wp\/v2\/pages\/2954\/revisions"}],"predecessor-version":[{"id":3879,"href":"https:\/\/sppq.qc.ca\/fr\/wp-json\/wp\/v2\/pages\/2954\/revisions\/3879"}],"wp:attachment":[{"href":"https:\/\/sppq.qc.ca\/fr\/wp-json\/wp\/v2\/media?parent=2954"}],"curies":[{"name":"wp","href":"https:\/\/api.w.org\/{rel}","templated":true}]}}