{"id":668,"date":"2018-10-03T17:04:58","date_gmt":"2018-10-03T15:04:58","guid":{"rendered":"https:\/\/sppq.qc.ca\/?page_id=668"},"modified":"2020-02-18T12:28:12","modified_gmt":"2020-02-18T17:28:12","slug":"la-fondation","status":"publish","type":"page","link":"https:\/\/sppq.qc.ca\/fr\/la-fondation\/","title":{"rendered":"La fondation"},"content":{"rendered":"<div class=\"fusion-fullwidth fullwidth-box fusion-builder-row-1 nonhundred-percent-fullwidth non-hundred-percent-height-scrolling fusion-equal-height-columns\" style=\"--awb-border-radius-top-left:0px;--awb-border-radius-top-right:0px;--awb-border-radius-bottom-right:0px;--awb-border-radius-bottom-left:0px;--awb-padding-top:0px;--awb-padding-right:0px;--awb-padding-bottom:0px;--awb-padding-left:0px;--awb-flex-wrap:wrap;\" ><div class=\"fusion-builder-row fusion-row\"><div class=\"fusion-layout-column fusion_builder_column fusion-builder-column-0 fusion_builder_column_1_1 1_1 fusion-one-full fusion-column-first fusion-column-last\" style=\"--awb-padding-top:100px;--awb-padding-right:6%;--awb-padding-bottom:100px;--awb-padding-left:6%;--awb-bg-size:cover;\"><div class=\"fusion-column-wrapper fusion-flex-column-wrapper-legacy\"><div class=\"fusion-text fusion-text-1\"><h2>Fonds de dotation de la SPPQ<\/h2>\n<\/div><div class=\"fusion-sep-clear\"><\/div><div class=\"fusion-separator fusion-full-width-sep\" style=\"margin-left: auto;margin-right: auto;margin-top:7px;width:100%;\"><\/div><div class=\"fusion-sep-clear\"><\/div><div class=\"fusion-text fusion-text-2\"><h3>Cr\u00e9ation de la \u00ab Fondation de la Soci\u00e9t\u00e9 de protection des plantes du Qu\u00e9bec \u00bb<\/h3>\n<p>Pour souligner de fa\u00e7on tangible son centenaire, la Soci\u00e9t\u00e9 de protection des plantes du Qu\u00e9bec (SPPQ) a cr\u00e9\u00e9 la Fondation de la Soci\u00e9t\u00e9 de protection des plantes du Qu\u00e9bec. Cette Fondation g\u00e9n\u00e8rera des revenus annuels \u00e0 la SPPQ et va ainsi aider la Soci\u00e9t\u00e9 \u00e0 r\u00e9aliser ses objectifs (par exemple, la bourse aux \u00e9tudiants). C&rsquo;est donc un investissement pour les futures g\u00e9n\u00e9rations qui vont oeuvrer au sein de la SPPQ. Actuellement les dons que la SPPQ consacre \u00e0 la bourse \u00e9tudiante ne sont plus disponibles les ann\u00e9es suivantes. Par contre, lorsque les dons sont d\u00e9pos\u00e9s dans la Fondation de la Soci\u00e9t\u00e9 de protection des plantes du Qu\u00e9bec, ils rapporteront environ 8 % en revenu annuel (moyenne des 10 derni\u00e8res ann\u00e9es), et ce, \u00e0 perp\u00e9tuit\u00e9. Ainsi, 1000 $ de dons dans la Fondation auront rapport\u00e9 1000 $ de revenu apr\u00e8s 12 ans. La Fondation assure ainsi aux donateurs que leurs contributions g\u00e9n\u00e8rent des revenus annuels \u00e0 perp\u00e9tuit\u00e9.<\/p>\n<p>La Fondation cr\u00e9\u00e9e porte le nom de Fonds de dotation de la Soci\u00e9t\u00e9 de protection des plantes du Qu\u00e9bec et est administr\u00e9e par la FCGQ (Fondation communautaire du Grand Qu\u00e9bec) qui g\u00e8re des centaines d&rsquo;autres Fonds dont le Fonds Centraide (liste compl\u00e8te \u00e0 : http:\/\/www.fcommunautaire. com). La FCGQ est un organisme de bienfaisance \u00e0 but non lucratif, qui a pour mission de guider et d&rsquo;aider les organismes comme le n\u00f4tre \u00e0 cr\u00e9er leur propre Fondation et d&rsquo;en assurer la continuit\u00e9 dans le temps. Les dons per\u00e7us par la SPPQ seront remis de fa\u00e7on irr\u00e9versible \u00e0 la FCGQ qui les fera fructifier. Des revenus seront vers\u00e9s \u00e0 la SPPQ d\u00e8s que la valeur de notre Fondation aura atteint 5000 $. La SPPQ dispose de 5 ans pour atteindre cet objectif.<\/p>\n<p>Pour mener \u00e0 bien les destin\u00e9s de la Fondation de la Soci\u00e9t\u00e9 de protection des plantes du Qu\u00e9bec, la SPPQ a form\u00e9 un comit\u00e9. Ce comit\u00e9 a la responsabilit\u00e9 de :<\/p>\n<ol>\n<li>faire la promotion de la Fondation,<\/li>\n<li>solliciter des dons (par des campagnes de financement, activit\u00e9s b\u00e9n\u00e9fices, etc.),<\/li>\n<li>veiller \u00e0 ce que les revenus de la Fondation soient utilis\u00e9s par la SPPQ en respect des objectifs de la Fondation. Il peut aussi recevoir des propositions de projets ou d&rsquo;activit\u00e9s susceptibles de recevoir du financement \u00e0 partir des revenus de la Fondation. Il doit alors s\u00e9lectionner ceux qui rencontrent les objectifs de la Fondation et les soumettre pour approbation au CA de la SPPQ.<\/li>\n<\/ol>\n<p>Les objectifs de la Fondation de la Soci\u00e9t\u00e9 de protection des plantes du Qu\u00e9bec sont de :<\/p>\n<ol>\n<li>diffuser les connaissances scientifiques touchant la protection des plantes,<\/li>\n<li>favoriser les \u00e9changes entre les personnes int\u00e9ress\u00e9es \u00e0 la phytoprotection<\/li>\n<li>encourager la rel\u00e8ve scientifique en phytoprotection<\/li>\n<li>promouvoir la recherche pluridisciplinaire en phytoprotection.<\/li>\n<\/ol>\n<p>Note : \u00c0 la demande de donateurs (5000 $ ou plus), la Fondation de la Soci\u00e9t\u00e9 de protection des plantes du Qu\u00e9bec peut cr\u00e9er des Fonds particuliers associ\u00e9s \u00e0 notre Fondation dont les revenus seront vers\u00e9s pour des activit\u00e9s choisies par le donateur en autant qu&rsquo;elles respectent les objectifs de la Fondation de la SPPQ. Par exemple, le Fonds du docteur Untel, pour aider des \u00e9tudiants gradu\u00e9s \u00e0 participer aux congr\u00e8s de la SPPQ.<\/p>\n<h3>Comment contribuer :<\/h3>\n<ul>\n<li>Lors du renouvellement de sa cotisation \u00e0 la SPPQ, cocher le carr\u00e9 appropri\u00e9 et ajouter le montant \u00e0 son paiement.<\/li>\n<li>Autres : Dons imm\u00e9diats : Assurance-vie (valeur de rachat), Biens immobiliers et autres dons en nature, Valeurs mobili\u00e8res (actions cot\u00e9es en bourse et autres titres) ou Dons diff\u00e9r\u00e9s : Legs testamentaires ou fiducie, Assurance-vie (capital d\u00e9c\u00e8s).<\/li>\n<li>En imprimant le formulaire disponible sous l&rsquo;hyperlien ci-dessous, puis en le retournant compl\u00e9t\u00e9 \u00e0 l&rsquo;adresse suivante :<\/li>\n<\/ul>\n<p style=\"text-align: center;\">SPPQ a\/s Pierre-Antoine Th\u00e9riault<br \/>\nMAPAQ Direction de l&rsquo;agroenvironnement et du d\u00e9veloppement durable<br \/>\n200, chemin Ste-Foy<br \/>\nQu\u00e9bec (Qu\u00e9bec) G1R 4X6<\/p>\n<p><a href=\"https:\/\/sppq.qc.ca\/wp-content\/uploads\/2018\/10\/Formulaire_Fondation.pdf\" target=\"_blank\" rel=\"noopener noreferrer\">Formulaire pour les dons \u00e0 la Fondation<\/a><br \/>\nFormulaire_Fondation.pdf, 122 Kb<\/p>\n<p style=\"text-align: center;\"><strong>Pour les membres d\u00e9sirant faire leur don via un paiement en ligne par carte de cr\u00e9dit,<\/strong><br \/>\n<strong>cliquez sur le bouton \u00ab\u00a0Faire un don\u00a0\u00bb dans le coin haut droit du site Internet.<\/strong><\/p>\n<p>Notes : Tous peuvent contribuer \u00e0 la Fondation, et aucun don n&rsquo;est trop petit ou trop gros. Un re\u00e7u d&rsquo;imp\u00f4t sera remis pour toute somme \u00e9gale ou sup\u00e9rieure \u00e0 10 $;<\/p>\n<h3>Pour informations :<\/h3>\n<p>Contactez l&rsquo;un des membres du Comit\u00e9 de la Fondation de la Soci\u00e9t\u00e9 de protection des plantes du Qu\u00e9bec :<\/p>\n<p>Val\u00e9rie Gravel, pr\u00e9sidente du comit\u00e9 ; <a href=\"mailto:valerie.gravel@mcgill.ca\">valerie.gravel@mcgill.ca<\/a><br \/>\nT\u00e9l. : 514-398-8132<\/p>\n<p>Pierre-Antoine Th\u00e9riault ; <a href=\"mailto:tresorier@sppq.qc.ca\" target=\"_blank\" rel=\"noopener noreferrer\">tresorier@sppq.qc.ca<\/a><br \/>\nT\u00e9l. : 418-380-2150, poste 3178<\/p>\n<\/div><div class=\"fusion-clearfix\"><\/div><\/div><\/div><\/div><\/div>\n","protected":false},"excerpt":{"rendered":"","protected":false},"author":5,"featured_media":0,"parent":0,"menu_order":0,"comment_status":"closed","ping_status":"closed","template":"100-width.php","meta":{"_price":"","_stock":"","_tribe_ticket_header":"","_tribe_default_ticket_provider":"","_tribe_ticket_capacity":"0","_ticket_start_date":"","_ticket_end_date":"","_tribe_ticket_show_description":"","_tribe_ticket_show_not_going":false,"_tribe_ticket_use_global_stock":"","_tribe_ticket_global_stock_level":"","_global_stock_mode":"","_global_stock_cap":"","_tribe_rsvp_for_event":"","_tribe_ticket_going_count":"","_tribe_ticket_not_going_count":"","_tribe_tickets_list":"[]","_tribe_ticket_has_attendee_info_fields":false,"footnotes":""},"class_list":["post-668","page","type-page","status-publish","hentry"],"yoast_head":"<!-- This site is optimized with the Yoast SEO plugin v27.2 - https:\/\/yoast.com\/product\/yoast-seo-wordpress\/ -->\n<title>La fondation - SPPQ<\/title>\n<meta name=\"robots\" content=\"index, follow, max-snippet:-1, max-image-preview:large, max-video-preview:-1\" \/>\n<link rel=\"canonical\" href=\"https:\/\/sppq.qc.ca\/fr\/la-fondation\/\" \/>\n<meta property=\"og:locale\" content=\"fr_FR\" \/>\n<meta property=\"og:type\" content=\"article\" \/>\n<meta property=\"og:title\" content=\"La fondation - SPPQ\" \/>\n<meta property=\"og:url\" content=\"https:\/\/sppq.qc.ca\/fr\/la-fondation\/\" \/>\n<meta property=\"og:site_name\" content=\"SPPQ\" \/>\n<meta property=\"article:modified_time\" content=\"2020-02-18T17:28:12+00:00\" \/>\n<meta name=\"twitter:card\" content=\"summary_large_image\" \/>\n<meta name=\"twitter:label1\" content=\"Dur\u00e9e de lecture estim\u00e9e\" \/>\n\t<meta name=\"twitter:data1\" content=\"5 minutes\" \/>\n<script type=\"application\/ld+json\" class=\"yoast-schema-graph\">{\"@context\":\"https:\/\/schema.org\",\"@graph\":[{\"@type\":\"WebPage\",\"@id\":\"https:\/\/sppq.qc.ca\/fr\/la-fondation\/\",\"url\":\"https:\/\/sppq.qc.ca\/fr\/la-fondation\/\",\"name\":\"La fondation - SPPQ\",\"isPartOf\":{\"@id\":\"https:\/\/sppq.qc.ca\/fr\/#website\"},\"datePublished\":\"2018-10-03T15:04:58+00:00\",\"dateModified\":\"2020-02-18T17:28:12+00:00\",\"breadcrumb\":{\"@id\":\"https:\/\/sppq.qc.ca\/fr\/la-fondation\/#breadcrumb\"},\"inLanguage\":\"fr-FR\",\"potentialAction\":[{\"@type\":\"ReadAction\",\"target\":[\"https:\/\/sppq.qc.ca\/fr\/la-fondation\/\"]}]},{\"@type\":\"BreadcrumbList\",\"@id\":\"https:\/\/sppq.qc.ca\/fr\/la-fondation\/#breadcrumb\",\"itemListElement\":[{\"@type\":\"ListItem\",\"position\":1,\"name\":\"Accueil\",\"item\":\"https:\/\/sppq.qc.ca\/fr\/\"},{\"@type\":\"ListItem\",\"position\":2,\"name\":\"La fondation\"}]},{\"@type\":\"WebSite\",\"@id\":\"https:\/\/sppq.qc.ca\/fr\/#website\",\"url\":\"https:\/\/sppq.qc.ca\/fr\/\",\"name\":\"SPPQ\",\"description\":\"\",\"potentialAction\":[{\"@type\":\"SearchAction\",\"target\":{\"@type\":\"EntryPoint\",\"urlTemplate\":\"https:\/\/sppq.qc.ca\/fr\/?s={search_term_string}\"},\"query-input\":{\"@type\":\"PropertyValueSpecification\",\"valueRequired\":true,\"valueName\":\"search_term_string\"}}],\"inLanguage\":\"fr-FR\"}]}<\/script>\n<!-- \/ Yoast SEO plugin. -->","yoast_head_json":{"title":"La fondation - SPPQ","robots":{"index":"index","follow":"follow","max-snippet":"max-snippet:-1","max-image-preview":"max-image-preview:large","max-video-preview":"max-video-preview:-1"},"canonical":"https:\/\/sppq.qc.ca\/fr\/la-fondation\/","og_locale":"fr_FR","og_type":"article","og_title":"La fondation - SPPQ","og_url":"https:\/\/sppq.qc.ca\/fr\/la-fondation\/","og_site_name":"SPPQ","article_modified_time":"2020-02-18T17:28:12+00:00","twitter_card":"summary_large_image","twitter_misc":{"Dur\u00e9e de lecture estim\u00e9e":"5 minutes"},"schema":{"@context":"https:\/\/schema.org","@graph":[{"@type":"WebPage","@id":"https:\/\/sppq.qc.ca\/fr\/la-fondation\/","url":"https:\/\/sppq.qc.ca\/fr\/la-fondation\/","name":"La fondation - SPPQ","isPartOf":{"@id":"https:\/\/sppq.qc.ca\/fr\/#website"},"datePublished":"2018-10-03T15:04:58+00:00","dateModified":"2020-02-18T17:28:12+00:00","breadcrumb":{"@id":"https:\/\/sppq.qc.ca\/fr\/la-fondation\/#breadcrumb"},"inLanguage":"fr-FR","potentialAction":[{"@type":"ReadAction","target":["https:\/\/sppq.qc.ca\/fr\/la-fondation\/"]}]},{"@type":"BreadcrumbList","@id":"https:\/\/sppq.qc.ca\/fr\/la-fondation\/#breadcrumb","itemListElement":[{"@type":"ListItem","position":1,"name":"Accueil","item":"https:\/\/sppq.qc.ca\/fr\/"},{"@type":"ListItem","position":2,"name":"La fondation"}]},{"@type":"WebSite","@id":"https:\/\/sppq.qc.ca\/fr\/#website","url":"https:\/\/sppq.qc.ca\/fr\/","name":"SPPQ","description":"","potentialAction":[{"@type":"SearchAction","target":{"@type":"EntryPoint","urlTemplate":"https:\/\/sppq.qc.ca\/fr\/?s={search_term_string}"},"query-input":{"@type":"PropertyValueSpecification","valueRequired":true,"valueName":"search_term_string"}}],"inLanguage":"fr-FR"}]}},"jetpack_sharing_enabled":true,"_links":{"self":[{"href":"https:\/\/sppq.qc.ca\/fr\/wp-json\/wp\/v2\/pages\/668","targetHints":{"allow":["GET"]}}],"collection":[{"href":"https:\/\/sppq.qc.ca\/fr\/wp-json\/wp\/v2\/pages"}],"about":[{"href":"https:\/\/sppq.qc.ca\/fr\/wp-json\/wp\/v2\/types\/page"}],"author":[{"embeddable":true,"href":"https:\/\/sppq.qc.ca\/fr\/wp-json\/wp\/v2\/users\/5"}],"replies":[{"embeddable":true,"href":"https:\/\/sppq.qc.ca\/fr\/wp-json\/wp\/v2\/comments?post=668"}],"version-history":[{"count":7,"href":"https:\/\/sppq.qc.ca\/fr\/wp-json\/wp\/v2\/pages\/668\/revisions"}],"predecessor-version":[{"id":2447,"href":"https:\/\/sppq.qc.ca\/fr\/wp-json\/wp\/v2\/pages\/668\/revisions\/2447"}],"wp:attachment":[{"href":"https:\/\/sppq.qc.ca\/fr\/wp-json\/wp\/v2\/media?parent=668"}],"curies":[{"name":"wp","href":"https:\/\/api.w.org\/{rel}","templated":true}]}}