{"id":686,"date":"2018-10-03T17:34:57","date_gmt":"2018-10-03T15:34:57","guid":{"rendered":"https:\/\/sppq.qc.ca\/?page_id=686"},"modified":"2025-08-15T11:50:50","modified_gmt":"2025-08-15T15:50:50","slug":"evenements-passes","status":"publish","type":"page","link":"https:\/\/sppq.qc.ca\/fr\/evenements-passes\/","title":{"rendered":"\u00c9v\u00e9nements pass\u00e9s"},"content":{"rendered":"<div class=\"fusion-fullwidth fullwidth-box fusion-builder-row-1 hundred-percent-fullwidth non-hundred-percent-height-scrolling fusion-equal-height-columns\" style=\"--awb-border-radius-top-left:0px;--awb-border-radius-top-right:0px;--awb-border-radius-bottom-right:0px;--awb-border-radius-bottom-left:0px;--awb-padding-top:0px;--awb-padding-right:0px;--awb-padding-bottom:0px;--awb-padding-left:0px;--awb-margin-top:0px;--awb-margin-bottom:0px;--awb-flex-wrap:wrap;\" ><div class=\"fusion-builder-row fusion-row\"><div class=\"fusion-layout-column fusion_builder_column fusion-builder-column-0 fusion_builder_column_2_3 2_3 fusion-two-third fusion-column-first\" style=\"--awb-padding-top:100px;--awb-padding-right:6%;--awb-padding-bottom:100px;--awb-padding-left:6%;--awb-bg-blend:overlay;--awb-bg-size:cover;width:66.666666666667%;width:calc(66.666666666667% - ( ( 0 ) * 0.66666666666667 ) );margin-right: 0px;\"><div class=\"fusion-column-wrapper fusion-flex-column-wrapper-legacy\"><div class=\"fusion-text fusion-text-1\"><h2 class=\"fusion-responsive-typography-calculated\" style=\"text-align: left; --fontsize: 40; line-height: 1.3;\" data-fontsize=\"40\" data-lineheight=\"52px\">Archives<\/h2>\n<\/div><div class=\"fusion-sep-clear\"><\/div><div class=\"fusion-separator fusion-clearfix\" style=\"float:left;margin-bottom:30px;width:100%;max-width:100px;\"><div class=\"fusion-separator-border sep-single sep-solid\" style=\"--awb-height:20px;--awb-amount:20px;border-color:#7ac142;border-top-width:2px;\"><\/div><\/div><div class=\"fusion-sep-clear\"><\/div><div class=\"fusion-text fusion-text-2\"><h3 class=\"\" style=\"text-align: left; --fontsize: 32; line-height: 1.4;\" data-fontsize=\"32\" data-lineheight=\"44.8px\">Congr\u00e8s 2025<\/h3>\n<p style=\"text-align: left; --fontsize: 32; line-height: 1.4;\"><span style=\"background-color: rgba(0, 0, 0, 0);\">\u00ab<\/span><span style=\"color: rgb(81, 62, 62); font-size: 16px; background-color: rgba(0, 0, 0, 0);\">Les interactions sols-plantes, la cl\u00e9 vers une gestion \u00e9coresponsable des ressources<\/span><span style=\"background-color: rgba(0, 0, 0, 0);\">\u00bb<\/span><\/p>\n<p style=\"text-align: left;\">10 au 12 juin \u00e0 l\u2019Auberge de la Pointe \u00e0 <span style=\"background-color: rgba(0, 0, 0, 0);\"><b>Rivi\u00e8re-du-Loup<\/b><\/span><\/p>\n<\/div><div class=\"fusion-button-wrapper\"><a class=\"fusion-button button-flat fusion-button-default-size button-default fusion-button-default button-1 fusion-button-default-span fusion-button-default-type\" target=\"_self\" href=\"https:\/\/api.fourwaves.com\/api\/files\/serve\/76951c50-57b8-4b9d-a337-3f4a06a2c114\"><span class=\"fusion-button-text awb-button__text awb-button__text--default\">PROGRAMME 2025<\/span><\/a><\/div><div class=\"fusion-text fusion-text-3\"><h3 class=\"\" style=\"text-align: left; --fontsize: 32; line-height: 1.4;\" data-fontsize=\"32\" data-lineheight=\"44.8px\"><\/h3>\n<h3 class=\"\" style=\"text-align: left; --fontsize: 32; line-height: 1.4;\" data-fontsize=\"32\" data-lineheight=\"44.8px\">Congr\u00e8s 2024<\/h3>\n<p style=\"text-align: left; --fontsize: 32; line-height: 1.4;\"><span style=\"background-color: rgba(0, 0, 0, 0);\">\u00ab<\/span>Phytoprotection: vers un diagnostic de nouvelle g\u00e9n\u00e9ration<span style=\"background-color: rgba(0, 0, 0, 0);\">\u00bb<\/span><\/p>\n<p style=\"text-align: left;\">6 et 7 juin <span style=\"background-color: rgba(0, 0, 0, 0);\">\u00e0 l\u2019H\u00f4tel -Mus\u00e9e des Premi\u00e8res Nations \u00e0 <b>Wendake<\/b><\/span><\/p>\n<\/div><div class=\"fusion-button-wrapper\"><a class=\"fusion-button button-flat fusion-button-default-size button-default fusion-button-default button-2 fusion-button-default-span fusion-button-default-type\" target=\"_self\" href=\"https:\/\/event.fourwaves.com\/fr\/sppq2024\/pages\"><span class=\"fusion-button-text awb-button__text awb-button__text--default\">PROGRAMME 2024<\/span><\/a><\/div><div class=\"fusion-text fusion-text-4\"><h3 class=\"fusion-responsive-typography-calculated\" style=\"text-align: left; --fontsize: 32; line-height: 1.4;\" data-fontsize=\"32\" data-lineheight=\"44.8px\"><\/h3>\n<h3 class=\"fusion-responsive-typography-calculated\" style=\"text-align: left; --fontsize: 32; line-height: 1.4;\" data-fontsize=\"32\" data-lineheight=\"44.8px\">Congr\u00e8s 2023<\/h3>\n<p style=\"text-align: left;\">19 et 20 octobre \u00e0 l&rsquo;H\u00f4tel Universel \u00e0 <strong>Montr\u00e9al<\/strong><\/p>\n<\/div><div class=\"fusion-button-wrapper\"><a class=\"fusion-button button-flat fusion-button-default-size button-default fusion-button-default button-3 fusion-button-default-span fusion-button-default-type\" target=\"_self\" href=\"https:\/\/cdn.fourwaves.com\/static\/media\/filecontent\/09ab545d-bad5-4175-b4d3-a49bd51e899e\/b8d784f7-8023-4ec1-9f5c-8351ec08ee8c.pdf\"><span class=\"fusion-button-text awb-button__text awb-button__text--default\">PROGRAMME 2023<\/span><\/a><\/div><div class=\"fusion-text fusion-text-5\"><h3 data-fontsize=\"32\" data-lineheight=\"44.8px\"><\/h3>\n<h3 class=\"fusion-responsive-typography-calculated\" style=\"text-align: left; --fontsize: 32; line-height: 1.4;\" data-fontsize=\"32\" data-lineheight=\"44.8px\">Congr\u00e8s 2021<\/h3>\n<p style=\"text-align: left;\">\u00abL\u2019intelligence artificielle au service de la phytoprotection\u00bb<\/p>\n<p style=\"text-align: left;\">16 et 17 septembre en ligne<\/p>\n<\/div><div class=\"fusion-button-wrapper\"><a class=\"fusion-button button-flat fusion-button-default-size button-default fusion-button-default button-4 fusion-button-default-span fusion-button-default-type\" target=\"_self\" href=\"https:\/\/sppq.qc.ca\/wp-content\/uploads\/2021\/06\/Programme-preliminaire-Congres-Annuel-SPPQ-a-diffuser.pdf\"><span class=\"fusion-button-text awb-button__text awb-button__text--default\">PROGRAMME 2021<\/span><\/a><\/div><div class=\"fusion-text fusion-text-6\"><h3 class=\"fusion-responsive-typography-calculated\" style=\"--fontsize: 32; line-height: 1.4;\" data-fontsize=\"32\" data-lineheight=\"44.8px\"><\/h3>\n<h3 class=\"fusion-responsive-typography-calculated\" style=\"text-align: center; --fontsize: 32; line-height: 1.4;\" data-fontsize=\"32\" data-lineheight=\"44.8px\"><\/h3>\n<h3 class=\"fusion-responsive-typography-calculated\" style=\"text-align: left; --fontsize: 32; line-height: 1.4;\" data-fontsize=\"32\" data-lineheight=\"44.8px\">Congr\u00e8s conjoint Centre SEVE-SPPQ 2019<\/h3>\n<p style=\"text-align: left;\">13 au 14 novembre \u00e0 l&rsquo;H\u00f4tel Ch\u00e2teau-Bromont \u00e0 <strong>Bromont<\/strong><\/p>\n<p style=\"text-align: center;\"><strong>\u00a0<\/strong><\/p>\n<h3 class=\"fusion-responsive-typography-calculated\" style=\"text-align: center; --fontsize: 32; line-height: 1.4;\" data-fontsize=\"32\" data-lineheight=\"44.8px\"><\/h3>\n<h3 class=\"fusion-responsive-typography-calculated\" style=\"text-align: left; --fontsize: 32; line-height: 1.4;\" data-fontsize=\"32\" data-lineheight=\"44.8px\">Congr\u00e8s conjoint CPS-SPPQ 2018<\/h3>\n<p style=\"text-align: left;\"><strong>\u00abL\u2019avenir des pesticides et l\u2019\u00e8re des \u2018omiques\u2019: les agents pathog\u00e8nes auront-ils le dernier mot?\u00bb<\/strong><\/p>\n<p style=\"text-align: left;\">17 au 20 juin \u00e0 l&rsquo;H\u00f4tel Delta de <strong>Qu\u00e9bec<\/strong><\/p>\n<div class=\"fusion-alignleft\"><a class=\"fusion-button button-flat fusion-button-default-size button-default fusion-button-default button-5 fusion-button-default-span fusion-button-default-type\" target=\"_blank\" rel=\"noopener noreferrer\" href=\"https:\/\/phytopath.ca\/wp-content\/uploads\/2018\/06\/Program-for-CPS-QSPP-2018-Joint-meeting-Final-Print.pdf\"><span class=\"fusion-button-text awb-button__text awb-button__text--default\">Programme 2018<\/span><\/a><\/div>\n<h3 class=\"fusion-responsive-typography-calculated\" style=\"--fontsize: 32; line-height: 1.4;\" data-fontsize=\"32\" data-lineheight=\"44.8px\"><\/h3>\n<h3 class=\"fusion-responsive-typography-calculated\" style=\"--fontsize: 32; line-height: 1.4;\" data-fontsize=\"32\" data-lineheight=\"44.8px\"><\/h3>\n<p>&nbsp;<\/p>\n<p>&nbsp;<\/p>\n<h3 class=\"fusion-responsive-typography-calculated\" style=\"text-align: left; --fontsize: 32; line-height: 1.4;\" data-fontsize=\"32\" data-lineheight=\"44.8px\">Congr\u00e8s 2017<\/h3>\n<p style=\"text-align: left;\"><strong>\u00abPhytoprotection: Pilier d&rsquo;un agro-\u00e9cosyst\u00e8me durable\u00bb<\/strong><\/p>\n<p style=\"text-align: left;\">8 et 9 juin 2017 au campus Macdonald de l&rsquo;Universit\u00e9 McGill \u00e0 <strong>Ste-Anne-de-Bellevue<\/strong><\/p>\n<div class=\"fusion-aligncenter\"><a class=\"fusion-button button-flat fusion-button-default-size button-default fusion-button-default button-6 fusion-button-default-span fusion-button-default-type\" target=\"_blank\" rel=\"noopener noreferrer\" href=\"https:\/\/sppq.qc.ca\/wp-content\/uploads\/2018\/10\/SPPQ_programme_2017.pdf\"><span class=\"fusion-button-text awb-button__text awb-button__text--default\">Programme 2017<\/span><\/a><\/div>\n<h3 class=\"fusion-responsive-typography-calculated\" style=\"--fontsize: 32; line-height: 1.4;\" data-fontsize=\"32\" data-lineheight=\"44.8px\"><\/h3>\n<h3 class=\"fusion-responsive-typography-calculated\" style=\"--fontsize: 32; line-height: 1.4;\" data-fontsize=\"32\" data-lineheight=\"44.8px\"><\/h3>\n<p>&nbsp;<\/p>\n<h3 class=\"fusion-responsive-typography-calculated\" style=\"text-align: left; --fontsize: 32; line-height: 1.4;\" data-fontsize=\"32\" data-lineheight=\"44.8px\">Congr\u00e8s 2016<\/h3>\n<p style=\"text-align: left;\"><strong>\u00abLa lutte int\u00e9gr\u00e9e: difficile \u00e0 int\u00e9grer\u00bb<\/strong><\/p>\n<p style=\"text-align: left;\">Congr\u00e8s conjoint avec la Soci\u00e9t\u00e9 d&rsquo;Entomologie du Qu\u00e9bec<\/p>\n<p style=\"text-align: left;\">2 au 4 novembre 2016 \u00e0 l&rsquo;H\u00f4tel Montfort de <strong>Nicolet<\/strong><\/p>\n<div class=\"fusion-aligncenter\"><a class=\"fusion-button button-flat fusion-button-default-size button-default fusion-button-default button-7 fusion-button-default-span fusion-button-default-type\" target=\"_blank\" rel=\"noopener noreferrer\" href=\"https:\/\/sppq.qc.ca\/wp-content\/uploads\/2018\/10\/Programme-prliminaire_Congres-SEQ-SPPQ-2016-2.pdf\"><span class=\"fusion-button-text awb-button__text awb-button__text--default\">Programme 2016<\/span><\/a><\/div>\n<p>&nbsp;<\/p>\n<h3 class=\"fusion-responsive-typography-calculated\" style=\"text-align: left; --fontsize: 32; line-height: 1.4;\" data-fontsize=\"32\" data-lineheight=\"44.8px\">Congr\u00e8s 2015<\/h3>\n<p style=\"text-align: left;\"><strong>\u00abLa r\u00e9volution g\u00e9nomique au service de la phytoprotection\u00bb<\/strong><\/p>\n<p style=\"text-align: left;\">16 au 18 juin 2015 au ch\u00e2teau Mont-Ste-Anne \u00e0 <strong>Beaupr\u00e9<\/strong><\/p>\n<div class=\"fusion-aligncenter\"><a class=\"fusion-button button-flat fusion-button-default-size button-default fusion-button-default button-8 fusion-button-default-span fusion-button-default-type\" target=\"_blank\" rel=\"noopener noreferrer\" href=\"https:\/\/sppq.qc.ca\/wp-content\/uploads\/2018\/10\/ProgrammePreliminaire_congresSPPQ_15mai2015.pdf\"><span class=\"fusion-button-text awb-button__text awb-button__text--default\">Programme 2015<\/span><\/a><\/div>\n<p>&nbsp;<\/p>\n<h3 class=\"fusion-responsive-typography-calculated\" style=\"text-align: left; --fontsize: 32; line-height: 1.4;\" data-fontsize=\"32\" data-lineheight=\"44.8px\">Congr\u00e8s 2014<\/h3>\n<p style=\"text-align: left;\"><strong>\u00abLes plantes bio-industrielles \u2013 enjeux environnementaux et phytosanitaires\u00bb<\/strong><\/p>\n<p style=\"text-align: left;\">10 et 11 juin 2014 \u00e0 l\u2019H\u00f4tel Les Trois Tilleuls de <strong>St-Marc-sur-Richelieu<\/strong><\/p>\n<div class=\"fusion-aligncenter\"><a class=\"fusion-button button-flat fusion-button-default-size button-default fusion-button-default button-9 fusion-button-default-span fusion-button-default-type\" target=\"_blank\" rel=\"noopener noreferrer\" href=\"\/?p=763\"><span class=\"fusion-button-text awb-button__text awb-button__text--default\">Programme 2014<\/span><\/a><\/div>\n<h3 class=\"fusion-responsive-typography-calculated\" style=\"--fontsize: 32; line-height: 1.4;\" data-fontsize=\"32\" data-lineheight=\"44.8px\">Congr\u00e8s 2013<\/h3>\n<p><strong>\u00abNano, l&rsquo;infiniment petit&#8230; une solution d&rsquo;avenir en phytoprotection\u00bb<\/strong><\/p>\n<p>5 et 6 juin 2013 \u00e0 l\u2019H\u00f4tel Sheraton Four Points de <strong>Qu\u00e9bec<\/strong><\/p>\n<h3 class=\"fusion-responsive-typography-calculated\" style=\"--fontsize: 32; line-height: 1.4;\" data-fontsize=\"32\" data-lineheight=\"44.8px\">Congr\u00e8s 2012<\/h3>\n<p><strong>\u00ab Spores, toxines et allerg\u00e8nes des esp\u00e8ces nuisibles, les risques pour la sant\u00e9 humaine \u00bb<\/strong><\/p>\n<p>5 et 6 juin 2012 \u00e0 l\u2019H\u00f4tel Plaza <strong>Valleyfield<\/strong>.<\/p>\n<h3 class=\"fusion-responsive-typography-calculated\" style=\"--fontsize: 32; line-height: 1.4;\" data-fontsize=\"32\" data-lineheight=\"44.8px\">Congr\u00e8s 2011<\/h3>\n<p><strong>\u00ab Esp\u00e8ces exotiques et envahissantes : comment y faire face ? \u00bb<\/strong><\/p>\n<p>14 et 15 juin 2011 \u00e0 l\u2019H\u00f4tel L\u2019Oiseli\u00e8re de Montmagny<\/p>\n<h3 class=\"fusion-responsive-typography-calculated\" style=\"--fontsize: 32; line-height: 1.4;\" data-fontsize=\"32\" data-lineheight=\"44.8px\">Congr\u00e8s 2010<\/h3>\n<p><strong>\u00ab Vers des syst\u00e8mes sol \u2013 plante sains et durables \u00bb<\/strong><\/p>\n<p>1er au 3 juin 2010 \u00e0 l\u2019Abbaye d\u2019<strong>Oka<\/strong><\/p>\n<h3 class=\"fusion-responsive-typography-calculated\" style=\"--fontsize: 32; line-height: 1.4;\" data-fontsize=\"32\" data-lineheight=\"44.8px\">Congr\u00e8s 2009<\/h3>\n<p><strong>\u00ab R\u00e9sistance et approche syst\u00e9mique : nouveaux d\u00e9fis \u00bb<\/strong><\/p>\n<p>Congr\u00e8s conjoint avec le Colloque en phytoprotection du CRAAQ.<\/p>\n<p>22 et 23 octobre 2009 au Best Western H\u00f4tel Universel \u00e0 <strong>Drummondville<\/strong><\/p>\n<h3 class=\"fusion-responsive-typography-calculated\" style=\"--fontsize: 32; line-height: 1.4;\" data-fontsize=\"32\" data-lineheight=\"44.8px\">Congr\u00e8s 2008<\/h3>\n<p><strong>\u00ab La phytoprotection, 100 ans de d\u00e9couvertes : un tremplin vers l\u2019avenir! \u00bb<\/strong><\/p>\n<p>Congr\u00e8s conjoint avec la Soci\u00e9t\u00e9 d&rsquo;entomologie du Qu\u00e9bec (SEQ) r\u00e9alis\u00e9 dans le cadre des activit\u00e9s du centenaire de la SPPQ.<\/p>\n<p>20 et 21 novembre 2008 \u00e0 l&rsquo;Hotel Ch\u00e2teau Laurier \u00e0 <strong>Qu\u00e9bec<\/strong><\/p>\n<\/div><div class=\"fusion-clearfix\"><\/div><\/div><\/div><div class=\"fusion-layout-column fusion_builder_column fusion-builder-column-1 fusion_builder_column_1_3 1_3 fusion-one-third fusion-column-last\" style=\"--awb-bg-color:#4c5166;--awb-bg-color-hover:#4c5166;--awb-bg-image:url(&#039;https:\/\/sppq.qc.ca\/wp-content\/uploads\/2018\/10\/grain-873260_1920.jpg&#039;);--awb-bg-position:center top;--awb-bg-size:cover;width:33.333333333333%;width:calc(33.333333333333% - ( ( 0 ) * 0.33333333333333 ) );\"><div class=\"fusion-column-wrapper fusion-flex-column-wrapper-legacy fusion-empty-column-bg-image fusion-column-has-bg-image\" data-bg-url=\"https:\/\/sppq.qc.ca\/wp-content\/uploads\/2018\/10\/grain-873260_1920.jpg\"><img decoding=\"async\" class=\"fusion-empty-dims-img-placeholder fusion-no-large-visibility\" aria-label=\"grain-873260_1920\" src=\"data:image\/svg+xml,%3Csvg%20xmlns%3D%27http%3A%2F%2Fwww.w3.org%2F2000%2Fsvg%27%20width%3D%271272%27%20height%3D%271920%27%20viewBox%3D%270%200%201272%201920%27%3E%3Crect%20width%3D%271272%27%20height%3D%271920%27%20fill-opacity%3D%220%22%2F%3E%3C%2Fsvg%3E\"><div class=\"fusion-clearfix\"><\/div><\/div><\/div><\/div><\/div>\n","protected":false},"excerpt":{"rendered":"","protected":false},"author":5,"featured_media":0,"parent":0,"menu_order":0,"comment_status":"closed","ping_status":"closed","template":"100-width.php","meta":{"_price":"","_stock":"","_tribe_ticket_header":"","_tribe_default_ticket_provider":"","_tribe_ticket_capacity":"0","_ticket_start_date":"","_ticket_end_date":"","_tribe_ticket_show_description":"","_tribe_ticket_show_not_going":false,"_tribe_ticket_use_global_stock":"","_tribe_ticket_global_stock_level":"","_global_stock_mode":"","_global_stock_cap":"","_tribe_rsvp_for_event":"","_tribe_ticket_going_count":"","_tribe_ticket_not_going_count":"","_tribe_tickets_list":"[]","_tribe_ticket_has_attendee_info_fields":false,"footnotes":""},"class_list":["post-686","page","type-page","status-publish","hentry"],"yoast_head":"<!-- This site is optimized with the Yoast SEO plugin v27.2 - https:\/\/yoast.com\/product\/yoast-seo-wordpress\/ -->\n<title>\u00c9v\u00e9nements pass\u00e9s - SPPQ<\/title>\n<meta name=\"robots\" content=\"index, follow, max-snippet:-1, max-image-preview:large, max-video-preview:-1\" \/>\n<link rel=\"canonical\" href=\"https:\/\/sppq.qc.ca\/fr\/evenements-passes\/\" \/>\n<meta property=\"og:locale\" content=\"fr_FR\" \/>\n<meta property=\"og:type\" content=\"article\" \/>\n<meta property=\"og:title\" content=\"\u00c9v\u00e9nements pass\u00e9s - SPPQ\" \/>\n<meta property=\"og:url\" content=\"https:\/\/sppq.qc.ca\/fr\/evenements-passes\/\" \/>\n<meta property=\"og:site_name\" content=\"SPPQ\" \/>\n<meta property=\"article:modified_time\" content=\"2025-08-15T15:50:50+00:00\" \/>\n<meta name=\"twitter:card\" content=\"summary_large_image\" \/>\n<meta name=\"twitter:label1\" content=\"Dur\u00e9e de lecture estim\u00e9e\" \/>\n\t<meta name=\"twitter:data1\" content=\"2 minutes\" \/>\n<script type=\"application\/ld+json\" class=\"yoast-schema-graph\">{\"@context\":\"https:\/\/schema.org\",\"@graph\":[{\"@type\":\"WebPage\",\"@id\":\"https:\/\/sppq.qc.ca\/fr\/evenements-passes\/\",\"url\":\"https:\/\/sppq.qc.ca\/fr\/evenements-passes\/\",\"name\":\"\u00c9v\u00e9nements pass\u00e9s - SPPQ\",\"isPartOf\":{\"@id\":\"https:\/\/sppq.qc.ca\/fr\/#website\"},\"datePublished\":\"2018-10-03T15:34:57+00:00\",\"dateModified\":\"2025-08-15T15:50:50+00:00\",\"breadcrumb\":{\"@id\":\"https:\/\/sppq.qc.ca\/fr\/evenements-passes\/#breadcrumb\"},\"inLanguage\":\"fr-FR\",\"potentialAction\":[{\"@type\":\"ReadAction\",\"target\":[\"https:\/\/sppq.qc.ca\/fr\/evenements-passes\/\"]}]},{\"@type\":\"BreadcrumbList\",\"@id\":\"https:\/\/sppq.qc.ca\/fr\/evenements-passes\/#breadcrumb\",\"itemListElement\":[{\"@type\":\"ListItem\",\"position\":1,\"name\":\"Accueil\",\"item\":\"https:\/\/sppq.qc.ca\/fr\/\"},{\"@type\":\"ListItem\",\"position\":2,\"name\":\"\u00c9v\u00e9nements pass\u00e9s\"}]},{\"@type\":\"WebSite\",\"@id\":\"https:\/\/sppq.qc.ca\/fr\/#website\",\"url\":\"https:\/\/sppq.qc.ca\/fr\/\",\"name\":\"SPPQ\",\"description\":\"\",\"potentialAction\":[{\"@type\":\"SearchAction\",\"target\":{\"@type\":\"EntryPoint\",\"urlTemplate\":\"https:\/\/sppq.qc.ca\/fr\/?s={search_term_string}\"},\"query-input\":{\"@type\":\"PropertyValueSpecification\",\"valueRequired\":true,\"valueName\":\"search_term_string\"}}],\"inLanguage\":\"fr-FR\"}]}<\/script>\n<!-- \/ Yoast SEO plugin. -->","yoast_head_json":{"title":"\u00c9v\u00e9nements pass\u00e9s - SPPQ","robots":{"index":"index","follow":"follow","max-snippet":"max-snippet:-1","max-image-preview":"max-image-preview:large","max-video-preview":"max-video-preview:-1"},"canonical":"https:\/\/sppq.qc.ca\/fr\/evenements-passes\/","og_locale":"fr_FR","og_type":"article","og_title":"\u00c9v\u00e9nements pass\u00e9s - SPPQ","og_url":"https:\/\/sppq.qc.ca\/fr\/evenements-passes\/","og_site_name":"SPPQ","article_modified_time":"2025-08-15T15:50:50+00:00","twitter_card":"summary_large_image","twitter_misc":{"Dur\u00e9e de lecture estim\u00e9e":"2 minutes"},"schema":{"@context":"https:\/\/schema.org","@graph":[{"@type":"WebPage","@id":"https:\/\/sppq.qc.ca\/fr\/evenements-passes\/","url":"https:\/\/sppq.qc.ca\/fr\/evenements-passes\/","name":"\u00c9v\u00e9nements pass\u00e9s - SPPQ","isPartOf":{"@id":"https:\/\/sppq.qc.ca\/fr\/#website"},"datePublished":"2018-10-03T15:34:57+00:00","dateModified":"2025-08-15T15:50:50+00:00","breadcrumb":{"@id":"https:\/\/sppq.qc.ca\/fr\/evenements-passes\/#breadcrumb"},"inLanguage":"fr-FR","potentialAction":[{"@type":"ReadAction","target":["https:\/\/sppq.qc.ca\/fr\/evenements-passes\/"]}]},{"@type":"BreadcrumbList","@id":"https:\/\/sppq.qc.ca\/fr\/evenements-passes\/#breadcrumb","itemListElement":[{"@type":"ListItem","position":1,"name":"Accueil","item":"https:\/\/sppq.qc.ca\/fr\/"},{"@type":"ListItem","position":2,"name":"\u00c9v\u00e9nements pass\u00e9s"}]},{"@type":"WebSite","@id":"https:\/\/sppq.qc.ca\/fr\/#website","url":"https:\/\/sppq.qc.ca\/fr\/","name":"SPPQ","description":"","potentialAction":[{"@type":"SearchAction","target":{"@type":"EntryPoint","urlTemplate":"https:\/\/sppq.qc.ca\/fr\/?s={search_term_string}"},"query-input":{"@type":"PropertyValueSpecification","valueRequired":true,"valueName":"search_term_string"}}],"inLanguage":"fr-FR"}]}},"jetpack_sharing_enabled":true,"_links":{"self":[{"href":"https:\/\/sppq.qc.ca\/fr\/wp-json\/wp\/v2\/pages\/686","targetHints":{"allow":["GET"]}}],"collection":[{"href":"https:\/\/sppq.qc.ca\/fr\/wp-json\/wp\/v2\/pages"}],"about":[{"href":"https:\/\/sppq.qc.ca\/fr\/wp-json\/wp\/v2\/types\/page"}],"author":[{"embeddable":true,"href":"https:\/\/sppq.qc.ca\/fr\/wp-json\/wp\/v2\/users\/5"}],"replies":[{"embeddable":true,"href":"https:\/\/sppq.qc.ca\/fr\/wp-json\/wp\/v2\/comments?post=686"}],"version-history":[{"count":5,"href":"https:\/\/sppq.qc.ca\/fr\/wp-json\/wp\/v2\/pages\/686\/revisions"}],"predecessor-version":[{"id":3699,"href":"https:\/\/sppq.qc.ca\/fr\/wp-json\/wp\/v2\/pages\/686\/revisions\/3699"}],"wp:attachment":[{"href":"https:\/\/sppq.qc.ca\/fr\/wp-json\/wp\/v2\/media?parent=686"}],"curies":[{"name":"wp","href":"https:\/\/api.w.org\/{rel}","templated":true}]}}