{"id":697,"date":"2018-10-03T17:39:34","date_gmt":"2018-10-03T15:39:34","guid":{"rendered":"https:\/\/sppq.qc.ca\/?page_id=697"},"modified":"2026-01-23T10:48:52","modified_gmt":"2026-01-23T15:48:52","slug":"concours-w-e-sackston","status":"publish","type":"page","link":"https:\/\/sppq.qc.ca\/fr\/concours-w-e-sackston\/","title":{"rendered":"Concours W.E. Sackston"},"content":{"rendered":"<p><div class=\"fusion-fullwidth fullwidth-box fusion-builder-row-1 nonhundred-percent-fullwidth non-hundred-percent-height-scrolling fusion-equal-height-columns\" style=\"--awb-border-radius-top-left:0px;--awb-border-radius-top-right:0px;--awb-border-radius-bottom-right:0px;--awb-border-radius-bottom-left:0px;--awb-padding-top:0px;--awb-padding-right:0px;--awb-padding-bottom:0px;--awb-padding-left:0px;--awb-flex-wrap:wrap;\" ><div class=\"fusion-builder-row fusion-row\"><div class=\"fusion-layout-column fusion_builder_column fusion-builder-column-0 fusion_builder_column_1_1 1_1 fusion-one-full fusion-column-first fusion-column-last\" style=\"--awb-padding-top:100px;--awb-padding-right:6%;--awb-padding-bottom:100px;--awb-padding-left:6%;--awb-bg-blend:overlay;--awb-bg-size:cover;\"><div class=\"fusion-column-wrapper fusion-flex-column-wrapper-legacy\"><div class=\"fusion-text fusion-text-1\"><h2 data-fontsize=\"40\" style=\"--fontSize: 40; line-height: 1.3;\" data-lineheight=\"52px\" class=\"fusion-responsive-typography-calculated\">Concours W.E. SACKSTON<\/h2>\n<\/div><div class=\"fusion-sep-clear\"><\/div><div class=\"fusion-separator fusion-clearfix\" style=\"float:left;margin-bottom:30px;width:100%;max-width:100px;\"><div class=\"fusion-separator-border sep-single sep-solid\" style=\"--awb-height:20px;--awb-amount:20px;border-color:#7ac142;border-top-width:2px;\"><\/div><\/div><div class=\"fusion-sep-clear\"><\/div><div class=\"fusion-text fusion-text-2\"><p>Waldemar E. Sackston (1918-2004). Phytopathologiste. Professeur \u00e9m\u00e9rite du d\u00e9partement de Plant Science de McGill University. Pr\u00e9sident de la Soci\u00e9t\u00e9 de protection des plantes du Qu\u00e9bec (1967-68). Membre honoraire. Pr\u00e9sident (CPS 1960-61) et Fellow de la CPS (1982). Prix Dr. and Mrs. D.L. Bailey (CPS &#8211; 1983) et r\u00e9cipiendaire du Lifetime achievement Award (CPS &#8211; 2003). Fellow de l&rsquo;American Phytopathological Society (1988).<\/p>\n<p>Le prix W.E. Sackston est d\u00e9cern\u00e9 \u00e0 la meilleure communication orale, d&rsquo;une dur\u00e9e de 15 minutes, pr\u00e9sent\u00e9e par des \u00e9tudiants \u00e0 la ma\u00eetrise ou au doctorat, membres de la SPPQ lors des congr\u00e8s annuels. L&rsquo;\u00e9valuation des communications est effectu\u00e9e par un jury form\u00e9 de membres de la SPPQ.<\/p>\n<\/div><div class=\"fusion-sep-clear\"><\/div><div class=\"fusion-separator fusion-full-width-sep\" style=\"margin-left: auto;margin-right: auto;margin-top:7px;width:100%;\"><\/div><div class=\"fusion-sep-clear\"><\/div>\n<div class=\"table-1\">\n<p>&nbsp;<\/p>\n<table width=\"100%\">\n<thead>\n<tr>\n<th align=\"left\">Ann\u00e9e<\/th>\n<th align=\"left\">R\u00e9cipiendaires<\/th>\n<th align=\"left\">Direction<\/th>\n<\/tr>\n<\/thead>\n<tbody>\n<tr>\n<td align=\"left\">2025<br \/>(1er prix)<\/td>\n<td align=\"left\">Joshua Molligan<\/td>\n<td align=\"left\">Au doctorat sous la direction de Edel P\u00e9rez-L\u00f3pez (Universit\u00e9 Laval)<\/td>\n<\/tr>\n<tr>\n<td align=\"left\">2025<br \/>(2e prix)<\/td>\n<td align=\"left\">Marwa Mejeri<\/td>\n<td align=\"left\">\u00c0 la ma\u00eetrise sous la direction de Russell J. Tweddell (Universit\u00e9 Laval)<\/td>\n<\/tr>\n<tr>\n<td align=\"left\">2024<br \/>(1er prix)<\/td>\n<td align=\"left\">Ariane Vossen<\/td>\n<td align=\"left\">\u00c0 la ma\u00eetrise sous la direction de Jacques Brodeur (Universit\u00e9 de Montr\u00e9al)<\/td>\n<\/tr>\n<tr>\n<td align=\"left\">2024<br \/>(2e prix)<\/td>\n<td align=\"left\">Antoine Roy-Lemieux<\/td>\n<td align=\"left\">\u00c0 la ma\u00eetrise sous la direction de Russell J. Tweddell (Universit\u00e9 Laval)<\/td>\n<\/tr>\n<tr>\n<td align=\"left\">2023<\/td>\n<td align=\"left\">Dave T. Ste-Croix<\/td>\n<td align=\"left\">&nbsp;Au doctorat sous la direction de Benjamin Mimee (Universit\u00e9 Laval et AAC)<\/td>\n<\/tr>\n<tr>\n<td align=\"left\">2022 <br \/>(1er prix)<\/td>\n<td align=\"left\">Sarah Drury<\/td>\n<td align=\"left\">&nbsp;Au doctorat sous la direction de Mamadou Fall (Universit\u00e9 de Sherbrooke et AAC)<\/td>\n<\/tr>\n<tr>\n<td align=\"left\">2022 <br \/>(2e prix)<\/td>\n<td align=\"left\">Anne-Sophie Brochu<\/td>\n<td align=\"left\">\u00c0 la ma\u00eetrise sous la direction de Edel P\u00e9rez-L\u00f3pez (Universit\u00e9 Laval)<\/td>\n<\/tr>\n<tr>\n<td align=\"left\">2021 <br \/>(1er prix)<\/td>\n<td align=\"left\">Romaric A. Mouafo-Tchinda<\/td>\n<td align=\"left\">Au doctorat sous la direction de Odile Carisse (AAC) et Carole Beaulieu (Universit\u00e9 de Sherbrooke)<\/td>\n<\/tr>\n<tr>\n<td align=\"left\">2021 <br \/>(2e prix)<\/td>\n<td align=\"left\">C\u00e9sar\u00e9e Morier-Gxoyiya<\/td>\n<td align=\"left\">\u00c0 la ma\u00eetrise sous la direction de Tanya Copley (CEROM) et Val\u00e9rie Gravel (Universit\u00e9 McGill)<\/td>\n<\/tr>\n<tr>\n<td align=\"left\">2021 <br \/>(3e prix)<\/td>\n<td align=\"left\">Virginie Bernier<\/td>\n<td align=\"left\">\u00c0 la ma\u00eetrise sous la direction de Val\u00e9rie Fournier (Universit\u00e9 Laval) et Daniel Dostaler (Universit\u00e9 Laval)<\/td>\n<\/tr>\n<tr>\n<td align=\"left\">2019<br \/>(1er prix)<\/td>\n<td align=\"left\">Dave Thibouthot-St-Croix<\/td>\n<td align=\"left\">\u00c0 la ma\u00eetrise sous la direction de Benjamin Mimee (AAC)<\/td>\n<\/tr>\n<tr>\n<td align=\"left\">\n<p>2019<br \/>(2e prix)<\/p>\n<\/td>\n<td align=\"left\">Guilherme Silva Martins<\/td>\n<td align=\"left\">Au doctorat sous la direction de Peter Moffett (Universit\u00e9 de Sherbrooke)<\/td>\n<\/tr>\n<tr>\n<td align=\"left\">2018<\/td>\n<td align=\"left\">Carolane Audette<\/td>\n<td align=\"left\">Au doctorat sous la direction de Benjamin Mimee (AAC) et Richard B\u00e9langer (Universit\u00e9 Laval)<\/td>\n<\/tr>\n<tr>\n<td align=\"left\">2017<\/td>\n<td align=\"left\">Pierre-Olivier H\u00e9bert&nbsp;<\/td>\n<td align=\"left\">\u00c0 la ma\u00eetrise sous la direction de Carole Beaulieu (Universit\u00e9 de Sherbrooke) et de Vicky Toussaint (AAC)<\/td>\n<\/tr>\n<tr>\n<td align=\"left\">2016<\/td>\n<td align=\"left\">Maxime Lefebvre<\/td>\n<td align=\"left\">Au doctorat sous la direction de Alan K. Watson (McGill)<\/td>\n<\/tr>\n<tr>\n<td align=\"left\">2015<\/td>\n<td align=\"left\">Anne-Fr\u00e9d\u00e9rique Gendron St-Marseille<\/td>\n<td align=\"left\">Au doctorat sous la direction de Benjamin Mimee (AAC) et Jacques Brodeur (Universit\u00e9 de Montr\u00e9al)<\/td>\n<\/tr>\n<tr>\n<td align=\"left\">2015<\/td>\n<td align=\"left\">Audrey-Anne Durand<\/td>\n<td align=\"left\">&nbsp;Au doctorat sous la direction de Claude Guertin (INRS)<\/td>\n<\/tr>\n<tr>\n<td align=\"left\">2014<\/td>\n<td align=\"left\">Erika Sayuri Naruzawa &nbsp;<\/td>\n<td align=\"left\">Au doctorat sous la direction de Louis Bernier (Universit\u00e9 Laval) et Fabienne Malagnac (Universit\u00e9 Paris 7)<\/td>\n<\/tr>\n<tr>\n<td align=\"left\">2013<\/td>\n<td align=\"left\">Lauriane Moine<\/td>\n<td align=\"left\">\u00c0 la ma\u00eetrise sous la direction de Richard B\u00e9langer (Universit\u00e9 Laval)<\/td>\n<\/tr>\n<tr>\n<td align=\"left\">2012<\/td>\n<td align=\"left\">Annie Christine Boucher<\/td>\n<td align=\"left\">\u00c0 la ma\u00eetrise sous la direction de Peter Moffett (Universit\u00e9 de Sherbrooke), Guy B\u00e9lair et Benjamin Mimee (AAC)<\/td>\n<\/tr>\n<\/tbody>\n<\/table>\n<\/div>\n<div class=\"fusion-clearfix\"><\/div><\/div><\/div><\/div><\/div><div class=\"fusion-fullwidth fullwidth-box fusion-builder-row-2 nonhundred-percent-fullwidth non-hundred-percent-height-scrolling\" style=\"--awb-border-radius-top-left:0px;--awb-border-radius-top-right:0px;--awb-border-radius-bottom-right:0px;--awb-border-radius-bottom-left:0px;--awb-flex-wrap:wrap;\" ><div class=\"fusion-builder-row fusion-row\"><div class=\"fusion-layout-column fusion_builder_column fusion-builder-column-1 fusion_builder_column_1_1 1_1 fusion-one-full fusion-column-first fusion-column-last\" style=\"--awb-bg-blend:overlay;--awb-bg-size:cover;\"><div class=\"fusion-column-wrapper fusion-flex-column-wrapper-legacy\"><div class=\"fusion-text fusion-text-3\"><p>Voici la grille d&rsquo;\u00e9valuation du Prix W.E. Sackston:<\/p>\n<p style=\"text-align: center;\"><strong>Soci\u00e9t\u00e9 de protection des plantes du Qu\u00e9bec<\/strong><\/p>\n<p style=\"text-align: center;\">Fiche d&rsquo;\u00e9valuation, concours W.E. Sackston<\/p>\n<\/div>\n<div class=\"table-1\">\n<table width=\"100%\">\n<thead>\n<tr>\n<th style=\"text-align: center;\" align=\"left\">Facteur<\/th>\n<th align=\"left\">Pr\u00e9cisions<\/th>\n<th align=\"left\">Note maximale exceptionnelle<\/th>\n<th align=\"left\">Note du candidat<\/th>\n<\/tr>\n<\/thead>\n<tbody>\n<tr>\n<td>Le r\u00e9sum\u00e9<\/td>\n<td>respect du nombre maximal de mots (200), bien r\u00e9dig\u00e9, clair et concis,<br \/>\nr\u00e9ellement informateur<\/td>\n<td>10<\/td>\n<td><\/td>\n<\/tr>\n<tr>\n<td>Mati\u00e8re de la recherche<\/td>\n<td>rel\u00e8ve de la phytoprotection, degr\u00e9 de complexit\u00e9 du sujet, originalit\u00e9,<br \/>\nrigueur, ampleur du travail<\/td>\n<td>10<\/td>\n<td><\/td>\n<\/tr>\n<tr>\n<td>R\u00e9sultats<\/td>\n<td>bien dos\u00e9s (en nombre optimal), pr\u00e9sent\u00e9s avec esprit de synth\u00e8se et<br \/>\nesprit critique<\/td>\n<td>10<\/td>\n<td><\/td>\n<\/tr>\n<tr>\n<td>D\u00e9roulement de la pr\u00e9sentation<\/td>\n<td>structure g\u00e9n\u00e9rale tr\u00e8s claire et facile \u00e0 suivre, transitions<br \/>\npertinentes entre les parties, conclusions \u00e0 point<\/td>\n<td>10<\/td>\n<td><\/td>\n<\/tr>\n<tr>\n<td>Langue parl\u00e9e<\/td>\n<td>vocabulaire, prononciation, volume de la voix, d\u00e9bit de la parole<\/td>\n<td>10<\/td>\n<td><\/td>\n<\/tr>\n<tr>\n<td>Langue \u00e9crite<\/td>\n<td>absence de fautes et d&rsquo;anglicismes, vocabulaire exact<\/td>\n<td>10<\/td>\n<td><\/td>\n<\/tr>\n<tr>\n<td>Lisibilit\u00e9 du texte<\/td>\n<td>taille optimale des caract\u00e8res, choix judicieux des polices, contraste<br \/>\ndes couleurs<\/td>\n<td>10<\/td>\n<td><\/td>\n<\/tr>\n<tr>\n<td>Figures et tableaux<\/td>\n<td>tr\u00e8s compr\u00e9hensibles sans explications, construction simple et claire<\/td>\n<td>10<\/td>\n<td><\/td>\n<\/tr>\n<tr>\n<td>Diapositives<\/td>\n<td>en nombre optimal, bien mont\u00e9es et agenc\u00e9es, d\u00e9pouill\u00e9es de texte<br \/>\nsuperflu et de couleurs et motifs agressants<\/td>\n<td>10<\/td>\n<td><\/td>\n<\/tr>\n<tr>\n<td>Impact sur l&rsquo;auditoire<\/td>\n<td>questions suscit\u00e9es et qualit\u00e9 des r\u00e9ponses<\/td>\n<td>10<\/td>\n<td><\/td>\n<\/tr>\n<tr>\n<td>Attitude personnelle<\/td>\n<td>salutations, remerciements, respect du temps allou\u00e9, tenue<br \/>\nvestimentaire, contact visuel, mouvements et gestes, respect de l&rsquo;auditoire<\/td>\n<td>10<\/td>\n<td><\/td>\n<\/tr>\n<tr>\n<td><\/td>\n<td><\/td>\n<td><\/td>\n<td><\/td>\n<\/tr>\n<tr>\n<td><\/td>\n<td><\/td>\n<td>TOTAL \/110 :<\/td>\n<td><\/td>\n<\/tr>\n<\/tbody>\n<\/table>\n<\/div>\n<div class=\"fusion-clearfix\"><\/div><\/div><\/div><\/div><\/div><\/p>\n","protected":false},"excerpt":{"rendered":"","protected":false},"author":5,"featured_media":0,"parent":0,"menu_order":0,"comment_status":"closed","ping_status":"closed","template":"100-width.php","meta":{"_price":"","_stock":"","_tribe_ticket_header":"","_tribe_default_ticket_provider":"","_tribe_ticket_capacity":"0","_ticket_start_date":"","_ticket_end_date":"","_tribe_ticket_show_description":"","_tribe_ticket_show_not_going":false,"_tribe_ticket_use_global_stock":"","_tribe_ticket_global_stock_level":"","_global_stock_mode":"","_global_stock_cap":"","_tribe_rsvp_for_event":"","_tribe_ticket_going_count":"","_tribe_ticket_not_going_count":"","_tribe_tickets_list":"[]","_tribe_ticket_has_attendee_info_fields":false,"footnotes":""},"class_list":["post-697","page","type-page","status-publish","hentry"],"yoast_head":"<!-- This site is optimized with the Yoast SEO plugin v27.2 - https:\/\/yoast.com\/product\/yoast-seo-wordpress\/ -->\n<title>Concours W.E. Sackston - SPPQ<\/title>\n<meta name=\"robots\" content=\"index, follow, max-snippet:-1, max-image-preview:large, max-video-preview:-1\" \/>\n<link rel=\"canonical\" href=\"https:\/\/sppq.qc.ca\/fr\/concours-w-e-sackston\/\" \/>\n<meta property=\"og:locale\" content=\"fr_FR\" \/>\n<meta property=\"og:type\" content=\"article\" \/>\n<meta property=\"og:title\" content=\"Concours W.E. Sackston - SPPQ\" \/>\n<meta property=\"og:url\" content=\"https:\/\/sppq.qc.ca\/fr\/concours-w-e-sackston\/\" \/>\n<meta property=\"og:site_name\" content=\"SPPQ\" \/>\n<meta property=\"article:modified_time\" content=\"2026-01-23T15:48:52+00:00\" \/>\n<meta name=\"twitter:card\" content=\"summary_large_image\" \/>\n<meta name=\"twitter:label1\" content=\"Dur\u00e9e de lecture estim\u00e9e\" \/>\n\t<meta name=\"twitter:data1\" content=\"4 minutes\" \/>\n<script type=\"application\/ld+json\" class=\"yoast-schema-graph\">{\"@context\":\"https:\/\/schema.org\",\"@graph\":[{\"@type\":\"WebPage\",\"@id\":\"https:\/\/sppq.qc.ca\/fr\/concours-w-e-sackston\/\",\"url\":\"https:\/\/sppq.qc.ca\/fr\/concours-w-e-sackston\/\",\"name\":\"Concours W.E. Sackston - SPPQ\",\"isPartOf\":{\"@id\":\"https:\/\/sppq.qc.ca\/fr\/#website\"},\"datePublished\":\"2018-10-03T15:39:34+00:00\",\"dateModified\":\"2026-01-23T15:48:52+00:00\",\"breadcrumb\":{\"@id\":\"https:\/\/sppq.qc.ca\/fr\/concours-w-e-sackston\/#breadcrumb\"},\"inLanguage\":\"fr-FR\",\"potentialAction\":[{\"@type\":\"ReadAction\",\"target\":[\"https:\/\/sppq.qc.ca\/fr\/concours-w-e-sackston\/\"]}]},{\"@type\":\"BreadcrumbList\",\"@id\":\"https:\/\/sppq.qc.ca\/fr\/concours-w-e-sackston\/#breadcrumb\",\"itemListElement\":[{\"@type\":\"ListItem\",\"position\":1,\"name\":\"Accueil\",\"item\":\"https:\/\/sppq.qc.ca\/fr\/\"},{\"@type\":\"ListItem\",\"position\":2,\"name\":\"Concours W.E. Sackston\"}]},{\"@type\":\"WebSite\",\"@id\":\"https:\/\/sppq.qc.ca\/fr\/#website\",\"url\":\"https:\/\/sppq.qc.ca\/fr\/\",\"name\":\"SPPQ\",\"description\":\"\",\"potentialAction\":[{\"@type\":\"SearchAction\",\"target\":{\"@type\":\"EntryPoint\",\"urlTemplate\":\"https:\/\/sppq.qc.ca\/fr\/?s={search_term_string}\"},\"query-input\":{\"@type\":\"PropertyValueSpecification\",\"valueRequired\":true,\"valueName\":\"search_term_string\"}}],\"inLanguage\":\"fr-FR\"}]}<\/script>\n<!-- \/ Yoast SEO plugin. -->","yoast_head_json":{"title":"Concours W.E. Sackston - SPPQ","robots":{"index":"index","follow":"follow","max-snippet":"max-snippet:-1","max-image-preview":"max-image-preview:large","max-video-preview":"max-video-preview:-1"},"canonical":"https:\/\/sppq.qc.ca\/fr\/concours-w-e-sackston\/","og_locale":"fr_FR","og_type":"article","og_title":"Concours W.E. Sackston - SPPQ","og_url":"https:\/\/sppq.qc.ca\/fr\/concours-w-e-sackston\/","og_site_name":"SPPQ","article_modified_time":"2026-01-23T15:48:52+00:00","twitter_card":"summary_large_image","twitter_misc":{"Dur\u00e9e de lecture estim\u00e9e":"4 minutes"},"schema":{"@context":"https:\/\/schema.org","@graph":[{"@type":"WebPage","@id":"https:\/\/sppq.qc.ca\/fr\/concours-w-e-sackston\/","url":"https:\/\/sppq.qc.ca\/fr\/concours-w-e-sackston\/","name":"Concours W.E. Sackston - SPPQ","isPartOf":{"@id":"https:\/\/sppq.qc.ca\/fr\/#website"},"datePublished":"2018-10-03T15:39:34+00:00","dateModified":"2026-01-23T15:48:52+00:00","breadcrumb":{"@id":"https:\/\/sppq.qc.ca\/fr\/concours-w-e-sackston\/#breadcrumb"},"inLanguage":"fr-FR","potentialAction":[{"@type":"ReadAction","target":["https:\/\/sppq.qc.ca\/fr\/concours-w-e-sackston\/"]}]},{"@type":"BreadcrumbList","@id":"https:\/\/sppq.qc.ca\/fr\/concours-w-e-sackston\/#breadcrumb","itemListElement":[{"@type":"ListItem","position":1,"name":"Accueil","item":"https:\/\/sppq.qc.ca\/fr\/"},{"@type":"ListItem","position":2,"name":"Concours W.E. Sackston"}]},{"@type":"WebSite","@id":"https:\/\/sppq.qc.ca\/fr\/#website","url":"https:\/\/sppq.qc.ca\/fr\/","name":"SPPQ","description":"","potentialAction":[{"@type":"SearchAction","target":{"@type":"EntryPoint","urlTemplate":"https:\/\/sppq.qc.ca\/fr\/?s={search_term_string}"},"query-input":{"@type":"PropertyValueSpecification","valueRequired":true,"valueName":"search_term_string"}}],"inLanguage":"fr-FR"}]}},"jetpack_sharing_enabled":true,"_links":{"self":[{"href":"https:\/\/sppq.qc.ca\/fr\/wp-json\/wp\/v2\/pages\/697","targetHints":{"allow":["GET"]}}],"collection":[{"href":"https:\/\/sppq.qc.ca\/fr\/wp-json\/wp\/v2\/pages"}],"about":[{"href":"https:\/\/sppq.qc.ca\/fr\/wp-json\/wp\/v2\/types\/page"}],"author":[{"embeddable":true,"href":"https:\/\/sppq.qc.ca\/fr\/wp-json\/wp\/v2\/users\/5"}],"replies":[{"embeddable":true,"href":"https:\/\/sppq.qc.ca\/fr\/wp-json\/wp\/v2\/comments?post=697"}],"version-history":[{"count":7,"href":"https:\/\/sppq.qc.ca\/fr\/wp-json\/wp\/v2\/pages\/697\/revisions"}],"predecessor-version":[{"id":3860,"href":"https:\/\/sppq.qc.ca\/fr\/wp-json\/wp\/v2\/pages\/697\/revisions\/3860"}],"wp:attachment":[{"href":"https:\/\/sppq.qc.ca\/fr\/wp-json\/wp\/v2\/media?parent=697"}],"curies":[{"name":"wp","href":"https:\/\/api.w.org\/{rel}","templated":true}]}}