{"id":717,"date":"2018-10-03T17:42:53","date_gmt":"2018-10-03T15:42:53","guid":{"rendered":"https:\/\/sppq.qc.ca\/?page_id=717"},"modified":"2025-08-15T13:24:07","modified_gmt":"2025-08-15T17:24:07","slug":"politique-editoriale","status":"publish","type":"page","link":"https:\/\/sppq.qc.ca\/fr\/politique-editoriale\/","title":{"rendered":"Politique \u00e9ditoriale"},"content":{"rendered":"<div class=\"fusion-fullwidth fullwidth-box fusion-builder-row-1 nonhundred-percent-fullwidth non-hundred-percent-height-scrolling fusion-equal-height-columns\" style=\"--awb-border-radius-top-left:0px;--awb-border-radius-top-right:0px;--awb-border-radius-bottom-right:0px;--awb-border-radius-bottom-left:0px;--awb-padding-top:0px;--awb-padding-right:0px;--awb-padding-bottom:0px;--awb-padding-left:0px;--awb-flex-wrap:wrap;\" ><div class=\"fusion-builder-row fusion-row\"><div class=\"fusion-layout-column fusion_builder_column fusion-builder-column-0 fusion_builder_column_1_1 1_1 fusion-one-full fusion-column-first fusion-column-last\" style=\"--awb-padding-top:100px;--awb-padding-right:6%;--awb-padding-bottom:100px;--awb-padding-left:6%;--awb-bg-size:cover;\"><div class=\"fusion-column-wrapper fusion-flex-column-wrapper-legacy\"><div class=\"fusion-text fusion-text-1\"><p>La Soci\u00e9t\u00e9 de protection des plantes du Qu\u00e9bec (SPPQ) publie dans PHYTOPROTECTION des articles scientifiques originaux, des communications br\u00e8ves, des articles de synth\u00e8se, des minisynth\u00e8ses, des revues de litt\u00e9rature, des technologies \u00e9mergentes, des notes en protection des plantes, des notes historiques, des forums et des profils scientifiques traitant de tous les aspects de la protection des plantes (entomologie, malherbologie, n\u00e9matologie, phytopathologie, zoologie, biotechnologie, incluant les facteurs abiotiques). Les sujets de recherche doivent \u00eatre pertinents pour des probl\u00e9matiques nationales, provinciales et\/ou r\u00e9gionales dans les zones climatiques dite temp\u00e9r\u00e9es. Elle publie \u00e9galement les r\u00e9sum\u00e9s des communications pr\u00e9sent\u00e9es \u00e0 l\u2019Assembl\u00e9e annuelle de la SPPQ et \u00e0 d\u2019autres \u00e9v\u00e8nements scientifiques. Les directives aux auteurs sont disponibles sur ce site. Il n\u2019y a pas de frais de publication pour les membres de la SPPQ et les co\u00fbts sont de 30 $ CAN la page pour les non-membres et doivent \u00eatre assum\u00e9s par les auteurs. Tous les manuscrits doivent \u00eatre achemin\u00e9s via le syst\u00e8me de soumission en ligne.<\/p>\n<h2 data-fontsize=\"40\" style=\"--fontSize: 40; line-height: 1.3;\" data-lineheight=\"52px\" class=\"fusion-responsive-typography-calculated\">Rubriques<\/h2>\n<h3 data-fontsize=\"32\" style=\"--fontSize: 32; line-height: 1.4;\" data-lineheight=\"44.8px\" class=\"fusion-responsive-typography-calculated\">Article scientifique<\/h3>\n<p>Articles scientifiques pleine longueur.<\/p>\n<h3 data-fontsize=\"32\" style=\"--fontSize: 32; line-height: 1.4;\" data-lineheight=\"44.8px\" class=\"fusion-responsive-typography-calculated\">Communications br\u00e8ves<\/h3>\n<p>Ces notes couvrent principalement l\u2019introduction ou la recrudescence de nouveaux ennemis des plantes : insectes, maladies, mauvaises herbes, etc. D\u2019une longueur de 1 \u00e0 3 pages, elles seront r\u00e9vis\u00e9es par au moins un r\u00e9viseur. Des frais de page s\u2019appliquent pour les non-membres.<\/p>\n<h3 data-fontsize=\"32\" style=\"--fontSize: 32; line-height: 1.4;\" data-lineheight=\"44.8px\" class=\"fusion-responsive-typography-calculated\">Minisynth\u00e8ses<\/h3>\n<p>Les minisynth\u00e8ses publi\u00e9es dans Phytoprotection font le point sur les d\u00e9veloppements r\u00e9cents et \u00e0 venir dans une discipline ou un champ d\u2019application sp\u00e9cifique de la protection des plantes. D\u2019une longueur de 3 \u00e0 5 pages, ces articles peuvent traiter d\u2019un sujet de nature fondamentale, ou aborder un th\u00e8me de nature plus technique ou appliqu\u00e9e. Les auteurs int\u00e9ress\u00e9s \u00e0 soumettre une minisynth\u00e8se sont invit\u00e9s \u00e0 contacter le r\u00e9dacteur en chef, qui leur acheminera des instructions d\u00e9taill\u00e9es pour la pr\u00e9paration du manuscrit. Tout comme pour les articles de synth\u00e8se, aucuns frais de page ne sont charg\u00e9s aux auteurs pour les minisynth\u00e8ses et celles-ci sont soumises \u00e0 deux r\u00e9viseurs.<\/p>\n<h3 data-fontsize=\"32\" style=\"--fontSize: 32; line-height: 1.4;\" data-lineheight=\"44.8px\" class=\"fusion-responsive-typography-calculated\">R\u00e9sum\u00e9s du congr\u00e8s annuel<\/h3>\n<p>Phytoprotection publie chaque ann\u00e9e les r\u00e9sum\u00e9s de conf\u00e9rences pr\u00e9sent\u00e9es lors de sa rencontre annuelle.<\/p>\n<h3 data-fontsize=\"32\" style=\"--fontSize: 32; line-height: 1.4;\" data-lineheight=\"44.8px\" class=\"fusion-responsive-typography-calculated\">Perc\u00e9es scientifiques<\/h3>\n<p>Br\u00e8ves synth\u00e8ses d\u2019articles d\u2019int\u00e9r\u00eat en phytoprotection parus r\u00e9cemment dans la litt\u00e9rature scientifique et publi\u00e9es sous la forme de \u00ab nouvelles \u00bb. Cette rubrique vise \u00e0 mettre en \u00e9vidence certaines des avanc\u00e9es significatives r\u00e9centes dans le vaste domaine de la protection des plantes. Chacun des courts textes, d\u2019une quinzaine de lignes, r\u00e9sume l\u2019avanc\u00e9e principale, apr\u00e8s une br\u00e8ve mise en contexte du sujet d\u2019\u00e9tude. Les \u00ab Nouvelles avanc\u00e9es \u00bb sont publi\u00e9es en fran\u00e7ais et en anglais et aucuns frais de page ne s\u2019appliquent.<\/p>\n<h3 data-fontsize=\"32\" style=\"--fontSize: 32; line-height: 1.4;\" data-lineheight=\"44.8px\" class=\"fusion-responsive-typography-calculated\">Forum<\/h3>\n<p>Forum de discussion o\u00f9 les lecteurs abordent, dans une courte lettre, un article scientifique r\u00e9cent, un concept \u00e9mergent en phytoprotection, une nouvelle approche de lutte contre les ravageurs, un nouveau produit, une nouvelle politique gouvernementale sur l\u2019utilisation des pesticides, etc. La lettre est r\u00e9vis\u00e9e par au moins un membre du comit\u00e9 de r\u00e9daction. Le r\u00e9dacteur en chef se r\u00e9serve le droit d\u2019accepter ou non le texte ou de sugg\u00e9rer des modifications. Toute personne concern\u00e9e par la lettre aura un droit de r\u00e9plique. Les textes sont publi\u00e9s en fran\u00e7ais et en anglais et aucuns frais de page ne s\u2019appliquent.<\/p>\n<p><strong>PHYTOPROTECTION<\/strong><br \/><b>Louis Bernier<\/b><br \/>\n<strong>\u00c9diteur en chef<\/strong><\/p>\n<p>Courriel: <a href=\"mailto:belair.g@videotron.ca\">louis.bernier@sbf.ulaval.ca<\/a><\/p>\n<\/div><div class=\"fusion-sep-clear\"><\/div><div class=\"fusion-separator fusion-full-width-sep\" style=\"margin-left: auto;margin-right: auto;margin-top:7px;width:100%;\"><\/div><div class=\"fusion-sep-clear\"><\/div><div class=\"fusion-clearfix\"><\/div><\/div><\/div><\/div><\/div>\n","protected":false},"excerpt":{"rendered":"","protected":false},"author":5,"featured_media":0,"parent":0,"menu_order":0,"comment_status":"closed","ping_status":"closed","template":"100-width.php","meta":{"_price":"","_stock":"","_tribe_ticket_header":"","_tribe_default_ticket_provider":"","_tribe_ticket_capacity":"0","_ticket_start_date":"","_ticket_end_date":"","_tribe_ticket_show_description":"","_tribe_ticket_show_not_going":false,"_tribe_ticket_use_global_stock":"","_tribe_ticket_global_stock_level":"","_global_stock_mode":"","_global_stock_cap":"","_tribe_rsvp_for_event":"","_tribe_ticket_going_count":"","_tribe_ticket_not_going_count":"","_tribe_tickets_list":"[]","_tribe_ticket_has_attendee_info_fields":false,"footnotes":""},"class_list":["post-717","page","type-page","status-publish","hentry"],"yoast_head":"<!-- This site is optimized with the Yoast SEO plugin v27.2 - https:\/\/yoast.com\/product\/yoast-seo-wordpress\/ -->\n<title>Politique \u00e9ditoriale - SPPQ<\/title>\n<meta name=\"robots\" content=\"index, follow, max-snippet:-1, max-image-preview:large, max-video-preview:-1\" \/>\n<link rel=\"canonical\" href=\"https:\/\/sppq.qc.ca\/fr\/politique-editoriale\/\" \/>\n<meta property=\"og:locale\" content=\"fr_FR\" \/>\n<meta property=\"og:type\" content=\"article\" \/>\n<meta property=\"og:title\" content=\"Politique \u00e9ditoriale - SPPQ\" \/>\n<meta property=\"og:url\" content=\"https:\/\/sppq.qc.ca\/fr\/politique-editoriale\/\" \/>\n<meta property=\"og:site_name\" content=\"SPPQ\" \/>\n<meta property=\"article:modified_time\" content=\"2025-08-15T17:24:07+00:00\" \/>\n<meta name=\"twitter:card\" content=\"summary_large_image\" \/>\n<meta name=\"twitter:label1\" content=\"Dur\u00e9e de lecture estim\u00e9e\" \/>\n\t<meta name=\"twitter:data1\" content=\"4 minutes\" \/>\n<script type=\"application\/ld+json\" class=\"yoast-schema-graph\">{\"@context\":\"https:\/\/schema.org\",\"@graph\":[{\"@type\":\"WebPage\",\"@id\":\"https:\/\/sppq.qc.ca\/fr\/politique-editoriale\/\",\"url\":\"https:\/\/sppq.qc.ca\/fr\/politique-editoriale\/\",\"name\":\"Politique \u00e9ditoriale - SPPQ\",\"isPartOf\":{\"@id\":\"https:\/\/sppq.qc.ca\/fr\/#website\"},\"datePublished\":\"2018-10-03T15:42:53+00:00\",\"dateModified\":\"2025-08-15T17:24:07+00:00\",\"breadcrumb\":{\"@id\":\"https:\/\/sppq.qc.ca\/fr\/politique-editoriale\/#breadcrumb\"},\"inLanguage\":\"fr-FR\",\"potentialAction\":[{\"@type\":\"ReadAction\",\"target\":[\"https:\/\/sppq.qc.ca\/fr\/politique-editoriale\/\"]}]},{\"@type\":\"BreadcrumbList\",\"@id\":\"https:\/\/sppq.qc.ca\/fr\/politique-editoriale\/#breadcrumb\",\"itemListElement\":[{\"@type\":\"ListItem\",\"position\":1,\"name\":\"Accueil\",\"item\":\"https:\/\/sppq.qc.ca\/fr\/\"},{\"@type\":\"ListItem\",\"position\":2,\"name\":\"Politique \u00e9ditoriale\"}]},{\"@type\":\"WebSite\",\"@id\":\"https:\/\/sppq.qc.ca\/fr\/#website\",\"url\":\"https:\/\/sppq.qc.ca\/fr\/\",\"name\":\"SPPQ\",\"description\":\"\",\"potentialAction\":[{\"@type\":\"SearchAction\",\"target\":{\"@type\":\"EntryPoint\",\"urlTemplate\":\"https:\/\/sppq.qc.ca\/fr\/?s={search_term_string}\"},\"query-input\":{\"@type\":\"PropertyValueSpecification\",\"valueRequired\":true,\"valueName\":\"search_term_string\"}}],\"inLanguage\":\"fr-FR\"}]}<\/script>\n<!-- \/ Yoast SEO plugin. -->","yoast_head_json":{"title":"Politique \u00e9ditoriale - SPPQ","robots":{"index":"index","follow":"follow","max-snippet":"max-snippet:-1","max-image-preview":"max-image-preview:large","max-video-preview":"max-video-preview:-1"},"canonical":"https:\/\/sppq.qc.ca\/fr\/politique-editoriale\/","og_locale":"fr_FR","og_type":"article","og_title":"Politique \u00e9ditoriale - SPPQ","og_url":"https:\/\/sppq.qc.ca\/fr\/politique-editoriale\/","og_site_name":"SPPQ","article_modified_time":"2025-08-15T17:24:07+00:00","twitter_card":"summary_large_image","twitter_misc":{"Dur\u00e9e de lecture estim\u00e9e":"4 minutes"},"schema":{"@context":"https:\/\/schema.org","@graph":[{"@type":"WebPage","@id":"https:\/\/sppq.qc.ca\/fr\/politique-editoriale\/","url":"https:\/\/sppq.qc.ca\/fr\/politique-editoriale\/","name":"Politique \u00e9ditoriale - SPPQ","isPartOf":{"@id":"https:\/\/sppq.qc.ca\/fr\/#website"},"datePublished":"2018-10-03T15:42:53+00:00","dateModified":"2025-08-15T17:24:07+00:00","breadcrumb":{"@id":"https:\/\/sppq.qc.ca\/fr\/politique-editoriale\/#breadcrumb"},"inLanguage":"fr-FR","potentialAction":[{"@type":"ReadAction","target":["https:\/\/sppq.qc.ca\/fr\/politique-editoriale\/"]}]},{"@type":"BreadcrumbList","@id":"https:\/\/sppq.qc.ca\/fr\/politique-editoriale\/#breadcrumb","itemListElement":[{"@type":"ListItem","position":1,"name":"Accueil","item":"https:\/\/sppq.qc.ca\/fr\/"},{"@type":"ListItem","position":2,"name":"Politique \u00e9ditoriale"}]},{"@type":"WebSite","@id":"https:\/\/sppq.qc.ca\/fr\/#website","url":"https:\/\/sppq.qc.ca\/fr\/","name":"SPPQ","description":"","potentialAction":[{"@type":"SearchAction","target":{"@type":"EntryPoint","urlTemplate":"https:\/\/sppq.qc.ca\/fr\/?s={search_term_string}"},"query-input":{"@type":"PropertyValueSpecification","valueRequired":true,"valueName":"search_term_string"}}],"inLanguage":"fr-FR"}]}},"jetpack_sharing_enabled":true,"_links":{"self":[{"href":"https:\/\/sppq.qc.ca\/fr\/wp-json\/wp\/v2\/pages\/717","targetHints":{"allow":["GET"]}}],"collection":[{"href":"https:\/\/sppq.qc.ca\/fr\/wp-json\/wp\/v2\/pages"}],"about":[{"href":"https:\/\/sppq.qc.ca\/fr\/wp-json\/wp\/v2\/types\/page"}],"author":[{"embeddable":true,"href":"https:\/\/sppq.qc.ca\/fr\/wp-json\/wp\/v2\/users\/5"}],"replies":[{"embeddable":true,"href":"https:\/\/sppq.qc.ca\/fr\/wp-json\/wp\/v2\/comments?post=717"}],"version-history":[{"count":3,"href":"https:\/\/sppq.qc.ca\/fr\/wp-json\/wp\/v2\/pages\/717\/revisions"}],"predecessor-version":[{"id":3716,"href":"https:\/\/sppq.qc.ca\/fr\/wp-json\/wp\/v2\/pages\/717\/revisions\/3716"}],"wp:attachment":[{"href":"https:\/\/sppq.qc.ca\/fr\/wp-json\/wp\/v2\/media?parent=717"}],"curies":[{"name":"wp","href":"https:\/\/api.w.org\/{rel}","templated":true}]}}