{"id":719,"date":"2018-10-03T17:43:09","date_gmt":"2018-10-03T15:43:09","guid":{"rendered":"https:\/\/sppq.qc.ca\/?page_id=719"},"modified":"2020-02-18T12:28:11","modified_gmt":"2020-02-18T17:28:11","slug":"directives-aux-auteurs","status":"publish","type":"page","link":"https:\/\/sppq.qc.ca\/fr\/directives-aux-auteurs\/","title":{"rendered":"Directives aux auteurs"},"content":{"rendered":"<div class=\"fusion-fullwidth fullwidth-box fusion-builder-row-1 hundred-percent-fullwidth non-hundred-percent-height-scrolling fusion-equal-height-columns\" style=\"--awb-border-radius-top-left:0px;--awb-border-radius-top-right:0px;--awb-border-radius-bottom-right:0px;--awb-border-radius-bottom-left:0px;--awb-padding-top:0px;--awb-padding-right:0px;--awb-padding-bottom:0px;--awb-padding-left:0px;--awb-flex-wrap:wrap;\" ><div class=\"fusion-builder-row fusion-row\"><div class=\"fusion-layout-column fusion_builder_column fusion-builder-column-0 fusion_builder_column_1_1 1_1 fusion-one-full fusion-column-first fusion-column-last\" style=\"--awb-padding-top:100px;--awb-padding-right:6%;--awb-padding-bottom:100px;--awb-padding-left:6%;--awb-bg-size:cover;\"><div class=\"fusion-column-wrapper fusion-flex-column-wrapper-legacy\"><div class=\"fusion-text fusion-text-1\"><p>Phytoprotection est un p\u00e9riodique international qui offre la possibilit\u00e9 de publier des r\u00e9sultats de recherches men\u00e9es tant en agriculture qu&rsquo;en foresterie, et ce, dans tous les domaines reli\u00e9s \u00e0 la protection des plantes : la phytopathologie, incluant les facteurs et stress abiotiques, l\u2019entomologie, la malherbologie et la n\u00e9matologie; l\u2019\u00e9tiologie, la biologie mol\u00e9culaire, la biologie des populations, les biotechnologies et le perfectionnement des m\u00e9thodes de recherche; les moyens de lutte int\u00e9gr\u00e9e, telles la r\u00e9sistance g\u00e9n\u00e9tique et la lutte culturale, chimique ou biologique. Les r\u00e9sultats d\u2019\u00e9tudes multidisciplinaires sont d\u2019un vif int\u00e9r\u00eat. Phytoprotection publie des articles scientifiques originaux (qui reposent sur des questions scientifiques et sur la v\u00e9rification d\u2019hypoth\u00e8ses), des communications br\u00e8ves et des articles de synth\u00e8se, voire des minisynth\u00e8ses. Pour une description d\u00e9taill\u00e9e des rubriques publi\u00e9es par notre revue, consulter la \u00ab Politique \u00e9ditoriale \u00bb sur ce site.<\/p>\n<p>Les manuscrits peuvent \u00eatre soumis en fran\u00e7ais ou en anglais. Tout manuscrit doit \u00eatre accompagn\u00e9 d\u2019une lettre de pr\u00e9sentation r\u00e9dig\u00e9e par l\u2019auteur correspondant. On y garantira que le manuscrit n\u2019a pas \u00e9t\u00e9 soumis ou accept\u00e9 de fa\u00e7on concomitante, ni publi\u00e9 en tout ou en partie, dans un autre p\u00e9riodique \u00e0 comit\u00e9 de lecture ou toute autre publication officielle. On y divulguera tout conflit d\u2019int\u00e9r\u00eats qui pourrait survenir lors du processus d\u2019\u00e9valuation par les pairs, sans quoi le manuscrit pourrait \u00eatre refus\u00e9. Les auteurs se chargent d\u2019obtenir la permission d\u2019utiliser du mat\u00e9riel d\u00e9j\u00e0 publi\u00e9 et de joindre les documents d\u2019autorisation au manuscrit. Un manuscrit resoumis (pr\u00e9c\u00e9demment refus\u00e9 ou retir\u00e9) sera trait\u00e9 comme un nouveau manuscrit; dans ce cas, l\u2019auteur correspondant doit indiquer le num\u00e9ro de manuscrit de la premi\u00e8re soumission et pr\u00e9ciser les correctifs apport\u00e9s au regard de l\u2019\u00e9valuation pr\u00e9c\u00e9dente.<\/p>\n<p>Tous les manuscrits doivent \u00eatre soumis par voie \u00e9lectronique \u00e0 l&rsquo;adresse www.sppq.qc.ca\/ojs. Le texte et les tableaux doivent \u00eatre soumis en format de traitement de texte (ex. Microsoft Word) compatible avec Windows ou Macintosh ou en format PDF. Les graphiques et les illustrations peuvent \u00eatre int\u00e9gr\u00e9s au fichier principal ou encore \u00eatre pr\u00e9sent\u00e9s dans des fichiers distincts. Toutefois, lorsque le manuscrit aura \u00e9t\u00e9 accept\u00e9, les auteurs devront fournir les graphiques et les illustrations en fichiers distincts de format graphique tels Excel (.xls), .jpg, .gif, .tif et autres. Apr\u00e8s la r\u00e9vision technique, l\u2019auteur correspondant devra fournir le fichier \u00e9lectronique du texte corrig\u00e9 en format de traitement de texte.<\/p>\n<p>L&rsquo;auteur correspondant devra compl\u00e9ter le formulaire de licence de copyright autorisant Phytoprotection et la Soci\u00e9t\u00e9 de Protection des Plantes du Qu\u00e9bec \u00e0 publier le manuscrit.<\/p>\n<p>Les auteurs membres de la soci\u00e9t\u00e9 n&rsquo;auront aucun frais de publication. Les auteurs non membres seront factur\u00e9s 30$ CAN par page imprim\u00e9e, en incluant les tableaux, les figures et les illustrations et les photographies en noir et blanc. Les co\u00fbts suppl\u00e9mentaires li\u00e9s \u00e0 l&rsquo;impression de photographies couleur seront factur\u00e9s aux auteurs. De plus amples d\u00e9tails sur les prix sont disponibles aupr\u00e8s de l&rsquo;\u00e9diteur. Les auteurs doivent pr\u00e9senter \u00e0 la fois une version fran\u00e7aise et anglaise de leur r\u00e9sum\u00e9. Le comit\u00e9 de r\u00e9daction peut faire traduire le r\u00e9sum\u00e9 moyennant des frais de 50 $ CAN (communications br\u00e8ves) ou 75 $CAN (articles).<\/p>\n<h2>INSTRUCTIONS G\u00c9N\u00c9RALES<\/h2>\n<p>Utilisez une parution r\u00e9cente de Phytoprotection comme exemple pour le format \u00e0 utiliser. Les manuscrits doivent satisfaire aux exigences d\u00e9crites \u00e0 d\u00e9faut de quoi les processus d&rsquo;\u00e9valuation et de publication peuvent \u00eatre retard\u00e9s. Les manuscrits doivent \u00eatre \u00e0 double interligne sur des pages format lettre, avec des lignes num\u00e9rot\u00e9es cons\u00e9cutivement dans tout le manuscrit, y compris les tableaux, les l\u00e9gendes de figures et les publications cit\u00e9es. Les num\u00e9ros de page devraient appara\u00eetre dans le coin sup\u00e9rieur droit de chaque page. Laissez au moins 2,5 cm de marge de tous les c\u00f4t\u00e9s et une ligne entre les paragraphes. \u00c9vitez les traits d&rsquo;union ou les tirets \u00e0 la fin des lignes. Utilisez une police standard et une taille de police de 12 pt. Le premier paragraphe de chaque section devrait \u00eatre align\u00e9 vers la gauche et tous les autres paragraphes devraient commencer par un retrait de 5 mm. Les abr\u00e9viations doivent \u00eatre \u00e9crites \u00e0 la premi\u00e8re mention, suivies de l&rsquo;abr\u00e9viation entre parenth\u00e8ses.<\/p>\n<h3>Unit\u00e9s de mesure<\/h3>\n<p>Toutes les unit\u00e9s et les symboles, ainsi que leurs abr\u00e9viations accept\u00e9es, doivent \u00eatre conformes au Syst\u00e8me international d&rsquo;unit\u00e9s (SI), ou des \u00e9quivalents SI doivent \u00eatre donn\u00e9s. Ce syst\u00e8me est d\u00e9crit dans le Guide de pratique m\u00e9trique, CAN \/ CSAZ234.1-00, publi\u00e9 par l&rsquo;Association Canadienne de Normalisation (ACN) (5060 Spectrum Way, Suite 100, Mississauga, ON L4W 5N6, Canada). Dans le texte, les sections de tableaux et de figures utilisent les abr\u00e9viations suivantes sans explication: h, min, s et diam. Le nombre et les symboles sont s\u00e9par\u00e9s par un espace, \u00e0 l&rsquo;exception des symboles degr\u00e9 et pourcentage. S\u00e9parer les unit\u00e9s multiples avec une valeur exponentielle n\u00e9gative (par exemple 10 kg ha-1). Dans une s\u00e9rie de mesures, placez l&rsquo;unit\u00e9 SI \u00e0 la fin, sauf en indiquant des dimensions (par exemple 18-22\u00b0C, 20 cm x 40 cm).<\/p>\n<h3>Nombres<\/h3>\n<p>\u00c9crivez (en lettres) les num\u00e9ros un (1) \u00e0 neuf (9), sauf lorsque le nombre est suivi d&rsquo;une unit\u00e9 de mesure. Utilisez des chiffres pour des nombres sup\u00e9rieurs \u00e0 neuf. S\u00e9parez des milliers par un espace plut\u00f4t que par une virgule. Utilisez le format suivant pour pr\u00e9senter les dates dans le texte: 2005-2008, 24 janvier 2009; dans les tableaux: 2009-01-24.<\/p>\n<h3>MANUSCRIT<\/h3>\n<p>Page titre:<\/p>\n<p>Titre<\/p>\n<p>Le titre complet du manuscrit doit \u00eatre bref et inclure le nom commun ou latin de l&rsquo;organisme \u00e9tudi\u00e9. Ne pas inclure les noms d&rsquo;autorit\u00e9, mais incluez l&rsquo;ordre et le nom de la famille entre crochets pour les insectes. Un titre court (maximum de 60 caract\u00e8res, y compris les espaces) devrait \u00eatre fourni.<\/p>\n<p>Identification des auteurs<\/p>\n<p>Utilisez une parution r\u00e9cente de Phytoprotection comme r\u00e9f\u00e9rence et utilisez le m\u00eame format pour les noms et les adresses des auteurs (doivent \u00eatre list\u00e9 dans l&rsquo;ordre dans lequel ils apparaissent dans le titre de l&rsquo;article). Indiquez dans une note de bas de page l&rsquo;affiliation et l&rsquo;adresse courante (y compris l&rsquo;adresse \u00e9lectronique) et les num\u00e9ros de t\u00e9l\u00e9phone et de t\u00e9l\u00e9copieur de l&rsquo;auteur correspondant. Le pr\u00e9nom de chaque auteur doit \u00eatre \u00e9crit en entier.<\/p>\n<p>R\u00e9sum\u00e9<\/p>\n<p>Le r\u00e9sum\u00e9 doit \u00eatre pr\u00e9sent\u00e9 en un seul paragraphe en anglais et un en fran\u00e7ais. N&rsquo;utilisez pas d&rsquo;abr\u00e9viation ou de r\u00e9f\u00e9rence. Soyez concis (maximum de 200 mots pour les articles, maximum de 100 mots pour les communications br\u00e8ves). Inclure une courte description des objectifs, du mat\u00e9riel et m\u00e9thodes, des r\u00e9sultats et de l&rsquo;importance des r\u00e9sultats. Les noms vernaculaires des organismes pertinents ainsi que leur nom latin entre parenth\u00e8ses devraient \u00eatre inclus dans le r\u00e9sum\u00e9. Le contenu des versions anglaise et fran\u00e7aise du r\u00e9sum\u00e9 devrait \u00eatre identique.<\/p>\n<p>Texte<\/p>\n<p>N&rsquo;utilisez pas de notes de bas de page. \u00c0 la premi\u00e8re mention d&rsquo;un organisme, donnez le nom latin et le nom de l&rsquo;autorit\u00e9 entre parenth\u00e8ses. Inclure l&rsquo;ordre et la famille des insectes entre crochets apr\u00e8s l&rsquo;autorit\u00e9 du nom latin. Se r\u00e9f\u00e9rer aux codes internationaux de nomenclature pour les noms accept\u00e9s. Pour le texte qui doit \u00eatre mis en italique, utilisez une police en italique (ne soulignez pas). \u00c0 la premi\u00e8re mention d&rsquo;un pesticide, utilisez son nom commun suivi de son nom chimique entre parenth\u00e8ses. Utilisez la derni\u00e8re version de The Agrochemicals Handbook ou The Pesticide Manual pour la nomenclature des pesticides accept\u00e9e. La nomenclature utilis\u00e9e doit \u00eatre approuv\u00e9e ISO ou BSI. La posologie doit \u00eatre donn\u00e9e dans l&rsquo;ingr\u00e9dient actif (par exemple 1,5 kg a.i. ha-1).<\/p>\n<p>N&rsquo;utilisez que trois niveaux de rubriques de section dans le texte.<\/p>\n<p>Rubriques primaires: MAT\u00c9RIEL ET M\u00c9THODES (lettres majuscules, caract\u00e8res gras)<\/p>\n<p>Rubriques secondaires: D\u00e9termination des param\u00e8tres d&rsquo;infectiosit\u00e9 (Mettre en majuscule uniquement la premi\u00e8re lettre du premier mot et la police en caract\u00e8res gras)<\/p>\n<p>Rubriques tertiaires: Analyse statistique (Mettre en majuscule uniquement la premi\u00e8re lettre du premier mot et la police en italique)<\/p>\n<p>Tous les tableaux et les figures doivent \u00eatre cit\u00e9s dans le texte. Les tableaux et les figures doivent \u00eatre pr\u00e9sent\u00e9s en ordre num\u00e9rique, dans la s\u00e9quence de la premi\u00e8re r\u00e9f\u00e9rence dans le texte. Le dispositif exp\u00e9rimental doit toujours \u00eatre clairement indiqu\u00e9. Les statistiques sommaires devraient \u00eatre suivies d&rsquo;une estimation de la variabilit\u00e9.<\/p>\n<h3>Les r\u00e9f\u00e9rences<\/h3>\n<p>Chaque r\u00e9f\u00e9rence doit \u00eatre cit\u00e9e dans le texte et list\u00e9e dans la section r\u00e9f\u00e9rence. L&rsquo;auteur est responsable de v\u00e9rifier l&rsquo;orthographe et les d\u00e9tails de chaque r\u00e9f\u00e9rence par rapport \u00e0 la publication originale. Utilisez une parution r\u00e9cente de Phytoprotection pour des exemples de format de r\u00e9f\u00e9rence. Incluez tous les noms d&rsquo;auteurs dans la section de r\u00e9f\u00e9rence. Dans le texte, les r\u00e9f\u00e9rences dans les m\u00eames parenth\u00e8ses doivent \u00eatre cit\u00e9es par ordre alphab\u00e9tique et s\u00e9par\u00e9es par un point-virgule.<\/p>\n<p>Le nom des revues scientifques doit \u00eatre abr\u00e9g\u00e9 en utilisant la derni\u00e8re \u00e9dition de Chemical Abstracts Service Source Index (CASSI), (Chemical Abstracts Service, 2540 Olentangy River Road, PO Box 3012, Columbus, OH 43210-0012, USA) ou la derni\u00e8re \u00e9dition de Serial Sources pour le Base de donn\u00e9es BIOSIS Previews\u00ae (BIOSIS\u00ae, 2100 Arch Street, Philadelphie, PA 19103-1399, USA). Dans les cas ambigus, les auteurs doivent \u00e9crire en entier le titre de la revue.<\/p>\n<p>Les noms d&rsquo;auteurs et l&rsquo;ann\u00e9e de publication sont en caract\u00e8res gras. La premi\u00e8re ligne de chaque r\u00e9f\u00e9rence est align\u00e9e sur la gauche et toutes les lignes suivantes sont indent\u00e9es (5 mm). S\u00e9parer les noms des auteurs par des virgules; le dernier nom d&rsquo;auteur est pr\u00e9c\u00e9d\u00e9 d&rsquo;une virgule et de la pr\u00e9position \u00ab\u00a0et\u00a0\u00bb. Ins\u00e9rer un point apr\u00e8s chaque initial du nom d&rsquo;un auteur; ne laissez pas un espace entre les initiales. Les articles en anglais, fran\u00e7ais, espagnol et allemand peuvent \u00eatre cit\u00e9s dans leur langue d&rsquo;origine. Pour d&rsquo;autres langues, placez le titre traduit entre crochets. Toujours laisser un espace avant et apr\u00e8s le double-point suivant le num\u00e9ro de volume et pr\u00e9c\u00e9dant les num\u00e9ros de page.<\/p>\n<p>Citez les r\u00e9f\u00e9rences par ordre alphab\u00e9tique par le nom de l&rsquo;auteur. Les r\u00e9f\u00e9rences d&rsquo;auteur unique pr\u00e9c\u00e8dent celles avec plusieurs auteurs pour le m\u00eame premier auteur, quelle que soit la date de publication. Les r\u00e9f\u00e9rences avec deux auteurs pour le m\u00eame premier auteur sont class\u00e9es par ordre alphab\u00e9tique par le deuxi\u00e8me nom d&rsquo;auteur et chronologiquement par la suite. Les r\u00e9f\u00e9rences avec trois auteurs ou plus sont \u00e9num\u00e9r\u00e9es uniquement par ordre chronologique.<\/p>\n<h3>Les tableaux<\/h3>\n<p>Pr\u00e9sentez chaque tableau sur une page distincte. Les tableaux sont num\u00e9rot\u00e9s avec des chiffres arabes suivis d&rsquo;un point. Utilisez la m\u00eame police et la m\u00eame taille que le texte. N&rsquo;utilisez pas de lignes ou de bordures verticales. Un num\u00e9ro r\u00e9cent du journal devrait \u00eatre consult\u00e9 pour pr\u00e9sentation. Indiquez les notes de bas de page en lettres minuscules en ordre alphab\u00e9tique plut\u00f4t qu&rsquo;en symboles. L&rsquo;utilisation d&rsquo;ast\u00e9risques est limit\u00e9e \u00e0 indiquer des valeurs statistiquement significatives. Donnez des unit\u00e9s de mesure entre parenth\u00e8ses sur la derni\u00e8re ligne de titres des colonnes. Alignez les donn\u00e9es dans les colonnes sur les d\u00e9cimales. Les donn\u00e9es qui ne sont pas disponibles ou ne sont pas applicables sont indiqu\u00e9es par un trait d&rsquo;union double. Les tableaux doivent \u00eatre construits \u00e0 l&rsquo;aide de la fonction \u00ab\u00a0Table\u00a0\u00bb du traitement de texte, sans utiliser la barre d&rsquo;espace.<\/p>\n<h3>Figures et illustrations<\/h3>\n<p>Les figures sont des photographies, des illustrations ou des graphiques en demi-teinte de noir et blanc (ou en couleur). Les figures avec plusieurs pi\u00e8ces cr\u00e9\u00e9es \u00e0 l&rsquo;aide de la m\u00eame application logicielle devraient \u00eatre assembl\u00e9es en un seul fichier plut\u00f4t que sous plusieurs fichiers. Une r\u00e9solution \u00e9lev\u00e9e doit \u00eatre utilis\u00e9e lors de la soumission d&rsquo;illustrations bitmap (pixel). Toutes les figures et les illustrations doivent \u00eatre soumises \u00e0 la taille finale de publication du journal. Les figures soumises dans des tailles sup\u00e9rieures \u00e0 la taille finale maximale suivante seront r\u00e9duites: une colonne, 80 mm de largeur x 230 mm de hauteur; Figure \u00e0 deux colonnes, 172 mm de largeur x 230 mm de hauteur.<\/p>\n<h3>L\u00e9gendes<\/h3>\n<p>Regroupez toutes les l\u00e9gendes des figures sur une page distincte selon une disposition num\u00e9rique. Les figures doivent \u00eatre num\u00e9rot\u00e9es \u00e0 l&rsquo;aide de chiffres arabes dans l&rsquo;ordre dans laquelle elles sont cit\u00e9es dans le texte. Si plusieurs symboles apparaissent sur une figure, incluez une section intitul\u00e9e \u00abAbr\u00e9viations:\u00bb \u00e0 la fin de la l\u00e9gende.<\/p>\n<h3>Graphiques<\/h3>\n<p>Utilisez la m\u00eame taille de police dans la figure ou le groupe de figures. Les lettres devraient avoir une hauteur minimale de 2 mm lorsqu&rsquo;elles sont r\u00e9duites \u00e0 la taille de publication finale. Utilisez uniquement des lettres majuscules, \u00e0 l&rsquo;exception des noms latins. Les dessins lin\u00e9aires pour les courbes, les barres, etc., devraient \u00eatre plus \u00e9pais que ceux des axes.<\/p>\n<h3>Figures<\/h3>\n<p>Les figures composites doivent \u00eatre regroup\u00e9es en une seule plaque sans espace entre les figures adjacentes, laissant des marges d&rsquo;au moins 2,5 cm de tous les c\u00f4t\u00e9s. Chaque \u00e9l\u00e9ment d&rsquo;une figure ou d&rsquo;une plaque composite doit \u00eatre identifi\u00e9 par une lettre majuscule. Les illustrations, les photographies a\u00e9riennes et les micrographies doivent inclure une barre d&rsquo;\u00e9chelle directement sur la figure ou dans la l\u00e9gende.<\/p>\n<h3>Format et organisation du texte<\/h3>\n<p>Tous les manuscrits doivent contenir, dans l&rsquo;ordre suivant: page titre (titre; noms des auteurs; affiliations et adresses des auteurs) (p.1); R\u00e9sum\u00e9 en anglais (p.2) et en fran\u00e7ais (p.3); Texte du manuscrit (Introduction, Mat\u00e9riel et M\u00e9thodes, R\u00e9sultats et Discussion); Remerciements; Les r\u00e9f\u00e9rences; Les tableaux; L\u00e9gende des figures; Figures; Titre court. Ne pas inclure une conclusion ou une section r\u00e9capitulative. Les communications courtes n&rsquo;ont pas de rubriques de section et doivent \u00eatre assembl\u00e9es dans le m\u00eame ordre qu&rsquo;un manuscrit.<\/p>\n<p>Liste de contr\u00f4le de la pr\u00e9paration des pr\u00e9sentations<\/p>\n<p>Dans le cadre du processus de soumission, les auteurs sont tenus de v\u00e9rifier la conformit\u00e9 de leur demande avec tous les \u00e9l\u00e9ments suivants, et les soumissions peuvent \u00eatre retourn\u00e9es aux auteurs qui ne respectent pas ces lignes directrices.<\/p>\n<p>1. La soumission n&rsquo;a pas \u00e9t\u00e9 publi\u00e9e pr\u00e9c\u00e9demment et n&rsquo;a pas \u00e9t\u00e9 soumise avant \u00e0 un autre journal pour examen (ou une explication a \u00e9t\u00e9 fournie dans les commentaires \u00e0 l&rsquo;\u00e9diteur).<\/p>\n<p>2. Le fichier de soumission se trouve dans le format de fichier de document OpenOffice, Microsoft Word ou RTF.<\/p>\n<p>3. Le texte est \u00e0 double interligne, utilise une police de 12 points; utilise des italiques, plut\u00f4t que de souligner (sauf avec les adresses URL); et les lignes sont num\u00e9rot\u00e9es.<\/p>\n<p>4. Le texte respecte les exigences stylistiques et bibliographiques d\u00e9crites plus haut.<\/p>\n<\/div><div class=\"fusion-sep-clear\"><\/div><div class=\"fusion-separator fusion-full-width-sep\" style=\"margin-left: auto;margin-right: auto;margin-top:7px;width:100%;\"><\/div><div class=\"fusion-sep-clear\"><\/div><div class=\"fusion-clearfix\"><\/div><\/div><\/div><\/div><\/div>\n","protected":false},"excerpt":{"rendered":"","protected":false},"author":5,"featured_media":0,"parent":0,"menu_order":0,"comment_status":"closed","ping_status":"closed","template":"100-width.php","meta":{"_price":"","_stock":"","_tribe_ticket_header":"","_tribe_default_ticket_provider":"","_tribe_ticket_capacity":"0","_ticket_start_date":"","_ticket_end_date":"","_tribe_ticket_show_description":"","_tribe_ticket_show_not_going":false,"_tribe_ticket_use_global_stock":"","_tribe_ticket_global_stock_level":"","_global_stock_mode":"","_global_stock_cap":"","_tribe_rsvp_for_event":"","_tribe_ticket_going_count":"","_tribe_ticket_not_going_count":"","_tribe_tickets_list":"[]","_tribe_ticket_has_attendee_info_fields":false,"footnotes":""},"class_list":["post-719","page","type-page","status-publish","hentry"],"yoast_head":"<!-- This site is optimized with the Yoast SEO plugin v27.2 - https:\/\/yoast.com\/product\/yoast-seo-wordpress\/ -->\n<title>Directives aux auteurs - SPPQ<\/title>\n<meta name=\"robots\" content=\"index, follow, max-snippet:-1, max-image-preview:large, max-video-preview:-1\" \/>\n<link rel=\"canonical\" href=\"https:\/\/sppq.qc.ca\/fr\/directives-aux-auteurs\/\" \/>\n<meta property=\"og:locale\" content=\"fr_FR\" \/>\n<meta property=\"og:type\" content=\"article\" \/>\n<meta property=\"og:title\" content=\"Directives aux auteurs - SPPQ\" \/>\n<meta property=\"og:url\" content=\"https:\/\/sppq.qc.ca\/fr\/directives-aux-auteurs\/\" \/>\n<meta property=\"og:site_name\" content=\"SPPQ\" \/>\n<meta property=\"article:modified_time\" content=\"2020-02-18T17:28:11+00:00\" \/>\n<meta name=\"twitter:card\" content=\"summary_large_image\" \/>\n<meta name=\"twitter:label1\" content=\"Dur\u00e9e de lecture estim\u00e9e\" \/>\n\t<meta name=\"twitter:data1\" content=\"14 minutes\" \/>\n<script type=\"application\/ld+json\" class=\"yoast-schema-graph\">{\"@context\":\"https:\/\/schema.org\",\"@graph\":[{\"@type\":\"WebPage\",\"@id\":\"https:\/\/sppq.qc.ca\/fr\/directives-aux-auteurs\/\",\"url\":\"https:\/\/sppq.qc.ca\/fr\/directives-aux-auteurs\/\",\"name\":\"Directives aux auteurs - SPPQ\",\"isPartOf\":{\"@id\":\"https:\/\/sppq.qc.ca\/fr\/#website\"},\"datePublished\":\"2018-10-03T15:43:09+00:00\",\"dateModified\":\"2020-02-18T17:28:11+00:00\",\"breadcrumb\":{\"@id\":\"https:\/\/sppq.qc.ca\/fr\/directives-aux-auteurs\/#breadcrumb\"},\"inLanguage\":\"fr-FR\",\"potentialAction\":[{\"@type\":\"ReadAction\",\"target\":[\"https:\/\/sppq.qc.ca\/fr\/directives-aux-auteurs\/\"]}]},{\"@type\":\"BreadcrumbList\",\"@id\":\"https:\/\/sppq.qc.ca\/fr\/directives-aux-auteurs\/#breadcrumb\",\"itemListElement\":[{\"@type\":\"ListItem\",\"position\":1,\"name\":\"Accueil\",\"item\":\"https:\/\/sppq.qc.ca\/fr\/\"},{\"@type\":\"ListItem\",\"position\":2,\"name\":\"Directives aux auteurs\"}]},{\"@type\":\"WebSite\",\"@id\":\"https:\/\/sppq.qc.ca\/fr\/#website\",\"url\":\"https:\/\/sppq.qc.ca\/fr\/\",\"name\":\"SPPQ\",\"description\":\"\",\"potentialAction\":[{\"@type\":\"SearchAction\",\"target\":{\"@type\":\"EntryPoint\",\"urlTemplate\":\"https:\/\/sppq.qc.ca\/fr\/?s={search_term_string}\"},\"query-input\":{\"@type\":\"PropertyValueSpecification\",\"valueRequired\":true,\"valueName\":\"search_term_string\"}}],\"inLanguage\":\"fr-FR\"}]}<\/script>\n<!-- \/ Yoast SEO plugin. -->","yoast_head_json":{"title":"Directives aux auteurs - SPPQ","robots":{"index":"index","follow":"follow","max-snippet":"max-snippet:-1","max-image-preview":"max-image-preview:large","max-video-preview":"max-video-preview:-1"},"canonical":"https:\/\/sppq.qc.ca\/fr\/directives-aux-auteurs\/","og_locale":"fr_FR","og_type":"article","og_title":"Directives aux auteurs - SPPQ","og_url":"https:\/\/sppq.qc.ca\/fr\/directives-aux-auteurs\/","og_site_name":"SPPQ","article_modified_time":"2020-02-18T17:28:11+00:00","twitter_card":"summary_large_image","twitter_misc":{"Dur\u00e9e de lecture estim\u00e9e":"14 minutes"},"schema":{"@context":"https:\/\/schema.org","@graph":[{"@type":"WebPage","@id":"https:\/\/sppq.qc.ca\/fr\/directives-aux-auteurs\/","url":"https:\/\/sppq.qc.ca\/fr\/directives-aux-auteurs\/","name":"Directives aux auteurs - SPPQ","isPartOf":{"@id":"https:\/\/sppq.qc.ca\/fr\/#website"},"datePublished":"2018-10-03T15:43:09+00:00","dateModified":"2020-02-18T17:28:11+00:00","breadcrumb":{"@id":"https:\/\/sppq.qc.ca\/fr\/directives-aux-auteurs\/#breadcrumb"},"inLanguage":"fr-FR","potentialAction":[{"@type":"ReadAction","target":["https:\/\/sppq.qc.ca\/fr\/directives-aux-auteurs\/"]}]},{"@type":"BreadcrumbList","@id":"https:\/\/sppq.qc.ca\/fr\/directives-aux-auteurs\/#breadcrumb","itemListElement":[{"@type":"ListItem","position":1,"name":"Accueil","item":"https:\/\/sppq.qc.ca\/fr\/"},{"@type":"ListItem","position":2,"name":"Directives aux auteurs"}]},{"@type":"WebSite","@id":"https:\/\/sppq.qc.ca\/fr\/#website","url":"https:\/\/sppq.qc.ca\/fr\/","name":"SPPQ","description":"","potentialAction":[{"@type":"SearchAction","target":{"@type":"EntryPoint","urlTemplate":"https:\/\/sppq.qc.ca\/fr\/?s={search_term_string}"},"query-input":{"@type":"PropertyValueSpecification","valueRequired":true,"valueName":"search_term_string"}}],"inLanguage":"fr-FR"}]}},"jetpack_sharing_enabled":true,"_links":{"self":[{"href":"https:\/\/sppq.qc.ca\/fr\/wp-json\/wp\/v2\/pages\/719","targetHints":{"allow":["GET"]}}],"collection":[{"href":"https:\/\/sppq.qc.ca\/fr\/wp-json\/wp\/v2\/pages"}],"about":[{"href":"https:\/\/sppq.qc.ca\/fr\/wp-json\/wp\/v2\/types\/page"}],"author":[{"embeddable":true,"href":"https:\/\/sppq.qc.ca\/fr\/wp-json\/wp\/v2\/users\/5"}],"replies":[{"embeddable":true,"href":"https:\/\/sppq.qc.ca\/fr\/wp-json\/wp\/v2\/comments?post=719"}],"version-history":[{"count":3,"href":"https:\/\/sppq.qc.ca\/fr\/wp-json\/wp\/v2\/pages\/719\/revisions"}],"predecessor-version":[{"id":1344,"href":"https:\/\/sppq.qc.ca\/fr\/wp-json\/wp\/v2\/pages\/719\/revisions\/1344"}],"wp:attachment":[{"href":"https:\/\/sppq.qc.ca\/fr\/wp-json\/wp\/v2\/media?parent=719"}],"curies":[{"name":"wp","href":"https:\/\/api.w.org\/{rel}","templated":true}]}}