{"id":810,"date":"2018-10-04T00:31:49","date_gmt":"2018-10-03T22:31:49","guid":{"rendered":"https:\/\/sppq.qc.ca\/?page_id=810"},"modified":"2020-02-18T12:28:13","modified_gmt":"2020-02-18T17:28:13","slug":"plan-du-site","status":"publish","type":"page","link":"https:\/\/sppq.qc.ca\/fr\/plan-du-site\/","title":{"rendered":"Plan du site"},"content":{"rendered":"<div class=\"fusion-fullwidth fullwidth-box fusion-builder-row-1 nonhundred-percent-fullwidth non-hundred-percent-height-scrolling\" style=\"--awb-border-radius-top-left:0px;--awb-border-radius-top-right:0px;--awb-border-radius-bottom-right:0px;--awb-border-radius-bottom-left:0px;--awb-flex-wrap:wrap;\" ><div class=\"fusion-builder-row fusion-row\"><div class=\"fusion-layout-column fusion_builder_column fusion-builder-column-0 fusion_builder_column_1_1 1_1 fusion-one-full fusion-column-first fusion-column-last\" style=\"--awb-bg-size:cover;\"><div class=\"fusion-column-wrapper fusion-flex-column-wrapper-legacy\"><div class=\"list_sitemap\" style=\"flex-direction: row; flex-wrap: wrap; display: flex; justify-content: space-around; align-self: flex-start;\">\n<div style=\"flex-basis: 100%;\">\n\n<div class=\"wsp-container\"><h2 class=\"wsp-pages-title\">Pages<\/h2>\n<ul class=\"wsp-pages-list\">\n<li class=\"page_item page-item-670\"><a href=\"https:\/\/sppq.qc.ca\/fr\/100-ans-dhistoire\/\">100 ans d&rsquo;histoire<\/a><\/li>\n<li class=\"page_item page-item-721\"><a href=\"https:\/\/sppq.qc.ca\/fr\/abonnement\/\">Abonnement<\/a><\/li>\n<li class=\"page_item page-item-896\"><a href=\"https:\/\/sppq.qc.ca\/fr\/\">Accueil<\/a><\/li>\n<li class=\"page_item page-item-672\"><a href=\"https:\/\/sppq.qc.ca\/fr\/adhesion\/\">Adh\u00e9sion<\/a><\/li>\n<li class=\"page_item page-item-3356\"><a href=\"https:\/\/sppq.qc.ca\/fr\/bourse-detudes-margaret-newton\/\">Bourse d&rsquo;\u00e9tudes Margaret Newton 2026<\/a><\/li>\n<li class=\"page_item page-item-2954\"><a href=\"https:\/\/sppq.qc.ca\/fr\/bourse-leon-m-tartier\/\">Bourse L\u00e9on-M Tartier 2026<\/a><\/li>\n<li class=\"page_item page-item-694\"><a href=\"https:\/\/sppq.qc.ca\/fr\/bourse-etudiante\/\">Bourses \u00e9tudiantes<\/a><\/li>\n<li class=\"page_item page-item-1185\"><a href=\"https:\/\/sppq.qc.ca\/fr\/boutique\/\">Boutique<\/a><\/li>\n<li class=\"page_item page-item-665\"><a href=\"https:\/\/sppq.qc.ca\/fr\/comites\/\">Comit\u00e9s<\/a><\/li>\n<li class=\"page_item page-item-697\"><a href=\"https:\/\/sppq.qc.ca\/fr\/concours-w-e-sackston\/\">Concours W.E. Sackston<\/a><\/li>\n<li class=\"page_item page-item-3131\"><a href=\"https:\/\/sppq.qc.ca\/fr\/congres-2026\/\">Congr\u00e8s 2026<\/a><\/li>\n<li class=\"page_item page-item-661\"><a href=\"https:\/\/sppq.qc.ca\/fr\/conseil-dadministration\/\">Conseil d&rsquo;administration<\/a><\/li>\n<li class=\"page_item page-item-11\"><a href=\"https:\/\/sppq.qc.ca\/fr\/contact\/\">Contact<\/a><\/li>\n<li class=\"page_item page-item-1213\"><a href=\"https:\/\/sppq.qc.ca\/fr\/content-restricted\/\">Content restricted<\/a><\/li>\n<li class=\"page_item page-item-719\"><a href=\"https:\/\/sppq.qc.ca\/fr\/directives-aux-auteurs\/\">Directives aux auteurs<\/a><\/li>\n<li class=\"page_item page-item-686\"><a href=\"https:\/\/sppq.qc.ca\/fr\/evenements-passes\/\">\u00c9v\u00e9nements pass\u00e9s<\/a><\/li>\n<li class=\"page_item page-item-668\"><a href=\"https:\/\/sppq.qc.ca\/fr\/la-fondation\/\">La fondation<\/a><\/li>\n<li class=\"page_item page-item-9\"><a href=\"https:\/\/sppq.qc.ca\/fr\/la-societe\/\">La soci\u00e9t\u00e9<\/a><\/li>\n<li class=\"page_item page-item-2457\"><a href=\"https:\/\/sppq.qc.ca\/fr\/les-bourses-wladimir-a-smirnoff\/\">Les Bourses Wladimir-A.-Smirnoff<\/a><\/li>\n<li class=\"page_item page-item-908\"><a href=\"https:\/\/sppq.qc.ca\/fr\/les-echos-phytosanitaires\/\">Les \u00c9chos Phytosanitaires<\/a><\/li>\n<li class=\"page_item page-item-1188\"><a href=\"https:\/\/sppq.qc.ca\/fr\/mon-compte\/\">Mon compte<\/a><\/li>\n<li class=\"page_item page-item-3717\"><a href=\"https:\/\/sppq.qc.ca\/fr\/maladies\/\">Noms des maladies des plantes au Canada<\/a><\/li>\n<li class=\"page_item page-item-1307\"><a href=\"https:\/\/sppq.qc.ca\/fr\/paiement-accepted\/\">paiement-accepted<\/a><\/li>\n<li class=\"page_item page-item-2085\"><a href=\"https:\/\/sppq.qc.ca\/fr\/paiement-cancelled\/\">paiement-cancelled<\/a><\/li>\n<li class=\"page_item page-item-1186\"><a href=\"https:\/\/sppq.qc.ca\/fr\/panier\/\">Panier<\/a><\/li>\n<li class=\"page_item page-item-713\"><a href=\"https:\/\/sppq.qc.ca\/fr\/phytoprotection\/\">Phytoprotection<\/a><\/li>\n<li class=\"page_item page-item-810\"><a href=\"https:\/\/sppq.qc.ca\/fr\/plan-du-site\/\">Plan du site<\/a><\/li>\n<li class=\"page_item page-item-717\"><a href=\"https:\/\/sppq.qc.ca\/fr\/politique-editoriale\/\">Politique \u00e9ditoriale<\/a><\/li>\n<li class=\"page_item page-item-13\"><a href=\"https:\/\/sppq.qc.ca\/fr\/publications\/\">Publications<\/a><\/li>\n<li class=\"page_item page-item-1233\"><a href=\"https:\/\/sppq.qc.ca\/fr\/rabais-exclusifs-aux-membres-sppq\/\">Rabais exclusifs aux membres SPPQ<\/a><\/li>\n<li class=\"page_item page-item-1187\"><a href=\"https:\/\/sppq.qc.ca\/fr\/commande\/\">Validation de la commande<\/a><\/li>\n<\/ul>\n<\/div>\n\n<\/div>\n\n<\/div><div class=\"fusion-clearfix\"><\/div><\/div><\/div><\/div><\/div>\n","protected":false},"excerpt":{"rendered":"","protected":false},"author":5,"featured_media":0,"parent":0,"menu_order":0,"comment_status":"closed","ping_status":"closed","template":"","meta":{"_price":"","_stock":"","_tribe_ticket_header":"","_tribe_default_ticket_provider":"","_tribe_ticket_capacity":"0","_ticket_start_date":"","_ticket_end_date":"","_tribe_ticket_show_description":"","_tribe_ticket_show_not_going":false,"_tribe_ticket_use_global_stock":"","_tribe_ticket_global_stock_level":"","_global_stock_mode":"","_global_stock_cap":"","_tribe_rsvp_for_event":"","_tribe_ticket_going_count":"","_tribe_ticket_not_going_count":"","_tribe_tickets_list":"[]","_tribe_ticket_has_attendee_info_fields":false,"footnotes":""},"class_list":["post-810","page","type-page","status-publish","hentry"],"yoast_head":"<!-- This site is optimized with the Yoast SEO plugin v27.2 - https:\/\/yoast.com\/product\/yoast-seo-wordpress\/ -->\n<title>Plan du site - SPPQ<\/title>\n<meta name=\"robots\" content=\"index, follow, max-snippet:-1, max-image-preview:large, max-video-preview:-1\" \/>\n<link rel=\"canonical\" href=\"https:\/\/sppq.qc.ca\/fr\/plan-du-site\/\" \/>\n<meta property=\"og:locale\" content=\"fr_FR\" \/>\n<meta property=\"og:type\" content=\"article\" \/>\n<meta property=\"og:title\" content=\"Plan du site - SPPQ\" \/>\n<meta property=\"og:url\" content=\"https:\/\/sppq.qc.ca\/fr\/plan-du-site\/\" \/>\n<meta property=\"og:site_name\" content=\"SPPQ\" \/>\n<meta property=\"article:modified_time\" content=\"2020-02-18T17:28:13+00:00\" \/>\n<meta name=\"twitter:card\" content=\"summary_large_image\" \/>\n<meta name=\"twitter:label1\" content=\"Dur\u00e9e de lecture estim\u00e9e\" \/>\n\t<meta name=\"twitter:data1\" content=\"1 minute\" \/>\n<script type=\"application\/ld+json\" class=\"yoast-schema-graph\">{\"@context\":\"https:\/\/schema.org\",\"@graph\":[{\"@type\":\"WebPage\",\"@id\":\"https:\/\/sppq.qc.ca\/fr\/plan-du-site\/\",\"url\":\"https:\/\/sppq.qc.ca\/fr\/plan-du-site\/\",\"name\":\"Plan du site - SPPQ\",\"isPartOf\":{\"@id\":\"https:\/\/sppq.qc.ca\/fr\/#website\"},\"datePublished\":\"2018-10-03T22:31:49+00:00\",\"dateModified\":\"2020-02-18T17:28:13+00:00\",\"breadcrumb\":{\"@id\":\"https:\/\/sppq.qc.ca\/fr\/plan-du-site\/#breadcrumb\"},\"inLanguage\":\"fr-FR\",\"potentialAction\":[{\"@type\":\"ReadAction\",\"target\":[\"https:\/\/sppq.qc.ca\/fr\/plan-du-site\/\"]}]},{\"@type\":\"BreadcrumbList\",\"@id\":\"https:\/\/sppq.qc.ca\/fr\/plan-du-site\/#breadcrumb\",\"itemListElement\":[{\"@type\":\"ListItem\",\"position\":1,\"name\":\"Accueil\",\"item\":\"https:\/\/sppq.qc.ca\/fr\/\"},{\"@type\":\"ListItem\",\"position\":2,\"name\":\"Plan du site\"}]},{\"@type\":\"WebSite\",\"@id\":\"https:\/\/sppq.qc.ca\/fr\/#website\",\"url\":\"https:\/\/sppq.qc.ca\/fr\/\",\"name\":\"SPPQ\",\"description\":\"\",\"potentialAction\":[{\"@type\":\"SearchAction\",\"target\":{\"@type\":\"EntryPoint\",\"urlTemplate\":\"https:\/\/sppq.qc.ca\/fr\/?s={search_term_string}\"},\"query-input\":{\"@type\":\"PropertyValueSpecification\",\"valueRequired\":true,\"valueName\":\"search_term_string\"}}],\"inLanguage\":\"fr-FR\"}]}<\/script>\n<!-- \/ Yoast SEO plugin. -->","yoast_head_json":{"title":"Plan du site - SPPQ","robots":{"index":"index","follow":"follow","max-snippet":"max-snippet:-1","max-image-preview":"max-image-preview:large","max-video-preview":"max-video-preview:-1"},"canonical":"https:\/\/sppq.qc.ca\/fr\/plan-du-site\/","og_locale":"fr_FR","og_type":"article","og_title":"Plan du site - SPPQ","og_url":"https:\/\/sppq.qc.ca\/fr\/plan-du-site\/","og_site_name":"SPPQ","article_modified_time":"2020-02-18T17:28:13+00:00","twitter_card":"summary_large_image","twitter_misc":{"Dur\u00e9e de lecture estim\u00e9e":"1 minute"},"schema":{"@context":"https:\/\/schema.org","@graph":[{"@type":"WebPage","@id":"https:\/\/sppq.qc.ca\/fr\/plan-du-site\/","url":"https:\/\/sppq.qc.ca\/fr\/plan-du-site\/","name":"Plan du site - SPPQ","isPartOf":{"@id":"https:\/\/sppq.qc.ca\/fr\/#website"},"datePublished":"2018-10-03T22:31:49+00:00","dateModified":"2020-02-18T17:28:13+00:00","breadcrumb":{"@id":"https:\/\/sppq.qc.ca\/fr\/plan-du-site\/#breadcrumb"},"inLanguage":"fr-FR","potentialAction":[{"@type":"ReadAction","target":["https:\/\/sppq.qc.ca\/fr\/plan-du-site\/"]}]},{"@type":"BreadcrumbList","@id":"https:\/\/sppq.qc.ca\/fr\/plan-du-site\/#breadcrumb","itemListElement":[{"@type":"ListItem","position":1,"name":"Accueil","item":"https:\/\/sppq.qc.ca\/fr\/"},{"@type":"ListItem","position":2,"name":"Plan du site"}]},{"@type":"WebSite","@id":"https:\/\/sppq.qc.ca\/fr\/#website","url":"https:\/\/sppq.qc.ca\/fr\/","name":"SPPQ","description":"","potentialAction":[{"@type":"SearchAction","target":{"@type":"EntryPoint","urlTemplate":"https:\/\/sppq.qc.ca\/fr\/?s={search_term_string}"},"query-input":{"@type":"PropertyValueSpecification","valueRequired":true,"valueName":"search_term_string"}}],"inLanguage":"fr-FR"}]}},"jetpack_sharing_enabled":true,"_links":{"self":[{"href":"https:\/\/sppq.qc.ca\/fr\/wp-json\/wp\/v2\/pages\/810","targetHints":{"allow":["GET"]}}],"collection":[{"href":"https:\/\/sppq.qc.ca\/fr\/wp-json\/wp\/v2\/pages"}],"about":[{"href":"https:\/\/sppq.qc.ca\/fr\/wp-json\/wp\/v2\/types\/page"}],"author":[{"embeddable":true,"href":"https:\/\/sppq.qc.ca\/fr\/wp-json\/wp\/v2\/users\/5"}],"replies":[{"embeddable":true,"href":"https:\/\/sppq.qc.ca\/fr\/wp-json\/wp\/v2\/comments?post=810"}],"version-history":[{"count":3,"href":"https:\/\/sppq.qc.ca\/fr\/wp-json\/wp\/v2\/pages\/810\/revisions"}],"predecessor-version":[{"id":928,"href":"https:\/\/sppq.qc.ca\/fr\/wp-json\/wp\/v2\/pages\/810\/revisions\/928"}],"wp:attachment":[{"href":"https:\/\/sppq.qc.ca\/fr\/wp-json\/wp\/v2\/media?parent=810"}],"curies":[{"name":"wp","href":"https:\/\/api.w.org\/{rel}","templated":true}]}}